{"id":23355,"date":"2023-03-01T08:00:00","date_gmt":"2023-03-01T07:00:00","guid":{"rendered":"https:\/\/e-parts.dk\/vare\/vinterhjul-15-daek-staalfaelg-tpms-jimny-19\/"},"modified":"2024-08-01T10:13:00","modified_gmt":"2024-08-01T08:13:00","slug":"vinterhjul-15-daek-staalfaelg-tpms-jimny-19","status":"publish","type":"product","link":"https:\/\/e-parts.dk\/de\/vare\/vinterhjul-15-daek-staalfaelg-tpms-jimny-19\/","title":{"rendered":"VINTERHJUL 15&#8243; (d\u00e6k, st\u00e5lf\u00e6lg, TPMS), Jimny 19->"},"content":{"rendered":"<p>Bredde: 195<br \/>\nProfil: 80<br \/>\nTommer: 15<br \/>\nD\u00e6km\u00f8nster: V905-KOMPLET<br \/>\nHastighedskode: T<br \/>\nSt\u00f8j: 71 (DB)<br \/>\nBr\u00e6ndstofsforbrug: E<br \/>\nBremseegenskaber: C<br \/>\nSt\u00f8jkategori klasse: 2<br \/>\nLoadindex: 96<br \/>\nForst\u00e6rket: Nej<br \/>\nRPB: Ja<br \/>\nAnbefalet f\u00e6lgst\u00f8rrelse:<br \/>\nF\u00e6lgst\u00f8rrelser:<br \/>\nEAN-kode: 282<br \/>\nEU d\u00e6kkategori: C1<\/p>\n","protected":false},"excerpt":{"rendered":"<p>Bredde: 195 Profil: 80 Tommer: 15 D\u00e6km\u00f8nster: V905-KOMPLET Hastighedskode: T St\u00f8j: 71 (DB) Br\u00e6ndstofsforbrug: E Bremseegenskaber: C St\u00f8jkategori klasse: 2 Loadindex: 96 Forst\u00e6rket: Nej RPB: Ja Anbefalet f\u00e6lgst\u00f8rrelse: F\u00e6lgst\u00f8rrelser: EAN-kode: 282 EU d\u00e6kkategori: C1<\/p>\n","protected":false},"featured_media":23340,"template":"","meta":{"_seopress_robots_primary_cat":"","_seopress_titles_title":"","_seopress_titles_desc":"","_seopress_robots_index":"","_mo_disable_npp":"","iawp_total_views":2},"product_brand":[],"product_cat":[7566],"product_tag":[],"display":[],"carmodels":[],"brands":[],"class_list":{"0":"post-23355","1":"product","2":"type-product","3":"status-publish","4":"has-post-thumbnail","6":"product_cat-ukategoriseret","8":"first","9":"outofstock","10":"taxable","11":"shipping-taxable","12":"purchasable","13":"product-type-simple"},"tiered_pricing_type":"fixed","tiered_pricing_fixed_rules":[],"tiered_pricing_product_settings":{"layout":"default","base_unit_name":{"singular":null,"plural":null},"default_variation":null},"tiered_pricing_minimum_quantity":null,"tiered_pricing_roles_data":[],"tiered_pricing_percentage_rules":[],"_links":{"self":[{"href":"https:\/\/e-parts.dk\/de\/wp-json\/wp\/v2\/product\/23355","targetHints":{"allow":["GET"]}}],"collection":[{"href":"https:\/\/e-parts.dk\/de\/wp-json\/wp\/v2\/product"}],"about":[{"href":"https:\/\/e-parts.dk\/de\/wp-json\/wp\/v2\/types\/product"}],"wp:featuredmedia":[{"embeddable":true,"href":"https:\/\/e-parts.dk\/de\/wp-json\/wp\/v2\/media\/23340"}],"wp:attachment":[{"href":"https:\/\/e-parts.dk\/de\/wp-json\/wp\/v2\/media?parent=23355"}],"wp:term":[{"taxonomy":"product_brand","embeddable":true,"href":"https:\/\/e-parts.dk\/de\/wp-json\/wp\/v2\/product_brand?post=23355"},{"taxonomy":"product_cat","embeddable":true,"href":"https:\/\/e-parts.dk\/de\/wp-json\/wp\/v2\/product_cat?post=23355"},{"taxonomy":"product_tag","embeddable":true,"href":"https:\/\/e-parts.dk\/de\/wp-json\/wp\/v2\/product_tag?post=23355"},{"taxonomy":"display","embeddable":true,"href":"https:\/\/e-parts.dk\/de\/wp-json\/wp\/v2\/display?post=23355"},{"taxonomy":"carmodels","embeddable":true,"href":"https:\/\/e-parts.dk\/de\/wp-json\/wp\/v2\/carmodels?post=23355"},{"taxonomy":"brands","embeddable":true,"href":"https:\/\/e-parts.dk\/de\/wp-json\/wp\/v2\/brands?post=23355"}],"curies":[{"name":"wp","href":"https:\/\/api.w.org\/{rel}","templated":true}]}}