{"id":23091,"date":"2023-03-01T08:00:00","date_gmt":"2023-03-01T07:00:00","guid":{"rendered":"https:\/\/e-parts.dk\/vare\/255-30r20-92w-advan-fleva-v701\/"},"modified":"2024-05-29T09:12:16","modified_gmt":"2024-05-29T07:12:16","slug":"255-30r20-92w-advan-fleva-v701","status":"publish","type":"product","link":"https:\/\/e-parts.dk\/de\/vare\/255-30r20-92w-advan-fleva-v701\/","title":{"rendered":"255\/30R20 92W Advan-Fleva (V701)"},"content":{"rendered":"<p>Bredde: 255<br \/>\nProfil: 30<br \/>\nTommer: 20<br \/>\nD\u00e6km\u00f8nster: V701<br \/>\nHastighedskode: W<br \/>\nSt\u00f8j: 69 (DB)<br \/>\nBr\u00e6ndstofsforbrug: C<br \/>\nBremseegenskaber: A<br \/>\nSt\u00f8jkategori klasse: 0<br \/>\nLoadindex: 92<br \/>\nForst\u00e6rket:<br \/>\nRPB:<br \/>\nAnbefalet f\u00e6lgst\u00f8rrelse:<br \/>\nF\u00e6lgst\u00f8rrelser:<br \/>\nEAN-kode: 4968814900113<br \/>\nEU d\u00e6kkategori: C1<\/p>\n","protected":false},"excerpt":{"rendered":"<p>Bredde: 255 Profil: 30 Tommer: 20 D\u00e6km\u00f8nster: V701 Hastighedskode: W St\u00f8j: 69 (DB) Br\u00e6ndstofsforbrug: C Bremseegenskaber: A St\u00f8jkategori klasse: 0 Loadindex: 92 Forst\u00e6rket: RPB: Anbefalet f\u00e6lgst\u00f8rrelse: F\u00e6lgst\u00f8rrelser: EAN-kode: 4968814900113 EU d\u00e6kkategori: C1<\/p>\n","protected":false},"featured_media":0,"template":"","meta":{"_seopress_robots_primary_cat":"","_seopress_titles_title":"","_seopress_titles_desc":"","_seopress_robots_index":"","_mo_disable_npp":""},"product_brand":[],"product_cat":[7566],"product_tag":[],"display":[],"carmodels":[],"brands":[],"class_list":{"0":"post-23091","1":"product","2":"type-product","3":"status-publish","5":"product_cat-ukategoriseret","7":"first","8":"outofstock","9":"taxable","10":"shipping-taxable","11":"purchasable","12":"product-type-simple"},"tiered_pricing_type":"fixed","tiered_pricing_fixed_rules":[],"tiered_pricing_product_settings":{"layout":"default","base_unit_name":{"singular":null,"plural":null},"default_variation":null},"tiered_pricing_minimum_quantity":null,"tiered_pricing_roles_data":[],"tiered_pricing_percentage_rules":[],"_links":{"self":[{"href":"https:\/\/e-parts.dk\/de\/wp-json\/wp\/v2\/product\/23091","targetHints":{"allow":["GET"]}}],"collection":[{"href":"https:\/\/e-parts.dk\/de\/wp-json\/wp\/v2\/product"}],"about":[{"href":"https:\/\/e-parts.dk\/de\/wp-json\/wp\/v2\/types\/product"}],"wp:attachment":[{"href":"https:\/\/e-parts.dk\/de\/wp-json\/wp\/v2\/media?parent=23091"}],"wp:term":[{"taxonomy":"product_brand","embeddable":true,"href":"https:\/\/e-parts.dk\/de\/wp-json\/wp\/v2\/product_brand?post=23091"},{"taxonomy":"product_cat","embeddable":true,"href":"https:\/\/e-parts.dk\/de\/wp-json\/wp\/v2\/product_cat?post=23091"},{"taxonomy":"product_tag","embeddable":true,"href":"https:\/\/e-parts.dk\/de\/wp-json\/wp\/v2\/product_tag?post=23091"},{"taxonomy":"display","embeddable":true,"href":"https:\/\/e-parts.dk\/de\/wp-json\/wp\/v2\/display?post=23091"},{"taxonomy":"carmodels","embeddable":true,"href":"https:\/\/e-parts.dk\/de\/wp-json\/wp\/v2\/carmodels?post=23091"},{"taxonomy":"brands","embeddable":true,"href":"https:\/\/e-parts.dk\/de\/wp-json\/wp\/v2\/brands?post=23091"}],"curies":[{"name":"wp","href":"https:\/\/api.w.org\/{rel}","templated":true}]}}