{"id":23036,"date":"2023-03-01T08:00:00","date_gmt":"2023-03-01T07:00:00","guid":{"rendered":"https:\/\/e-parts.dk\/vare\/245-40r18-97w-bluearth-winter-v905-xl-ms\/"},"modified":"2024-05-29T09:12:35","modified_gmt":"2024-05-29T07:12:35","slug":"245-40r18-97w-bluearth-winter-v905-xl-ms","status":"publish","type":"product","link":"https:\/\/e-parts.dk\/de\/vare\/245-40r18-97w-bluearth-winter-v905-xl-ms\/","title":{"rendered":"245\/40R18 97W BluEarth-Winter (V905) XL M+S"},"content":{"rendered":"<p>Bredde: 245<br \/>\nProfil: 40<br \/>\nTommer: 18<br \/>\nD\u00e6km\u00f8nster: V905<br \/>\nHastighedskode: W<br \/>\nSt\u00f8j: 72 (DB)<br \/>\nBr\u00e6ndstofsforbrug: C<br \/>\nBremseegenskaber: C<br \/>\nSt\u00f8jkategori klasse: 0<br \/>\nLoadindex: 97<br \/>\nForst\u00e6rket:<br \/>\nRPB:<br \/>\nAnbefalet f\u00e6lgst\u00f8rrelse:<br \/>\nF\u00e6lgst\u00f8rrelser:<br \/>\nEAN-kode: 4968814911676<br \/>\nEU d\u00e6kkategori: C1<\/p>\n","protected":false},"excerpt":{"rendered":"<p>Bredde: 245 Profil: 40 Tommer: 18 D\u00e6km\u00f8nster: V905 Hastighedskode: W St\u00f8j: 72 (DB) Br\u00e6ndstofsforbrug: C Bremseegenskaber: C St\u00f8jkategori klasse: 0 Loadindex: 97 Forst\u00e6rket: RPB: Anbefalet f\u00e6lgst\u00f8rrelse: F\u00e6lgst\u00f8rrelser: EAN-kode: 4968814911676 EU d\u00e6kkategori: C1<\/p>\n","protected":false},"featured_media":0,"template":"","meta":{"_seopress_robots_primary_cat":"","_seopress_titles_title":"","_seopress_titles_desc":"","_seopress_robots_index":"","_mo_disable_npp":""},"product_brand":[],"product_cat":[7566],"product_tag":[],"display":[],"carmodels":[],"brands":[],"class_list":{"0":"post-23036","1":"product","2":"type-product","3":"status-publish","5":"product_cat-ukategoriseret","7":"first","8":"outofstock","9":"taxable","10":"shipping-taxable","11":"purchasable","12":"product-type-simple"},"tiered_pricing_type":"fixed","tiered_pricing_fixed_rules":[],"tiered_pricing_product_settings":{"layout":"default","base_unit_name":{"singular":null,"plural":null},"default_variation":null},"tiered_pricing_minimum_quantity":null,"tiered_pricing_roles_data":[],"tiered_pricing_percentage_rules":[],"_links":{"self":[{"href":"https:\/\/e-parts.dk\/de\/wp-json\/wp\/v2\/product\/23036","targetHints":{"allow":["GET"]}}],"collection":[{"href":"https:\/\/e-parts.dk\/de\/wp-json\/wp\/v2\/product"}],"about":[{"href":"https:\/\/e-parts.dk\/de\/wp-json\/wp\/v2\/types\/product"}],"wp:attachment":[{"href":"https:\/\/e-parts.dk\/de\/wp-json\/wp\/v2\/media?parent=23036"}],"wp:term":[{"taxonomy":"product_brand","embeddable":true,"href":"https:\/\/e-parts.dk\/de\/wp-json\/wp\/v2\/product_brand?post=23036"},{"taxonomy":"product_cat","embeddable":true,"href":"https:\/\/e-parts.dk\/de\/wp-json\/wp\/v2\/product_cat?post=23036"},{"taxonomy":"product_tag","embeddable":true,"href":"https:\/\/e-parts.dk\/de\/wp-json\/wp\/v2\/product_tag?post=23036"},{"taxonomy":"display","embeddable":true,"href":"https:\/\/e-parts.dk\/de\/wp-json\/wp\/v2\/display?post=23036"},{"taxonomy":"carmodels","embeddable":true,"href":"https:\/\/e-parts.dk\/de\/wp-json\/wp\/v2\/carmodels?post=23036"},{"taxonomy":"brands","embeddable":true,"href":"https:\/\/e-parts.dk\/de\/wp-json\/wp\/v2\/brands?post=23036"}],"curies":[{"name":"wp","href":"https:\/\/api.w.org\/{rel}","templated":true}]}}