{"id":22920,"date":"2023-03-01T08:00:00","date_gmt":"2023-03-01T07:00:00","guid":{"rendered":"https:\/\/e-parts.dk\/vare\/235-45r17-94w-adv-neova-ad08r\/"},"modified":"2024-05-03T13:21:40","modified_gmt":"2024-05-03T11:21:40","slug":"235-45r17-94w-adv-neova-ad08r","status":"publish","type":"product","link":"https:\/\/e-parts.dk\/de\/vare\/235-45r17-94w-adv-neova-ad08r\/","title":{"rendered":"235\/45R17 94W ADV. NEOVA AD08R"},"content":{"rendered":"<p>Bredde: 235<br \/>\nProfil: 45<br \/>\nTommer: 17<br \/>\nD\u00e6km\u00f8nster: AD08R<br \/>\nHastighedskode: W<br \/>\nSt\u00f8j: 75 (DB)<br \/>\nBr\u00e6ndstofsforbrug: F<br \/>\nBremseegenskaber: B<br \/>\nSt\u00f8jkategori klasse: 3<br \/>\nLoadindex: 94<br \/>\nForst\u00e6rket: Nej<br \/>\nRPB: Ja<br \/>\nAnbefalet f\u00e6lgst\u00f8rrelse: 8<br \/>\nF\u00e6lgst\u00f8rrelser: 7,5-9,0<br \/>\nEAN-kode: 4968814843144<br \/>\nEU d\u00e6kkategori: C1<\/p>\n","protected":false},"excerpt":{"rendered":"<p>Bredde: 235 Profil: 45 Tommer: 17 D\u00e6km\u00f8nster: AD08R Hastighedskode: W St\u00f8j: 75 (DB) Br\u00e6ndstofsforbrug: F Bremseegenskaber: B St\u00f8jkategori klasse: 3 Loadindex: 94 Forst\u00e6rket: Nej RPB: Ja Anbefalet f\u00e6lgst\u00f8rrelse: 8 F\u00e6lgst\u00f8rrelser: 7,5-9,0 EAN-kode: 4968814843144 EU d\u00e6kkategori: C1<\/p>\n","protected":false},"featured_media":22921,"template":"","meta":{"_seopress_robots_primary_cat":"","_seopress_titles_title":"","_seopress_titles_desc":"","_seopress_robots_index":"","_mo_disable_npp":"","iawp_total_views":0},"product_brand":[],"product_cat":[7566],"product_tag":[],"display":[],"carmodels":[],"brands":[],"class_list":{"0":"post-22920","1":"product","2":"type-product","3":"status-publish","4":"has-post-thumbnail","6":"product_cat-ukategoriseret","8":"first","9":"outofstock","10":"taxable","11":"shipping-taxable","12":"purchasable","13":"product-type-simple"},"tiered_pricing_type":"fixed","tiered_pricing_fixed_rules":[],"tiered_pricing_product_settings":{"layout":"default","base_unit_name":{"singular":null,"plural":null},"default_variation":null},"tiered_pricing_minimum_quantity":null,"tiered_pricing_roles_data":[],"tiered_pricing_percentage_rules":[],"_links":{"self":[{"href":"https:\/\/e-parts.dk\/de\/wp-json\/wp\/v2\/product\/22920","targetHints":{"allow":["GET"]}}],"collection":[{"href":"https:\/\/e-parts.dk\/de\/wp-json\/wp\/v2\/product"}],"about":[{"href":"https:\/\/e-parts.dk\/de\/wp-json\/wp\/v2\/types\/product"}],"wp:featuredmedia":[{"embeddable":true,"href":"https:\/\/e-parts.dk\/de\/wp-json\/wp\/v2\/media\/22921"}],"wp:attachment":[{"href":"https:\/\/e-parts.dk\/de\/wp-json\/wp\/v2\/media?parent=22920"}],"wp:term":[{"taxonomy":"product_brand","embeddable":true,"href":"https:\/\/e-parts.dk\/de\/wp-json\/wp\/v2\/product_brand?post=22920"},{"taxonomy":"product_cat","embeddable":true,"href":"https:\/\/e-parts.dk\/de\/wp-json\/wp\/v2\/product_cat?post=22920"},{"taxonomy":"product_tag","embeddable":true,"href":"https:\/\/e-parts.dk\/de\/wp-json\/wp\/v2\/product_tag?post=22920"},{"taxonomy":"display","embeddable":true,"href":"https:\/\/e-parts.dk\/de\/wp-json\/wp\/v2\/display?post=22920"},{"taxonomy":"carmodels","embeddable":true,"href":"https:\/\/e-parts.dk\/de\/wp-json\/wp\/v2\/carmodels?post=22920"},{"taxonomy":"brands","embeddable":true,"href":"https:\/\/e-parts.dk\/de\/wp-json\/wp\/v2\/brands?post=22920"}],"curies":[{"name":"wp","href":"https:\/\/api.w.org\/{rel}","templated":true}]}}