{"id":22727,"date":"2023-03-01T00:00:00","date_gmt":"2023-02-28T23:00:00","guid":{"rendered":"https:\/\/e-parts.dk\/vare\/225-35zr20-90y-adv-sp-v105\/"},"modified":"2024-05-03T13:21:37","modified_gmt":"2024-05-03T11:21:37","slug":"225-35zr20-90y-adv-sp-v105","status":"publish","type":"product","link":"https:\/\/e-parts.dk\/de\/vare\/225-35zr20-90y-adv-sp-v105\/","title":{"rendered":"225\/35ZR20 (90Y) ADV. SP. V105"},"content":{"rendered":"<p>Bredde: 225<br \/>\nProfil: 35<br \/>\nTommer: 20<br \/>\nD\u00e6km\u00f8nster: V105<br \/>\nHastighedskode: Y<br \/>\nSt\u00f8j: 72 (DB)<br \/>\nBr\u00e6ndstofsforbrug: E<br \/>\nBremseegenskaber: A<br \/>\nSt\u00f8jkategori klasse: 2<br \/>\nLoadindex: 90<br \/>\nForst\u00e6rket: Ja<br \/>\nRPB: Ja<br \/>\nAnbefalet f\u00e6lgst\u00f8rrelse: 8<br \/>\nF\u00e6lgst\u00f8rrelser: 7,5-8,5<br \/>\nEAN-kode: 4968814839383<br \/>\nEU d\u00e6kkategori: C1<\/p>\n","protected":false},"excerpt":{"rendered":"<p>Bredde: 225 Profil: 35 Tommer: 20 D\u00e6km\u00f8nster: V105 Hastighedskode: Y St\u00f8j: 72 (DB) Br\u00e6ndstofsforbrug: E Bremseegenskaber: A St\u00f8jkategori klasse: 2 Loadindex: 90 Forst\u00e6rket: Ja RPB: Ja Anbefalet f\u00e6lgst\u00f8rrelse: 8 F\u00e6lgst\u00f8rrelser: 7,5-8,5 EAN-kode: 4968814839383 EU d\u00e6kkategori: C1<\/p>\n","protected":false},"featured_media":22586,"template":"","meta":{"_seopress_robots_primary_cat":"","_seopress_titles_title":"","_seopress_titles_desc":"","_seopress_robots_index":"","_mo_disable_npp":"","iawp_total_views":0},"product_brand":[],"product_cat":[7566],"product_tag":[],"display":[],"carmodels":[],"brands":[],"class_list":{"0":"post-22727","1":"product","2":"type-product","3":"status-publish","4":"has-post-thumbnail","6":"product_cat-ukategoriseret","8":"first","9":"outofstock","10":"taxable","11":"shipping-taxable","12":"purchasable","13":"product-type-simple"},"tiered_pricing_type":"fixed","tiered_pricing_fixed_rules":[],"tiered_pricing_product_settings":{"layout":"default","base_unit_name":{"singular":null,"plural":null},"default_variation":null},"tiered_pricing_minimum_quantity":null,"tiered_pricing_roles_data":[],"tiered_pricing_percentage_rules":[],"_links":{"self":[{"href":"https:\/\/e-parts.dk\/de\/wp-json\/wp\/v2\/product\/22727","targetHints":{"allow":["GET"]}}],"collection":[{"href":"https:\/\/e-parts.dk\/de\/wp-json\/wp\/v2\/product"}],"about":[{"href":"https:\/\/e-parts.dk\/de\/wp-json\/wp\/v2\/types\/product"}],"wp:featuredmedia":[{"embeddable":true,"href":"https:\/\/e-parts.dk\/de\/wp-json\/wp\/v2\/media\/22586"}],"wp:attachment":[{"href":"https:\/\/e-parts.dk\/de\/wp-json\/wp\/v2\/media?parent=22727"}],"wp:term":[{"taxonomy":"product_brand","embeddable":true,"href":"https:\/\/e-parts.dk\/de\/wp-json\/wp\/v2\/product_brand?post=22727"},{"taxonomy":"product_cat","embeddable":true,"href":"https:\/\/e-parts.dk\/de\/wp-json\/wp\/v2\/product_cat?post=22727"},{"taxonomy":"product_tag","embeddable":true,"href":"https:\/\/e-parts.dk\/de\/wp-json\/wp\/v2\/product_tag?post=22727"},{"taxonomy":"display","embeddable":true,"href":"https:\/\/e-parts.dk\/de\/wp-json\/wp\/v2\/display?post=22727"},{"taxonomy":"carmodels","embeddable":true,"href":"https:\/\/e-parts.dk\/de\/wp-json\/wp\/v2\/carmodels?post=22727"},{"taxonomy":"brands","embeddable":true,"href":"https:\/\/e-parts.dk\/de\/wp-json\/wp\/v2\/brands?post=22727"}],"curies":[{"name":"wp","href":"https:\/\/api.w.org\/{rel}","templated":true}]}}