{"id":22218,"date":"2023-04-20T19:26:38","date_gmt":"2023-04-20T17:26:38","guid":{"rendered":"https:\/\/e-parts.dk\/vare\/nitrilhandschuhe-schwarz\/"},"modified":"2023-04-20T19:26:38","modified_gmt":"2023-04-20T17:26:38","slug":"nitrilhandschuhe-schwarz","status":"publish","type":"product","link":"https:\/\/e-parts.dk\/de\/vare\/nitrilhandschuhe-schwarz\/","title":{"rendered":"Nitrilhandschuhe Schwarz"},"content":{"rendered":"<p>Elastischer Untersuchungshandschuh, der sich w\u00e4hrend des Gebrauchs an die Form der Hand anpasst. Enth\u00e4lt keine Latexproteine, kann also bei Latexallergien sicher verwendet werden.  <a href=\"https:\/\/e-parts.dk\/wp-content\/uploads\/2023\/04\/Produktdatablad_ES4005-0130.pdf\" target=\"_blank\" rel=\"noopener\">Produktblatt<\/a><\/p>\n<p>Nummer im Paket:<\/p>\n<ul>\n<li>M &#8211; 200 St\u00fcck.<\/li>\n<li>L &#8211; 200 St\u00fcck.<\/li>\n<li>XL &#8211; 180 St\u00fcck<\/li>\n<\/ul>\n","protected":false},"excerpt":{"rendered":"<p>Elastischer Untersuchungshandschuh, der sich w\u00e4hrend des Gebrauchs an die Form der Hand anpasst. Enth\u00e4lt keine Latexproteine, kann also bei Latexallergien sicher verwendet werden. Produktblatt Nummer im Paket: M &#8211; 200 St\u00fcck. L &#8211; 200 St\u00fcck. XL &#8211; 180 St\u00fcck<\/p>\n","protected":false},"featured_media":22044,"template":"","meta":{"_seopress_robots_primary_cat":"","_seopress_titles_title":"","_seopress_titles_desc":"","_seopress_robots_index":"","_mo_disable_npp":""},"product_brand":[],"product_cat":[2209,2229],"product_tag":[],"display":[],"carmodels":[],"brands":[],"class_list":{"0":"post-22218","1":"product","2":"type-product","3":"status-publish","4":"has-post-thumbnail","6":"product_cat-handsker-de","7":"product_cat-nitrilhandsker-de","9":"first","10":"outofstock","11":"taxable","12":"shipping-taxable","13":"purchasable","14":"product-type-variable"},"tiered_pricing_type":"fixed","tiered_pricing_fixed_rules":[],"tiered_pricing_product_settings":{"layout":"default","base_unit_name":{"singular":null,"plural":null},"default_variation":null},"tiered_pricing_minimum_quantity":null,"tiered_pricing_roles_data":[],"tiered_pricing_percentage_rules":[],"_links":{"self":[{"href":"https:\/\/e-parts.dk\/de\/wp-json\/wp\/v2\/product\/22218","targetHints":{"allow":["GET"]}}],"collection":[{"href":"https:\/\/e-parts.dk\/de\/wp-json\/wp\/v2\/product"}],"about":[{"href":"https:\/\/e-parts.dk\/de\/wp-json\/wp\/v2\/types\/product"}],"wp:featuredmedia":[{"embeddable":true,"href":"https:\/\/e-parts.dk\/de\/wp-json\/wp\/v2\/media\/22044"}],"wp:attachment":[{"href":"https:\/\/e-parts.dk\/de\/wp-json\/wp\/v2\/media?parent=22218"}],"wp:term":[{"taxonomy":"product_brand","embeddable":true,"href":"https:\/\/e-parts.dk\/de\/wp-json\/wp\/v2\/product_brand?post=22218"},{"taxonomy":"product_cat","embeddable":true,"href":"https:\/\/e-parts.dk\/de\/wp-json\/wp\/v2\/product_cat?post=22218"},{"taxonomy":"product_tag","embeddable":true,"href":"https:\/\/e-parts.dk\/de\/wp-json\/wp\/v2\/product_tag?post=22218"},{"taxonomy":"display","embeddable":true,"href":"https:\/\/e-parts.dk\/de\/wp-json\/wp\/v2\/display?post=22218"},{"taxonomy":"carmodels","embeddable":true,"href":"https:\/\/e-parts.dk\/de\/wp-json\/wp\/v2\/carmodels?post=22218"},{"taxonomy":"brands","embeddable":true,"href":"https:\/\/e-parts.dk\/de\/wp-json\/wp\/v2\/brands?post=22218"}],"curies":[{"name":"wp","href":"https:\/\/api.w.org\/{rel}","templated":true}]}}