{"id":15750,"date":"2022-11-22T10:12:07","date_gmt":"2022-11-22T09:12:07","guid":{"rendered":"https:\/\/e-parts.dk\/?product=nitrilhandsker-bla-str-xl"},"modified":"2023-06-15T21:06:39","modified_gmt":"2023-06-15T19:06:39","slug":"nitrilhandsker-bla-str-xl","status":"publish","type":"product","link":"https:\/\/e-parts.dk\/de\/vare\/nitrilhandsker-bla-str-xl\/","title":{"rendered":"Nitrilhandsker, bl\u00e5 str XL"},"content":{"rendered":"<p>MDR (EU) 2017\/745, (EU) 2016\/425, (EF) nr. 1935\/2004, BEK nr 681 af 25\/05\/2020, (EF) Nr. 2023\/2006<\/p>\n<p>Elastisk unders\u00f8gelseshandske som tilpasser sig h\u00e5ndens form under brug. Kan bruges til en lang r\u00e6kke opgaver s\u00e5som reng\u00f8ringsopgaver, plejeopgaver, h\u00e5ndtering af f\u00f8devarer, laboratorieopgaver, medicinh\u00e5ndtering, cytostatika og hormoncremer. Indeholder ingen latexproteiner, s\u00e5 kan sikkert anvendes ved latexallergi.<\/p>\n","protected":false},"excerpt":{"rendered":"<p>180\/\u00e6ske<\/p>\n","protected":false},"featured_media":27020,"template":"","meta":{"_seopress_robots_primary_cat":"","_seopress_titles_title":"","_seopress_titles_desc":"","_seopress_robots_index":"","_mo_disable_npp":""},"product_brand":[],"product_cat":[2209,2229],"product_tag":[],"display":[8187],"carmodels":[],"brands":[],"class_list":{"0":"post-15750","1":"product","2":"type-product","3":"status-publish","4":"has-post-thumbnail","6":"product_cat-handsker-de","7":"product_cat-nitrilhandsker-de","8":"display-e-supply-slider","10":"first","11":"instock","12":"taxable","13":"shipping-taxable","14":"purchasable","15":"product-type-simple"},"tiered_pricing_type":"fixed","tiered_pricing_fixed_rules":[],"tiered_pricing_product_settings":{"layout":"default","base_unit_name":{"singular":null,"plural":null},"default_variation":null},"tiered_pricing_minimum_quantity":null,"tiered_pricing_roles_data":[],"tiered_pricing_percentage_rules":[],"_links":{"self":[{"href":"https:\/\/e-parts.dk\/de\/wp-json\/wp\/v2\/product\/15750","targetHints":{"allow":["GET"]}}],"collection":[{"href":"https:\/\/e-parts.dk\/de\/wp-json\/wp\/v2\/product"}],"about":[{"href":"https:\/\/e-parts.dk\/de\/wp-json\/wp\/v2\/types\/product"}],"wp:featuredmedia":[{"embeddable":true,"href":"https:\/\/e-parts.dk\/de\/wp-json\/wp\/v2\/media\/27020"}],"wp:attachment":[{"href":"https:\/\/e-parts.dk\/de\/wp-json\/wp\/v2\/media?parent=15750"}],"wp:term":[{"taxonomy":"product_brand","embeddable":true,"href":"https:\/\/e-parts.dk\/de\/wp-json\/wp\/v2\/product_brand?post=15750"},{"taxonomy":"product_cat","embeddable":true,"href":"https:\/\/e-parts.dk\/de\/wp-json\/wp\/v2\/product_cat?post=15750"},{"taxonomy":"product_tag","embeddable":true,"href":"https:\/\/e-parts.dk\/de\/wp-json\/wp\/v2\/product_tag?post=15750"},{"taxonomy":"display","embeddable":true,"href":"https:\/\/e-parts.dk\/de\/wp-json\/wp\/v2\/display?post=15750"},{"taxonomy":"carmodels","embeddable":true,"href":"https:\/\/e-parts.dk\/de\/wp-json\/wp\/v2\/carmodels?post=15750"},{"taxonomy":"brands","embeddable":true,"href":"https:\/\/e-parts.dk\/de\/wp-json\/wp\/v2\/brands?post=15750"}],"curies":[{"name":"wp","href":"https:\/\/api.w.org\/{rel}","templated":true}]}}