{"id":15740,"date":"2022-11-07T08:38:03","date_gmt":"2022-11-07T07:38:03","guid":{"rendered":"https:\/\/e-parts.dk\/?product=teroson-all-in-one-primer-25ml"},"modified":"2023-06-15T21:06:39","modified_gmt":"2023-06-15T19:06:39","slug":"teroson-all-in-one-primer-25ml","status":"publish","type":"product","link":"https:\/\/e-parts.dk\/de\/vare\/teroson-all-in-one-primer-25ml\/","title":{"rendered":"TEROSON ALL-IN-ONE Primer 25ml"},"content":{"rendered":"<p>TEROSON\u00ae BOND All-in-one primer er specifikt formuleret til TEROSON BOND Rudelim applikationssystem som forbehandling til limede overflader. Den fremmer vedh\u00e6ftning og UV-beskyttelse af rudelimen, n\u00e5r den er p\u00e5f\u00f8rt som grundlag for polyuretantr\u00e5den. Velegnet til glas, lak, keramik og indlejrede forruder. Det er muligt at genaktivere en afsk\u00e5ret polyuretantr\u00e5d til rudelimning. Klarg\u00f8ring af overfladen med TEROSON\u00ae BOND Glasrens og TEROSON\u00ae BOND Svamp anbefales.<\/p>\n<p>Hurtig fordampning: Ca. 2 min. selv i koldt milj\u00f8. For 2-komponent rudelim: 15 min.<br \/>\nFremragende vedh\u00e6ftning p\u00e5 glas, keramik, maling og plast<br \/>\nUV-bestandig<br \/>\nAktivering af afsk\u00e5ret polyurethanstreng (efter at have v\u00e6ret \u00e5bnet i mere end 2 timer)<br \/>\nForebyggelse af rust<\/p>\n","protected":false},"excerpt":{"rendered":"<p>25ML<\/p>\n","protected":false},"featured_media":21640,"template":"","meta":{"_seopress_robots_primary_cat":"","_seopress_titles_title":"","_seopress_titles_desc":"","_seopress_robots_index":"","_mo_disable_npp":""},"product_brand":[],"product_cat":[2259,2284],"product_tag":[],"display":[8187],"carmodels":[],"brands":[],"class_list":{"0":"post-15740","1":"product","2":"type-product","3":"status-publish","4":"has-post-thumbnail","6":"product_cat-kemi-de","7":"product_cat-rudelim-de","8":"display-e-supply-slider","10":"first","11":"onbackorder","12":"taxable","13":"shipping-taxable","14":"purchasable","15":"product-type-simple"},"tiered_pricing_type":"fixed","tiered_pricing_fixed_rules":[],"tiered_pricing_product_settings":{"layout":"default","base_unit_name":{"singular":null,"plural":null},"default_variation":null},"tiered_pricing_minimum_quantity":null,"tiered_pricing_roles_data":[],"tiered_pricing_percentage_rules":[],"_links":{"self":[{"href":"https:\/\/e-parts.dk\/de\/wp-json\/wp\/v2\/product\/15740","targetHints":{"allow":["GET"]}}],"collection":[{"href":"https:\/\/e-parts.dk\/de\/wp-json\/wp\/v2\/product"}],"about":[{"href":"https:\/\/e-parts.dk\/de\/wp-json\/wp\/v2\/types\/product"}],"wp:featuredmedia":[{"embeddable":true,"href":"https:\/\/e-parts.dk\/de\/wp-json\/wp\/v2\/media\/21640"}],"wp:attachment":[{"href":"https:\/\/e-parts.dk\/de\/wp-json\/wp\/v2\/media?parent=15740"}],"wp:term":[{"taxonomy":"product_brand","embeddable":true,"href":"https:\/\/e-parts.dk\/de\/wp-json\/wp\/v2\/product_brand?post=15740"},{"taxonomy":"product_cat","embeddable":true,"href":"https:\/\/e-parts.dk\/de\/wp-json\/wp\/v2\/product_cat?post=15740"},{"taxonomy":"product_tag","embeddable":true,"href":"https:\/\/e-parts.dk\/de\/wp-json\/wp\/v2\/product_tag?post=15740"},{"taxonomy":"display","embeddable":true,"href":"https:\/\/e-parts.dk\/de\/wp-json\/wp\/v2\/display?post=15740"},{"taxonomy":"carmodels","embeddable":true,"href":"https:\/\/e-parts.dk\/de\/wp-json\/wp\/v2\/carmodels?post=15740"},{"taxonomy":"brands","embeddable":true,"href":"https:\/\/e-parts.dk\/de\/wp-json\/wp\/v2\/brands?post=15740"}],"curies":[{"name":"wp","href":"https:\/\/api.w.org\/{rel}","templated":true}]}}