{"id":15505,"date":"2021-11-17T10:24:12","date_gmt":"2021-11-17T09:24:12","guid":{"rendered":"https:\/\/e-parts.dk\/?product=tunap-373-elektronikolie"},"modified":"2023-06-15T21:06:24","modified_gmt":"2023-06-15T19:06:24","slug":"tunap-373-elektronikolie","status":"publish","type":"product","link":"https:\/\/e-parts.dk\/de\/vare\/tunap-373-elektronikolie\/","title":{"rendered":"TUNAP 373 Elektronikolie"},"content":{"rendered":"<p>Egenskaber<\/p>\n<p>Beskytter mod kemisk og elektrokemisk korrosion<br \/>\nReducerer slidende friktion p\u00e5 kontakter<br \/>\nUltrafine bel\u00e6gninger p\u00e5 kontaktflader med \u00e6delmetaller som guld, s\u00f8lv, rhodium osv. beskyttes mod slid<br \/>\nT\u00e6tner kontakter mod skadelige ydre p\u00e5virkninger som fugt, st\u00f8v og aggressiv omgivelsesluft<br \/>\nS\u00f8rger for en sikker str\u00f8mf\u00f8ring n\u00e6sten uden tab<br \/>\nNeutral over for isolerende lak og materialer, der finder anvendelse inden for elektronikomr\u00e5det<br \/>\nAnvendelsesomr\u00e5de<\/p>\n<p>Stikforbindelser i motorrummet<br \/>\nDiagnosticeringsstik, str\u00f8mtilslutninger, anh\u00e6ngerstikd\u00e5se, batteripoler, kontakter bag bekl\u00e6dninger<br \/>\nForbindelser i k\u00f8ret\u00f8jets nederste omr\u00e5de som ABS, ASR, EDS osv.<br \/>\nInstruktioner<\/p>\n<p>Spr\u00f8jtes p\u00e5 komponenterne.<\/p>\n","protected":false},"excerpt":{"rendered":"<p>200ml Vandafvisende synteseolie.<\/p>\n","protected":false},"featured_media":15501,"template":"","meta":{"_seopress_robots_primary_cat":"","_seopress_titles_title":"","_seopress_titles_desc":"","_seopress_robots_index":"","_mo_disable_npp":""},"product_brand":[],"product_cat":[2259,2299],"product_tag":[],"display":[],"carmodels":[],"brands":[],"class_list":{"0":"post-15505","1":"product","2":"type-product","3":"status-publish","4":"has-post-thumbnail","6":"product_cat-kemi-de","7":"product_cat-ovrigt-de","9":"first","10":"outofstock","11":"sale","12":"taxable","13":"shipping-taxable","14":"purchasable","15":"product-type-simple"},"tiered_pricing_type":"fixed","tiered_pricing_fixed_rules":[],"tiered_pricing_product_settings":{"layout":"default","base_unit_name":{"singular":null,"plural":null},"default_variation":null},"tiered_pricing_minimum_quantity":null,"tiered_pricing_roles_data":[],"tiered_pricing_percentage_rules":[],"_links":{"self":[{"href":"https:\/\/e-parts.dk\/de\/wp-json\/wp\/v2\/product\/15505","targetHints":{"allow":["GET"]}}],"collection":[{"href":"https:\/\/e-parts.dk\/de\/wp-json\/wp\/v2\/product"}],"about":[{"href":"https:\/\/e-parts.dk\/de\/wp-json\/wp\/v2\/types\/product"}],"wp:featuredmedia":[{"embeddable":true,"href":"https:\/\/e-parts.dk\/de\/wp-json\/wp\/v2\/media\/15501"}],"wp:attachment":[{"href":"https:\/\/e-parts.dk\/de\/wp-json\/wp\/v2\/media?parent=15505"}],"wp:term":[{"taxonomy":"product_brand","embeddable":true,"href":"https:\/\/e-parts.dk\/de\/wp-json\/wp\/v2\/product_brand?post=15505"},{"taxonomy":"product_cat","embeddable":true,"href":"https:\/\/e-parts.dk\/de\/wp-json\/wp\/v2\/product_cat?post=15505"},{"taxonomy":"product_tag","embeddable":true,"href":"https:\/\/e-parts.dk\/de\/wp-json\/wp\/v2\/product_tag?post=15505"},{"taxonomy":"display","embeddable":true,"href":"https:\/\/e-parts.dk\/de\/wp-json\/wp\/v2\/display?post=15505"},{"taxonomy":"carmodels","embeddable":true,"href":"https:\/\/e-parts.dk\/de\/wp-json\/wp\/v2\/carmodels?post=15505"},{"taxonomy":"brands","embeddable":true,"href":"https:\/\/e-parts.dk\/de\/wp-json\/wp\/v2\/brands?post=15505"}],"curies":[{"name":"wp","href":"https:\/\/api.w.org\/{rel}","templated":true}]}}