{"id":1530,"date":"2016-09-28T14:13:00","date_gmt":"2016-09-28T12:13:00","guid":{"rendered":"https:\/\/e-parts.dk\/?product=injektor-direkt-diesel"},"modified":"2023-06-15T19:16:30","modified_gmt":"2023-06-15T17:16:30","slug":"injektor-direkt-diesel","status":"publish","type":"product","link":"https:\/\/e-parts.dk\/de\/vare\/injektor-direkt-diesel\/","title":{"rendered":"Injektor Direkt, Diesel"},"content":{"rendered":"<p><strong>PREMIUM Plus 984 Injektor-direktbeskyttelse diesel.<br \/><\/strong> Ved regelm\u00e6ssig brug beskyttes injektorerne mod br\u00e6ndstofbetingede aflejringer, og forbrugs- og emissionsv\u00e6rdier reduceres til samme niveau som ved et nyt k\u00f8ret\u00f8j. ROA\u00b2-renseteknologien renser direkte p\u00e5 injektorerne og mindsker derved risikoen for dyre udskiftninger af komponenter.<\/p>\n<p><span style=\"color: #00bb00;\">ROA\u00b2 teknologi<\/span><br \/> \u2022 Endnu mere h\u00f8jtydende renseformel p\u00e5 basis af ROA\u00b2 -teknologien<br \/> \u2022 Aflejringer p\u00e5 injektorerne l\u00f8snes og fjernes<br \/> \u2022 Ny tilsodning forebygges<br \/> \u2022 Opl\u00f8ses optimalt i alle (bio)diesel-br\u00e6ndstofblandinger<br \/> \u2022 ROA\u00b2 -trin 1: Renseevnen er tilstr\u00e6kkelig til at fjerne tilsmudsninger, der er opst\u00e5et i l\u00f8bet af op til 20.000 km (svarende til tidsintervallet mellem to eftersyn)<\/p>\n","protected":false},"excerpt":{"rendered":"<p>TUNAP 984<\/p>\n","protected":false},"featured_media":1526,"template":"","meta":{"_seopress_robots_primary_cat":"","_seopress_titles_title":"","_seopress_titles_desc":"","_seopress_robots_index":"","_mo_disable_npp":""},"product_brand":[],"product_cat":[2424,2724,2419],"product_tag":[],"display":[],"carmodels":[],"brands":[],"class_list":{"0":"post-1530","1":"product","2":"type-product","3":"status-publish","4":"has-post-thumbnail","6":"product_cat-affedtning-rens-de","7":"product_cat-tilbud-andre-html-de","8":"product_cat-vaesker-de","10":"first","11":"instock","12":"sale","13":"taxable","14":"shipping-taxable","15":"purchasable","16":"product-type-simple"},"tiered_pricing_type":"fixed","tiered_pricing_fixed_rules":[],"tiered_pricing_product_settings":{"layout":"default","base_unit_name":{"singular":null,"plural":null},"default_variation":null},"tiered_pricing_minimum_quantity":null,"tiered_pricing_roles_data":[],"tiered_pricing_percentage_rules":[],"_links":{"self":[{"href":"https:\/\/e-parts.dk\/de\/wp-json\/wp\/v2\/product\/1530","targetHints":{"allow":["GET"]}}],"collection":[{"href":"https:\/\/e-parts.dk\/de\/wp-json\/wp\/v2\/product"}],"about":[{"href":"https:\/\/e-parts.dk\/de\/wp-json\/wp\/v2\/types\/product"}],"wp:featuredmedia":[{"embeddable":true,"href":"https:\/\/e-parts.dk\/de\/wp-json\/wp\/v2\/media\/1526"}],"wp:attachment":[{"href":"https:\/\/e-parts.dk\/de\/wp-json\/wp\/v2\/media?parent=1530"}],"wp:term":[{"taxonomy":"product_brand","embeddable":true,"href":"https:\/\/e-parts.dk\/de\/wp-json\/wp\/v2\/product_brand?post=1530"},{"taxonomy":"product_cat","embeddable":true,"href":"https:\/\/e-parts.dk\/de\/wp-json\/wp\/v2\/product_cat?post=1530"},{"taxonomy":"product_tag","embeddable":true,"href":"https:\/\/e-parts.dk\/de\/wp-json\/wp\/v2\/product_tag?post=1530"},{"taxonomy":"display","embeddable":true,"href":"https:\/\/e-parts.dk\/de\/wp-json\/wp\/v2\/display?post=1530"},{"taxonomy":"carmodels","embeddable":true,"href":"https:\/\/e-parts.dk\/de\/wp-json\/wp\/v2\/carmodels?post=1530"},{"taxonomy":"brands","embeddable":true,"href":"https:\/\/e-parts.dk\/de\/wp-json\/wp\/v2\/brands?post=1530"}],"curies":[{"name":"wp","href":"https:\/\/api.w.org\/{rel}","templated":true}]}}