{"id":15285,"date":"2021-02-22T07:52:37","date_gmt":"2021-02-22T06:52:37","guid":{"rendered":"https:\/\/e-parts.dk\/?product=bki-instant-kaffe"},"modified":"2023-06-15T21:06:05","modified_gmt":"2023-06-15T19:06:05","slug":"bki-instant-kaffe","status":"publish","type":"product","link":"https:\/\/e-parts.dk\/de\/vare\/bki-instant-kaffe\/","title":{"rendered":"BKI Instant kaffe"},"content":{"rendered":"<p>250g<\/p>\n<p>Mellemristet 100% Colombia Arabica Instant kaffe. Dejlig fyldig kaffesmag af h\u00f8jkvalitetsb\u00f8nner, der sikrer en behagelig bl\u00f8d og rund eftersmag.<\/p>\n","protected":false},"excerpt":{"rendered":"<p>250g pose<\/p>\n","protected":false},"featured_media":29812,"template":"","meta":{"_seopress_robots_primary_cat":"","_seopress_titles_title":"","_seopress_titles_desc":"","_seopress_robots_index":"","_mo_disable_npp":"","iawp_total_views":3},"product_brand":[],"product_cat":[2129,2149],"product_tag":[],"display":[8187],"carmodels":[],"brands":[],"class_list":{"0":"post-15285","1":"product","2":"type-product","3":"status-publish","4":"has-post-thumbnail","6":"product_cat-diverse-de","7":"product_cat-til-varme-drikke-de","8":"display-e-supply-slider","10":"first","11":"instock","12":"taxable","13":"shipping-taxable","14":"purchasable","15":"product-type-simple"},"tiered_pricing_type":"fixed","tiered_pricing_fixed_rules":[],"tiered_pricing_product_settings":{"layout":"default","base_unit_name":{"singular":null,"plural":null},"default_variation":null},"tiered_pricing_minimum_quantity":null,"tiered_pricing_roles_data":[],"tiered_pricing_percentage_rules":[],"_links":{"self":[{"href":"https:\/\/e-parts.dk\/de\/wp-json\/wp\/v2\/product\/15285","targetHints":{"allow":["GET"]}}],"collection":[{"href":"https:\/\/e-parts.dk\/de\/wp-json\/wp\/v2\/product"}],"about":[{"href":"https:\/\/e-parts.dk\/de\/wp-json\/wp\/v2\/types\/product"}],"wp:featuredmedia":[{"embeddable":true,"href":"https:\/\/e-parts.dk\/de\/wp-json\/wp\/v2\/media\/29812"}],"wp:attachment":[{"href":"https:\/\/e-parts.dk\/de\/wp-json\/wp\/v2\/media?parent=15285"}],"wp:term":[{"taxonomy":"product_brand","embeddable":true,"href":"https:\/\/e-parts.dk\/de\/wp-json\/wp\/v2\/product_brand?post=15285"},{"taxonomy":"product_cat","embeddable":true,"href":"https:\/\/e-parts.dk\/de\/wp-json\/wp\/v2\/product_cat?post=15285"},{"taxonomy":"product_tag","embeddable":true,"href":"https:\/\/e-parts.dk\/de\/wp-json\/wp\/v2\/product_tag?post=15285"},{"taxonomy":"display","embeddable":true,"href":"https:\/\/e-parts.dk\/de\/wp-json\/wp\/v2\/display?post=15285"},{"taxonomy":"carmodels","embeddable":true,"href":"https:\/\/e-parts.dk\/de\/wp-json\/wp\/v2\/carmodels?post=15285"},{"taxonomy":"brands","embeddable":true,"href":"https:\/\/e-parts.dk\/de\/wp-json\/wp\/v2\/brands?post=15285"}],"curies":[{"name":"wp","href":"https:\/\/api.w.org\/{rel}","templated":true}]}}