{"id":15055,"date":"2020-11-09T09:21:47","date_gmt":"2020-11-09T08:21:47","guid":{"rendered":"https:\/\/e-parts.dk\/?product=face-shield-visir"},"modified":"2023-06-15T21:05:48","modified_gmt":"2023-06-15T19:05:48","slug":"face-shield-visir","status":"publish","type":"product","link":"https:\/\/e-parts.dk\/de\/vare\/face-shield-visir\/","title":{"rendered":"Face Shield Visir"},"content":{"rendered":"<p>One-size<br \/>\nVisir til beskyttelse af ansigtet mod spr\u00f8jt og st\u00e6nk. Visiret er lavet i One-Size med justerbar rem, som let kan tilpasses hovedest\u00f8rrelse.<br \/>\nVisiret m\u00e5ler 220*320mm<br \/>\nJusterbar rem m\u00e5ler 730*24mm<\/p>\n","protected":false},"excerpt":{"rendered":"<p>One-Size<\/p>\n","protected":false},"featured_media":21465,"template":"","meta":{"_seopress_robots_primary_cat":"","_seopress_titles_title":"","_seopress_titles_desc":"","_seopress_robots_index":"","_mo_disable_npp":""},"product_brand":[],"product_cat":[2104,2114],"product_tag":[],"display":[],"carmodels":[],"brands":[],"class_list":{"0":"post-15055","1":"product","2":"type-product","3":"status-publish","4":"has-post-thumbnail","6":"product_cat-beklaedning-de","7":"product_cat-beskyttelsesbeklaedning-de","9":"first","10":"instock","11":"taxable","12":"shipping-taxable","13":"purchasable","14":"product-type-simple"},"tiered_pricing_type":"fixed","tiered_pricing_fixed_rules":[],"tiered_pricing_product_settings":{"layout":"default","base_unit_name":{"singular":null,"plural":null},"default_variation":null},"tiered_pricing_minimum_quantity":null,"tiered_pricing_roles_data":[],"tiered_pricing_percentage_rules":[],"_links":{"self":[{"href":"https:\/\/e-parts.dk\/de\/wp-json\/wp\/v2\/product\/15055","targetHints":{"allow":["GET"]}}],"collection":[{"href":"https:\/\/e-parts.dk\/de\/wp-json\/wp\/v2\/product"}],"about":[{"href":"https:\/\/e-parts.dk\/de\/wp-json\/wp\/v2\/types\/product"}],"wp:featuredmedia":[{"embeddable":true,"href":"https:\/\/e-parts.dk\/de\/wp-json\/wp\/v2\/media\/21465"}],"wp:attachment":[{"href":"https:\/\/e-parts.dk\/de\/wp-json\/wp\/v2\/media?parent=15055"}],"wp:term":[{"taxonomy":"product_brand","embeddable":true,"href":"https:\/\/e-parts.dk\/de\/wp-json\/wp\/v2\/product_brand?post=15055"},{"taxonomy":"product_cat","embeddable":true,"href":"https:\/\/e-parts.dk\/de\/wp-json\/wp\/v2\/product_cat?post=15055"},{"taxonomy":"product_tag","embeddable":true,"href":"https:\/\/e-parts.dk\/de\/wp-json\/wp\/v2\/product_tag?post=15055"},{"taxonomy":"display","embeddable":true,"href":"https:\/\/e-parts.dk\/de\/wp-json\/wp\/v2\/display?post=15055"},{"taxonomy":"carmodels","embeddable":true,"href":"https:\/\/e-parts.dk\/de\/wp-json\/wp\/v2\/carmodels?post=15055"},{"taxonomy":"brands","embeddable":true,"href":"https:\/\/e-parts.dk\/de\/wp-json\/wp\/v2\/brands?post=15055"}],"curies":[{"name":"wp","href":"https:\/\/api.w.org\/{rel}","templated":true}]}}