{"id":14775,"date":"2020-01-16T14:47:18","date_gmt":"2020-01-16T13:47:18","guid":{"rendered":"https:\/\/e-parts.dk\/?product=crc-rust-off-pro"},"modified":"2023-06-15T21:05:33","modified_gmt":"2023-06-15T19:05:33","slug":"crc-rust-off-pro","status":"publish","type":"product","link":"https:\/\/e-parts.dk\/de\/vare\/crc-rust-off-pro\/","title":{"rendered":"CRC Rust Off Pro"},"content":{"rendered":"<p>t h\u00f8jkvalitets penetrerende produkt, som angriber rust og korrosion, tr\u00e6nger gennem oxider og snavs, s\u00e5 korroderede bolte og mekaniske komponenter l\u00f8snes.<br \/>\nEgenskaber:<br \/>\n\u2022 Hurtigt virkende penetrerende og sm\u00f8rende olie<br \/>\n\u2022 Reducerer friktion<br \/>\n\u2022 Med MoS2-additiv<br \/>\nFordele:<br \/>\n\u2022 Tr\u00e6nger dybt ind i rusten<br \/>\n\u2022 Hurtigtvirkende frigivelse<br \/>\n\u2022 Forebygger ny korrosion<\/p>\n","protected":false},"excerpt":{"rendered":"<p>5L dunk<\/p>\n","protected":false},"featured_media":21330,"template":"","meta":{"_seopress_robots_primary_cat":"","_seopress_titles_title":"","_seopress_titles_desc":"","_seopress_robots_index":"","_mo_disable_npp":""},"product_brand":[],"product_cat":[2424,2724,2259,2299,2419],"product_tag":[],"display":[],"carmodels":[],"brands":[],"class_list":{"0":"post-14775","1":"product","2":"type-product","3":"status-publish","4":"has-post-thumbnail","6":"product_cat-affedtning-rens-de","7":"product_cat-tilbud-andre-html-de","8":"product_cat-kemi-de","9":"product_cat-ovrigt-de","10":"product_cat-vaesker-de","12":"first","13":"onbackorder","14":"sale","15":"taxable","16":"shipping-taxable","17":"purchasable","18":"product-type-simple"},"tiered_pricing_type":"fixed","tiered_pricing_fixed_rules":[],"tiered_pricing_product_settings":{"layout":"default","base_unit_name":{"singular":null,"plural":null},"default_variation":null},"tiered_pricing_minimum_quantity":null,"tiered_pricing_roles_data":[],"tiered_pricing_percentage_rules":[],"_links":{"self":[{"href":"https:\/\/e-parts.dk\/de\/wp-json\/wp\/v2\/product\/14775","targetHints":{"allow":["GET"]}}],"collection":[{"href":"https:\/\/e-parts.dk\/de\/wp-json\/wp\/v2\/product"}],"about":[{"href":"https:\/\/e-parts.dk\/de\/wp-json\/wp\/v2\/types\/product"}],"wp:featuredmedia":[{"embeddable":true,"href":"https:\/\/e-parts.dk\/de\/wp-json\/wp\/v2\/media\/21330"}],"wp:attachment":[{"href":"https:\/\/e-parts.dk\/de\/wp-json\/wp\/v2\/media?parent=14775"}],"wp:term":[{"taxonomy":"product_brand","embeddable":true,"href":"https:\/\/e-parts.dk\/de\/wp-json\/wp\/v2\/product_brand?post=14775"},{"taxonomy":"product_cat","embeddable":true,"href":"https:\/\/e-parts.dk\/de\/wp-json\/wp\/v2\/product_cat?post=14775"},{"taxonomy":"product_tag","embeddable":true,"href":"https:\/\/e-parts.dk\/de\/wp-json\/wp\/v2\/product_tag?post=14775"},{"taxonomy":"display","embeddable":true,"href":"https:\/\/e-parts.dk\/de\/wp-json\/wp\/v2\/display?post=14775"},{"taxonomy":"carmodels","embeddable":true,"href":"https:\/\/e-parts.dk\/de\/wp-json\/wp\/v2\/carmodels?post=14775"},{"taxonomy":"brands","embeddable":true,"href":"https:\/\/e-parts.dk\/de\/wp-json\/wp\/v2\/brands?post=14775"}],"curies":[{"name":"wp","href":"https:\/\/api.w.org\/{rel}","templated":true}]}}