{"id":14760,"date":"2020-01-07T14:08:39","date_gmt":"2020-01-07T13:08:39","guid":{"rendered":"https:\/\/e-parts.dk\/?product=vaerkstedsrulle-1-lags"},"modified":"2023-06-15T21:05:32","modified_gmt":"2023-06-15T19:05:32","slug":"vaerkstedsrulle-1-lags","status":"publish","type":"product","link":"https:\/\/e-parts.dk\/de\/vare\/vaerkstedsrulle-1-lags\/","title":{"rendered":"V\u00e6rkstedsrulle, 1-lags"},"content":{"rendered":"<p>Farve: hvid<br \/>\nIngredienser\/sammens\u00e6tning: 100% nyfiber<br \/>\nAntal lag: 1-lags<br \/>\nL\u00e6ngde:1180 m<br \/>\nBredde:33 cm<br \/>\nDiameter:37,5 cm<br \/>\nTykkelse:1&#215;25 g\/m2<br \/>\nHylsediameter:70 mm<br \/>\nProduktbeskrivelse:<br \/>\nDenne v\u00e6rkstedsrulle er fremstillet af 100% nyfiber, som tilsikrer maksimal sugeevne. Produktet har effektiv absorbering af b\u00e5de olie og vand, og bevarer ogs\u00e5 styrken n\u00e5r papiret er v\u00e5dt. Produktet er velegnet til steder der \u00f8nsker bedst mulig kvalitet til industriaft\u00f8rringspapir. <\/p>\n","protected":false},"excerpt":{"rendered":"<p>33cm x 1180m, hvid<\/p>\n","protected":false},"featured_media":14756,"template":"","meta":{"_seopress_robots_primary_cat":"","_seopress_titles_title":"","_seopress_titles_desc":"","_seopress_robots_index":"","_mo_disable_npp":"","iawp_total_views":0},"product_brand":[],"product_cat":[2309,2304],"product_tag":[],"display":[],"carmodels":[],"brands":[],"class_list":{"0":"post-14760","1":"product","2":"type-product","3":"status-publish","4":"has-post-thumbnail","6":"product_cat-aftorringspapir-de","7":"product_cat-klargoring-de","9":"first","10":"instock","11":"taxable","12":"shipping-taxable","13":"purchasable","14":"product-type-simple"},"tiered_pricing_type":"fixed","tiered_pricing_fixed_rules":[],"tiered_pricing_product_settings":{"layout":"default","base_unit_name":{"singular":null,"plural":null},"default_variation":null},"tiered_pricing_minimum_quantity":null,"tiered_pricing_roles_data":[],"tiered_pricing_percentage_rules":[],"_links":{"self":[{"href":"https:\/\/e-parts.dk\/de\/wp-json\/wp\/v2\/product\/14760","targetHints":{"allow":["GET"]}}],"collection":[{"href":"https:\/\/e-parts.dk\/de\/wp-json\/wp\/v2\/product"}],"about":[{"href":"https:\/\/e-parts.dk\/de\/wp-json\/wp\/v2\/types\/product"}],"wp:featuredmedia":[{"embeddable":true,"href":"https:\/\/e-parts.dk\/de\/wp-json\/wp\/v2\/media\/14756"}],"wp:attachment":[{"href":"https:\/\/e-parts.dk\/de\/wp-json\/wp\/v2\/media?parent=14760"}],"wp:term":[{"taxonomy":"product_brand","embeddable":true,"href":"https:\/\/e-parts.dk\/de\/wp-json\/wp\/v2\/product_brand?post=14760"},{"taxonomy":"product_cat","embeddable":true,"href":"https:\/\/e-parts.dk\/de\/wp-json\/wp\/v2\/product_cat?post=14760"},{"taxonomy":"product_tag","embeddable":true,"href":"https:\/\/e-parts.dk\/de\/wp-json\/wp\/v2\/product_tag?post=14760"},{"taxonomy":"display","embeddable":true,"href":"https:\/\/e-parts.dk\/de\/wp-json\/wp\/v2\/display?post=14760"},{"taxonomy":"carmodels","embeddable":true,"href":"https:\/\/e-parts.dk\/de\/wp-json\/wp\/v2\/carmodels?post=14760"},{"taxonomy":"brands","embeddable":true,"href":"https:\/\/e-parts.dk\/de\/wp-json\/wp\/v2\/brands?post=14760"}],"curies":[{"name":"wp","href":"https:\/\/api.w.org\/{rel}","templated":true}]}}