{"id":14460,"date":"2019-08-09T11:11:30","date_gmt":"2019-08-09T09:11:30","guid":{"rendered":"https:\/\/e-parts.dk\/?product=sort-gaffatape"},"modified":"2023-11-26T00:00:33","modified_gmt":"2023-11-25T23:00:33","slug":"sort-gaffatape","status":"publish","type":"product","link":"https:\/\/e-parts.dk\/de\/vare\/sort-gaffatape\/","title":{"rendered":"Sort Gaffatape"},"content":{"rendered":"<p>Tesa\u00ae 4662 er en st\u00e6rk ducttape. Den best\u00e5r af et b\u00e6remateriale af PET\/bomuld med en v\u00e6vst\u00e6thed p\u00e5 27, der er belagt med en naturgummikl\u00e6ber. tesa\u00ae duct 4662 er en selvkl\u00e6bende tape med typiske egenskaber, som er egnet til mange anvendelsesform\u00e5l.<\/p>\n<p>Egenskaber:<br \/>\nfremragende vedh\u00e6ftning, selv p\u00e5 r\u00e5 og st\u00f8vede overflader (f.eks. mursten og tr\u00e6)<br \/>\nvandafvisende<br \/>\ntilpasningsvenlig<\/p>\n","protected":false},"excerpt":{"rendered":"<p>50mm bred<\/p>\n","protected":false},"featured_media":21285,"template":"","meta":{"_seopress_robots_primary_cat":"","_seopress_titles_title":"","_seopress_titles_desc":"","_seopress_robots_index":"","_mo_disable_npp":"","iawp_total_views":0},"product_brand":[],"product_cat":[2304,2324],"product_tag":[],"display":[],"carmodels":[],"brands":[],"class_list":{"0":"post-14460","1":"product","2":"type-product","3":"status-publish","4":"has-post-thumbnail","6":"product_cat-klargoring-de","7":"product_cat-tape-afdaekning-de","9":"first","10":"onbackorder","11":"taxable","12":"shipping-taxable","13":"purchasable","14":"product-type-simple"},"tiered_pricing_type":"fixed","tiered_pricing_fixed_rules":[],"tiered_pricing_product_settings":{"layout":"default","base_unit_name":{"singular":null,"plural":null},"default_variation":null},"tiered_pricing_minimum_quantity":null,"tiered_pricing_roles_data":[],"tiered_pricing_percentage_rules":[],"_links":{"self":[{"href":"https:\/\/e-parts.dk\/de\/wp-json\/wp\/v2\/product\/14460","targetHints":{"allow":["GET"]}}],"collection":[{"href":"https:\/\/e-parts.dk\/de\/wp-json\/wp\/v2\/product"}],"about":[{"href":"https:\/\/e-parts.dk\/de\/wp-json\/wp\/v2\/types\/product"}],"wp:featuredmedia":[{"embeddable":true,"href":"https:\/\/e-parts.dk\/de\/wp-json\/wp\/v2\/media\/21285"}],"wp:attachment":[{"href":"https:\/\/e-parts.dk\/de\/wp-json\/wp\/v2\/media?parent=14460"}],"wp:term":[{"taxonomy":"product_brand","embeddable":true,"href":"https:\/\/e-parts.dk\/de\/wp-json\/wp\/v2\/product_brand?post=14460"},{"taxonomy":"product_cat","embeddable":true,"href":"https:\/\/e-parts.dk\/de\/wp-json\/wp\/v2\/product_cat?post=14460"},{"taxonomy":"product_tag","embeddable":true,"href":"https:\/\/e-parts.dk\/de\/wp-json\/wp\/v2\/product_tag?post=14460"},{"taxonomy":"display","embeddable":true,"href":"https:\/\/e-parts.dk\/de\/wp-json\/wp\/v2\/display?post=14460"},{"taxonomy":"carmodels","embeddable":true,"href":"https:\/\/e-parts.dk\/de\/wp-json\/wp\/v2\/carmodels?post=14460"},{"taxonomy":"brands","embeddable":true,"href":"https:\/\/e-parts.dk\/de\/wp-json\/wp\/v2\/brands?post=14460"}],"curies":[{"name":"wp","href":"https:\/\/api.w.org\/{rel}","templated":true}]}}