{"id":14285,"date":"2019-04-30T11:53:24","date_gmt":"2019-04-30T09:53:24","guid":{"rendered":"https:\/\/e-parts.dk\/?product=interior-rens"},"modified":"2023-06-15T21:05:16","modified_gmt":"2023-06-15T19:05:16","slug":"interior-rens","status":"publish","type":"product","link":"https:\/\/e-parts.dk\/de\/vare\/interior-rens\/","title":{"rendered":"Interi\u00f8r Rens"},"content":{"rendered":"<p>Interior Care er en h\u00f8jtydende spray, der renser og bevarer dit bilinteri\u00f8r.<br \/>\nRenser, beskytter og bevarer plast, l\u00e6der og gummi. Anti statisk effekt, st\u00f8v og vandafvisende. Beskytter mod lys, s\u00e5 interi\u00f8ret ikke falmer. Ideel til brug p\u00e5 vindueskarme, d\u00f8rgummi og sikkerhedsseler.<\/p>\n","protected":false},"excerpt":{"rendered":"<p>1 d\u00e5se med 500ml\/12 stk per kolli<\/p>\n","protected":false},"featured_media":21265,"template":"","meta":{"_seopress_robots_primary_cat":"","_seopress_titles_title":"","_seopress_titles_desc":"","_seopress_robots_index":"","_mo_disable_npp":"","iawp_total_views":0},"product_brand":[],"product_cat":[2424,2419],"product_tag":[],"display":[],"carmodels":[],"brands":[],"class_list":{"0":"post-14285","1":"product","2":"type-product","3":"status-publish","4":"has-post-thumbnail","6":"product_cat-affedtning-rens-de","7":"product_cat-vaesker-de","9":"first","10":"instock","11":"taxable","12":"shipping-taxable","13":"purchasable","14":"product-type-simple"},"tiered_pricing_type":"fixed","tiered_pricing_fixed_rules":[],"tiered_pricing_product_settings":{"layout":"default","base_unit_name":{"singular":null,"plural":null},"default_variation":null},"tiered_pricing_minimum_quantity":null,"tiered_pricing_roles_data":[],"tiered_pricing_percentage_rules":[],"_links":{"self":[{"href":"https:\/\/e-parts.dk\/de\/wp-json\/wp\/v2\/product\/14285","targetHints":{"allow":["GET"]}}],"collection":[{"href":"https:\/\/e-parts.dk\/de\/wp-json\/wp\/v2\/product"}],"about":[{"href":"https:\/\/e-parts.dk\/de\/wp-json\/wp\/v2\/types\/product"}],"wp:featuredmedia":[{"embeddable":true,"href":"https:\/\/e-parts.dk\/de\/wp-json\/wp\/v2\/media\/21265"}],"wp:attachment":[{"href":"https:\/\/e-parts.dk\/de\/wp-json\/wp\/v2\/media?parent=14285"}],"wp:term":[{"taxonomy":"product_brand","embeddable":true,"href":"https:\/\/e-parts.dk\/de\/wp-json\/wp\/v2\/product_brand?post=14285"},{"taxonomy":"product_cat","embeddable":true,"href":"https:\/\/e-parts.dk\/de\/wp-json\/wp\/v2\/product_cat?post=14285"},{"taxonomy":"product_tag","embeddable":true,"href":"https:\/\/e-parts.dk\/de\/wp-json\/wp\/v2\/product_tag?post=14285"},{"taxonomy":"display","embeddable":true,"href":"https:\/\/e-parts.dk\/de\/wp-json\/wp\/v2\/display?post=14285"},{"taxonomy":"carmodels","embeddable":true,"href":"https:\/\/e-parts.dk\/de\/wp-json\/wp\/v2\/carmodels?post=14285"},{"taxonomy":"brands","embeddable":true,"href":"https:\/\/e-parts.dk\/de\/wp-json\/wp\/v2\/brands?post=14285"}],"curies":[{"name":"wp","href":"https:\/\/api.w.org\/{rel}","templated":true}]}}