{"id":14035,"date":"2019-01-21T08:11:39","date_gmt":"2019-01-21T07:11:39","guid":{"rendered":"https:\/\/e-parts.dk\/?product=ox-on-workers-comfort"},"modified":"2023-06-15T21:05:01","modified_gmt":"2023-06-15T19:05:01","slug":"ox-on-workers-comfort","status":"publish","type":"product","link":"https:\/\/e-parts.dk\/de\/vare\/ox-on-workers-comfort\/","title":{"rendered":"OX-ON Workers comfort"},"content":{"rendered":"<p>OX-ON Worker Comfort 2301 er til dig, der arbejder med fx montering, p\u00e5 lager eller inden for let industri og har behov for en god og smidig handske. Handsken er fremstillet i bl\u00f8dt gedeskind, der er b\u00e5de slidst\u00e6rkt og giver dig en optimal fingerf\u00f8ling. Worker Comfort 2301 er en slip-on model, s\u00e5 du hurtigt og nemt kan tage handsken af og p\u00e5. Handskens overh\u00e5nd er forsynet med en indsyet elastik, s\u00e5 du oplever en ekstra god pasform. Med OX-ON Worker Comfort 2301 f\u00e5r du en handske i h\u00f8j kvalitet til en fornuftig pris, og som du kan bruge til mange form\u00e5l. Den popul\u00e6re OX-ON arbejdshandske har p\u00e5 alle m\u00e5der h\u00e6vet standarden inden for montagehandsker i branchen.<\/p>\n","protected":false},"excerpt":{"rendered":"<p>L\u00e6kker, bl\u00f8d skindhandske<\/p>\n","protected":false},"featured_media":21190,"template":"","meta":{"_seopress_robots_primary_cat":"","_seopress_titles_title":"","_seopress_titles_desc":"","_seopress_robots_index":"","_mo_disable_npp":"","iawp_total_views":0},"product_brand":[],"product_cat":[2214,2209],"product_tag":[],"display":[],"carmodels":[],"brands":[],"class_list":{"0":"post-14035","1":"product","2":"type-product","3":"status-publish","4":"has-post-thumbnail","6":"product_cat-arbejdshandsker-de","7":"product_cat-handsker-de","9":"first","10":"instock","11":"taxable","12":"shipping-taxable","13":"purchasable","14":"product-type-simple"},"tiered_pricing_type":"fixed","tiered_pricing_fixed_rules":[],"tiered_pricing_product_settings":{"layout":"default","base_unit_name":{"singular":null,"plural":null},"default_variation":null},"tiered_pricing_minimum_quantity":null,"tiered_pricing_roles_data":[],"tiered_pricing_percentage_rules":[],"_links":{"self":[{"href":"https:\/\/e-parts.dk\/de\/wp-json\/wp\/v2\/product\/14035","targetHints":{"allow":["GET"]}}],"collection":[{"href":"https:\/\/e-parts.dk\/de\/wp-json\/wp\/v2\/product"}],"about":[{"href":"https:\/\/e-parts.dk\/de\/wp-json\/wp\/v2\/types\/product"}],"wp:featuredmedia":[{"embeddable":true,"href":"https:\/\/e-parts.dk\/de\/wp-json\/wp\/v2\/media\/21190"}],"wp:attachment":[{"href":"https:\/\/e-parts.dk\/de\/wp-json\/wp\/v2\/media?parent=14035"}],"wp:term":[{"taxonomy":"product_brand","embeddable":true,"href":"https:\/\/e-parts.dk\/de\/wp-json\/wp\/v2\/product_brand?post=14035"},{"taxonomy":"product_cat","embeddable":true,"href":"https:\/\/e-parts.dk\/de\/wp-json\/wp\/v2\/product_cat?post=14035"},{"taxonomy":"product_tag","embeddable":true,"href":"https:\/\/e-parts.dk\/de\/wp-json\/wp\/v2\/product_tag?post=14035"},{"taxonomy":"display","embeddable":true,"href":"https:\/\/e-parts.dk\/de\/wp-json\/wp\/v2\/display?post=14035"},{"taxonomy":"carmodels","embeddable":true,"href":"https:\/\/e-parts.dk\/de\/wp-json\/wp\/v2\/carmodels?post=14035"},{"taxonomy":"brands","embeddable":true,"href":"https:\/\/e-parts.dk\/de\/wp-json\/wp\/v2\/brands?post=14035"}],"curies":[{"name":"wp","href":"https:\/\/api.w.org\/{rel}","templated":true}]}}