{"id":13810,"date":"2018-04-18T15:56:50","date_gmt":"2018-04-18T13:56:50","guid":{"rendered":"https:\/\/e-parts.dk\/?product=benzin-additiv"},"modified":"2023-06-15T21:04:53","modified_gmt":"2023-06-15T19:04:53","slug":"benzin-additiv","status":"publish","type":"product","link":"https:\/\/e-parts.dk\/de\/vare\/benzin-additiv\/","title":{"rendered":"Benzin Additiv"},"content":{"rendered":"<p>1 kasse med 6 x 200ml<\/p>\n","protected":false},"excerpt":{"rendered":"<p>6 stk\/kasse<\/p>\n<p>J\u00e6vn og ensartet br\u00e6ndstofforsyning til karburator og indspr\u00f8jtningsmotorer.<br \/>\nBeskytter mod korrosion.<br \/>\nF\u00f8rsteklasses renhed i indl\u00f8bsventilen.<br \/>\nForhindrer aflejringer i br\u00e6ndstofindspr\u00f8jtningssystemet og indl\u00f8bsventilen.<br \/>\nBedre ydeevne ved koldstart af k\u00f8ret\u00f8jet.<br \/>\nForenelig med ethanol (E10). <\/p>\n","protected":false},"featured_media":21150,"template":"","meta":{"_seopress_robots_primary_cat":"","_seopress_titles_title":"","_seopress_titles_desc":"","_seopress_robots_index":"","_mo_disable_npp":"","iawp_total_views":0},"product_brand":[],"product_cat":[2499,2419],"product_tag":[],"display":[],"carmodels":[],"brands":[],"class_list":{"0":"post-13810","1":"product","2":"type-product","3":"status-publish","4":"has-post-thumbnail","6":"product_cat-additiver-de","7":"product_cat-vaesker-de","9":"first","10":"onbackorder","11":"taxable","12":"shipping-taxable","13":"purchasable","14":"product-type-simple"},"tiered_pricing_type":"fixed","tiered_pricing_fixed_rules":[],"tiered_pricing_product_settings":{"layout":"default","base_unit_name":{"singular":null,"plural":null},"default_variation":null},"tiered_pricing_minimum_quantity":null,"tiered_pricing_roles_data":[],"tiered_pricing_percentage_rules":[],"_links":{"self":[{"href":"https:\/\/e-parts.dk\/de\/wp-json\/wp\/v2\/product\/13810","targetHints":{"allow":["GET"]}}],"collection":[{"href":"https:\/\/e-parts.dk\/de\/wp-json\/wp\/v2\/product"}],"about":[{"href":"https:\/\/e-parts.dk\/de\/wp-json\/wp\/v2\/types\/product"}],"wp:featuredmedia":[{"embeddable":true,"href":"https:\/\/e-parts.dk\/de\/wp-json\/wp\/v2\/media\/21150"}],"wp:attachment":[{"href":"https:\/\/e-parts.dk\/de\/wp-json\/wp\/v2\/media?parent=13810"}],"wp:term":[{"taxonomy":"product_brand","embeddable":true,"href":"https:\/\/e-parts.dk\/de\/wp-json\/wp\/v2\/product_brand?post=13810"},{"taxonomy":"product_cat","embeddable":true,"href":"https:\/\/e-parts.dk\/de\/wp-json\/wp\/v2\/product_cat?post=13810"},{"taxonomy":"product_tag","embeddable":true,"href":"https:\/\/e-parts.dk\/de\/wp-json\/wp\/v2\/product_tag?post=13810"},{"taxonomy":"display","embeddable":true,"href":"https:\/\/e-parts.dk\/de\/wp-json\/wp\/v2\/display?post=13810"},{"taxonomy":"carmodels","embeddable":true,"href":"https:\/\/e-parts.dk\/de\/wp-json\/wp\/v2\/carmodels?post=13810"},{"taxonomy":"brands","embeddable":true,"href":"https:\/\/e-parts.dk\/de\/wp-json\/wp\/v2\/brands?post=13810"}],"curies":[{"name":"wp","href":"https:\/\/api.w.org\/{rel}","templated":true}]}}