{"id":13785,"date":"2018-04-19T07:38:25","date_gmt":"2018-04-19T05:38:25","guid":{"rendered":"https:\/\/e-parts.dk\/?product=5-56-universalspray-clever-straw"},"modified":"2023-06-15T21:04:51","modified_gmt":"2023-06-15T19:04:51","slug":"5-56-universalspray-clever-straw","status":"publish","type":"product","link":"https:\/\/e-parts.dk\/de\/vare\/5-56-universalspray-clever-straw\/","title":{"rendered":"5-56 Universalspray Clever Straw"},"content":{"rendered":"<p>200ml spray<\/p>\n","protected":false},"excerpt":{"rendered":"<p>Universal Spray. L\u00f8sner fastrustede dele. Fortr\u00e6nger fugt, g\u00f8r det muligt at starte v\u00e5de motorer, forhindrer elektrisk fejl. Sm\u00f8rer, forhindrer knirken og knagen, frig\u00f8r mekanismer, der har sat sig fast. Beskytter metaller mod fugt og korrosiv atmosf\u00e6re, forhindrer rust.<\/p>\n","protected":false},"featured_media":21130,"template":"","meta":{"_seopress_robots_primary_cat":"","_seopress_titles_title":"","_seopress_titles_desc":"","_seopress_robots_index":"","_mo_disable_npp":""},"product_brand":[],"product_cat":[2259,2294],"product_tag":[],"display":[],"carmodels":[],"brands":[],"class_list":{"0":"post-13785","1":"product","2":"type-product","3":"status-publish","4":"has-post-thumbnail","6":"product_cat-kemi-de","7":"product_cat-smorremidler-de","9":"first","10":"instock","11":"taxable","12":"shipping-taxable","13":"purchasable","14":"product-type-simple"},"tiered_pricing_type":"fixed","tiered_pricing_fixed_rules":[],"tiered_pricing_product_settings":{"layout":"default","base_unit_name":{"singular":null,"plural":null},"default_variation":null},"tiered_pricing_minimum_quantity":null,"tiered_pricing_roles_data":[],"tiered_pricing_percentage_rules":[],"_links":{"self":[{"href":"https:\/\/e-parts.dk\/de\/wp-json\/wp\/v2\/product\/13785","targetHints":{"allow":["GET"]}}],"collection":[{"href":"https:\/\/e-parts.dk\/de\/wp-json\/wp\/v2\/product"}],"about":[{"href":"https:\/\/e-parts.dk\/de\/wp-json\/wp\/v2\/types\/product"}],"wp:featuredmedia":[{"embeddable":true,"href":"https:\/\/e-parts.dk\/de\/wp-json\/wp\/v2\/media\/21130"}],"wp:attachment":[{"href":"https:\/\/e-parts.dk\/de\/wp-json\/wp\/v2\/media?parent=13785"}],"wp:term":[{"taxonomy":"product_brand","embeddable":true,"href":"https:\/\/e-parts.dk\/de\/wp-json\/wp\/v2\/product_brand?post=13785"},{"taxonomy":"product_cat","embeddable":true,"href":"https:\/\/e-parts.dk\/de\/wp-json\/wp\/v2\/product_cat?post=13785"},{"taxonomy":"product_tag","embeddable":true,"href":"https:\/\/e-parts.dk\/de\/wp-json\/wp\/v2\/product_tag?post=13785"},{"taxonomy":"display","embeddable":true,"href":"https:\/\/e-parts.dk\/de\/wp-json\/wp\/v2\/display?post=13785"},{"taxonomy":"carmodels","embeddable":true,"href":"https:\/\/e-parts.dk\/de\/wp-json\/wp\/v2\/carmodels?post=13785"},{"taxonomy":"brands","embeddable":true,"href":"https:\/\/e-parts.dk\/de\/wp-json\/wp\/v2\/brands?post=13785"}],"curies":[{"name":"wp","href":"https:\/\/api.w.org\/{rel}","templated":true}]}}