{"id":13650,"date":"2018-02-23T09:43:46","date_gmt":"2018-02-23T08:43:46","guid":{"rendered":"https:\/\/e-parts.dk\/?product=microfiberklude-rosa"},"modified":"2023-06-15T21:04:47","modified_gmt":"2023-06-15T19:04:47","slug":"microfiberklude-rosa","status":"publish","type":"product","link":"https:\/\/e-parts.dk\/de\/vare\/microfiberklude-rosa\/","title":{"rendered":"Microfiberklude, rosa"},"content":{"rendered":"<p>Denne mikrofiberklud er en ekstra kraftig kvalitet, som er fantastisk at arbejde med.<br \/>\nMikrofiberklude er s\u00e6rdeles egnet til aft\u00f8rring og opsamling af st\u00f8v, samt aft\u00f8rring og polering af glas og blanke overflader.<br \/>\nMikrofiberklude kan bruges p\u00e5 de fleste lakerede og malede overflader, p\u00e5 metal, glas, porcel\u00e6n og plastmaterialer.<br \/>\nDa mikrofiber affedter anbefales det et bruge handsker.<\/p>\n<p>80% polyester, 20% polyamid<br \/>\n40 x 40 cm<br \/>\n300 g\/m2<br \/>\n0,13 denier mikrofiber<br \/>\nVask ved 85 \u00b0C<\/p>\n","protected":false},"excerpt":{"rendered":"<p>20 stk. microfiberklud i ekstra kraftig kvalitet.<\/p>\n","protected":false},"featured_media":13646,"template":"","meta":{"_seopress_robots_primary_cat":"","_seopress_titles_title":"","_seopress_titles_desc":"","_seopress_robots_index":"","_mo_disable_npp":"","iawp_total_views":0},"product_brand":[],"product_cat":[2304,2314],"product_tag":[],"display":[],"carmodels":[],"brands":[],"class_list":{"0":"post-13650","1":"product","2":"type-product","3":"status-publish","4":"has-post-thumbnail","6":"product_cat-klargoring-de","7":"product_cat-klude-de","9":"first","10":"instock","11":"taxable","12":"shipping-taxable","13":"purchasable","14":"product-type-simple"},"tiered_pricing_type":"fixed","tiered_pricing_fixed_rules":[],"tiered_pricing_product_settings":{"layout":"default","base_unit_name":{"singular":null,"plural":null},"default_variation":null},"tiered_pricing_minimum_quantity":null,"tiered_pricing_roles_data":[],"tiered_pricing_percentage_rules":[],"_links":{"self":[{"href":"https:\/\/e-parts.dk\/de\/wp-json\/wp\/v2\/product\/13650","targetHints":{"allow":["GET"]}}],"collection":[{"href":"https:\/\/e-parts.dk\/de\/wp-json\/wp\/v2\/product"}],"about":[{"href":"https:\/\/e-parts.dk\/de\/wp-json\/wp\/v2\/types\/product"}],"wp:featuredmedia":[{"embeddable":true,"href":"https:\/\/e-parts.dk\/de\/wp-json\/wp\/v2\/media\/13646"}],"wp:attachment":[{"href":"https:\/\/e-parts.dk\/de\/wp-json\/wp\/v2\/media?parent=13650"}],"wp:term":[{"taxonomy":"product_brand","embeddable":true,"href":"https:\/\/e-parts.dk\/de\/wp-json\/wp\/v2\/product_brand?post=13650"},{"taxonomy":"product_cat","embeddable":true,"href":"https:\/\/e-parts.dk\/de\/wp-json\/wp\/v2\/product_cat?post=13650"},{"taxonomy":"product_tag","embeddable":true,"href":"https:\/\/e-parts.dk\/de\/wp-json\/wp\/v2\/product_tag?post=13650"},{"taxonomy":"display","embeddable":true,"href":"https:\/\/e-parts.dk\/de\/wp-json\/wp\/v2\/display?post=13650"},{"taxonomy":"carmodels","embeddable":true,"href":"https:\/\/e-parts.dk\/de\/wp-json\/wp\/v2\/carmodels?post=13650"},{"taxonomy":"brands","embeddable":true,"href":"https:\/\/e-parts.dk\/de\/wp-json\/wp\/v2\/brands?post=13650"}],"curies":[{"name":"wp","href":"https:\/\/api.w.org\/{rel}","templated":true}]}}