{"id":12827,"date":"2017-03-01T12:03:59","date_gmt":"2017-03-01T11:03:59","guid":{"rendered":"https:\/\/e-parts.dk\/?product=sko-hksdk"},"modified":"2023-06-15T21:04:25","modified_gmt":"2023-06-15T19:04:25","slug":"sko-hksdk","status":"publish","type":"product","link":"https:\/\/e-parts.dk\/de\/vare\/sko-hksdk\/","title":{"rendered":"Sko, HKSDK"},"content":{"rendered":"<p><strong>Indhold<\/strong> <br \/>1 par.<\/p>\n<p><strong>Beskrivelse<\/strong><\/p>\n<ul>\n<li><span style=\"font-size: 13px;\">HKSDK model R3 er en letv\u00e6gts-sikkerhedssko med en v\u00e6gt p\u00e5 kun 490 gram.<\/span><\/li>\n<li><span style=\"font-size: 13px;\">Super soft og ultra let. <\/span><\/li>\n<li><span style=\"font-size: 13px;\">air-s\u00e5ler\u00a0<\/span><\/li>\n<li><span style=\"font-size: 13px;\">\u201dlight weight tech\u201d<\/span><\/li>\n<\/ul>\n","protected":false},"excerpt":{"rendered":"<p>SKAFFEVARE! Levering 1-3 dage<\/p>\n","protected":false},"featured_media":20985,"template":"","meta":{"_seopress_robots_primary_cat":"","_seopress_titles_title":"","_seopress_titles_desc":"","_seopress_robots_index":"","_mo_disable_npp":"","iawp_total_views":0},"product_brand":[],"product_cat":[2104,2119],"product_tag":[],"display":[],"carmodels":[],"brands":[],"class_list":{"0":"post-12827","1":"product","2":"type-product","3":"status-publish","4":"has-post-thumbnail","6":"product_cat-beklaedning-de","7":"product_cat-fodtoj-sko-de","9":"first","10":"onbackorder","11":"taxable","12":"shipping-taxable","13":"product-type-variable"},"tiered_pricing_type":"fixed","tiered_pricing_fixed_rules":[],"tiered_pricing_product_settings":{"layout":"default","base_unit_name":{"singular":null,"plural":null},"default_variation":null},"tiered_pricing_minimum_quantity":null,"tiered_pricing_roles_data":[],"tiered_pricing_percentage_rules":[],"_links":{"self":[{"href":"https:\/\/e-parts.dk\/de\/wp-json\/wp\/v2\/product\/12827","targetHints":{"allow":["GET"]}}],"collection":[{"href":"https:\/\/e-parts.dk\/de\/wp-json\/wp\/v2\/product"}],"about":[{"href":"https:\/\/e-parts.dk\/de\/wp-json\/wp\/v2\/types\/product"}],"wp:featuredmedia":[{"embeddable":true,"href":"https:\/\/e-parts.dk\/de\/wp-json\/wp\/v2\/media\/20985"}],"wp:attachment":[{"href":"https:\/\/e-parts.dk\/de\/wp-json\/wp\/v2\/media?parent=12827"}],"wp:term":[{"taxonomy":"product_brand","embeddable":true,"href":"https:\/\/e-parts.dk\/de\/wp-json\/wp\/v2\/product_brand?post=12827"},{"taxonomy":"product_cat","embeddable":true,"href":"https:\/\/e-parts.dk\/de\/wp-json\/wp\/v2\/product_cat?post=12827"},{"taxonomy":"product_tag","embeddable":true,"href":"https:\/\/e-parts.dk\/de\/wp-json\/wp\/v2\/product_tag?post=12827"},{"taxonomy":"display","embeddable":true,"href":"https:\/\/e-parts.dk\/de\/wp-json\/wp\/v2\/display?post=12827"},{"taxonomy":"carmodels","embeddable":true,"href":"https:\/\/e-parts.dk\/de\/wp-json\/wp\/v2\/carmodels?post=12827"},{"taxonomy":"brands","embeddable":true,"href":"https:\/\/e-parts.dk\/de\/wp-json\/wp\/v2\/brands?post=12827"}],"curies":[{"name":"wp","href":"https:\/\/api.w.org\/{rel}","templated":true}]}}