{"id":12415,"date":"2017-02-21T06:45:25","date_gmt":"2017-02-21T05:45:25","guid":{"rendered":"https:\/\/e-parts.dk\/?product=interiorpleje"},"modified":"2023-06-15T21:03:41","modified_gmt":"2023-06-15T19:03:41","slug":"interiorpleje","status":"publish","type":"product","link":"https:\/\/e-parts.dk\/de\/vare\/interiorpleje\/","title":{"rendered":"Interi\u00f8rpleje"},"content":{"rendered":"<p>Fuldsyntetisk overfladepleje med snavs-og st\u00f8vafvisende silkeglans.<\/p>\n<p>Egenskaber<\/p>\n<p>\u2022Renser og forhindrer aktivt nydannelse af snavs og st\u00f8voptagelse<br \/>\u2022Forhindrer blegning af kunstoffer gennem UV-beskyttelse<br \/>\u2022Regenererer stressede kunststoffer<br \/>\u2022Plejer gummi og kunststofdele<br \/>\u2022Fjerner og forhindrer pibe-og skraldelyde<br \/>\u2022Kompatibel med alle tilg\u00e6ngelige kunstoffer<br \/>\u2022Gennem fedtfrit glidebeskyttelse st\u00e6rk gnidereducering<\/p>\n<p>Anvendelse<\/p>\n<p>\u2022Sv\u00e6rt gangbare sikkerhedsb\u00e6lter<br \/>\u2022Fjernelse af mislyde is\u00e6r indvendigt i k\u00f8ret\u00f8jet<br \/>\u2022Sv\u00e6rt gangbare ruder<br \/>\u2022Pleje af gummi-og kunststofdele<br \/>\u2022Forhindrer tilisning af d\u00f8rgummi<\/p>\n<p><strong>Indhold<\/strong><\/p>\n<p>1 stk.<\/p>\n<p><a target=\"_blank\" title=\"TUNAP 104.pdf\" href=\"\/wysiwyg\/PDF\/TUNAP_104.pdf\" rel=\"noopener\">Sikkerhedsdatablad<\/a><\/p>\n","protected":false},"excerpt":{"rendered":"<p>TUNAP 104<\/p>\n","protected":false},"featured_media":12411,"template":"","meta":{"_seopress_robots_primary_cat":"","_seopress_titles_title":"","_seopress_titles_desc":"","_seopress_robots_index":"","_mo_disable_npp":"","iawp_total_views":0},"product_brand":[],"product_cat":[2424,2419],"product_tag":[],"display":[],"carmodels":[],"brands":[],"class_list":{"0":"post-12415","1":"product","2":"type-product","3":"status-publish","4":"has-post-thumbnail","6":"product_cat-affedtning-rens-de","7":"product_cat-vaesker-de","9":"first","10":"onbackorder","11":"taxable","12":"shipping-taxable","13":"purchasable","14":"product-type-simple"},"tiered_pricing_type":"fixed","tiered_pricing_fixed_rules":[],"tiered_pricing_product_settings":{"layout":"default","base_unit_name":{"singular":null,"plural":null},"default_variation":null},"tiered_pricing_minimum_quantity":null,"tiered_pricing_roles_data":[],"tiered_pricing_percentage_rules":[],"_links":{"self":[{"href":"https:\/\/e-parts.dk\/de\/wp-json\/wp\/v2\/product\/12415","targetHints":{"allow":["GET"]}}],"collection":[{"href":"https:\/\/e-parts.dk\/de\/wp-json\/wp\/v2\/product"}],"about":[{"href":"https:\/\/e-parts.dk\/de\/wp-json\/wp\/v2\/types\/product"}],"wp:featuredmedia":[{"embeddable":true,"href":"https:\/\/e-parts.dk\/de\/wp-json\/wp\/v2\/media\/12411"}],"wp:attachment":[{"href":"https:\/\/e-parts.dk\/de\/wp-json\/wp\/v2\/media?parent=12415"}],"wp:term":[{"taxonomy":"product_brand","embeddable":true,"href":"https:\/\/e-parts.dk\/de\/wp-json\/wp\/v2\/product_brand?post=12415"},{"taxonomy":"product_cat","embeddable":true,"href":"https:\/\/e-parts.dk\/de\/wp-json\/wp\/v2\/product_cat?post=12415"},{"taxonomy":"product_tag","embeddable":true,"href":"https:\/\/e-parts.dk\/de\/wp-json\/wp\/v2\/product_tag?post=12415"},{"taxonomy":"display","embeddable":true,"href":"https:\/\/e-parts.dk\/de\/wp-json\/wp\/v2\/display?post=12415"},{"taxonomy":"carmodels","embeddable":true,"href":"https:\/\/e-parts.dk\/de\/wp-json\/wp\/v2\/carmodels?post=12415"},{"taxonomy":"brands","embeddable":true,"href":"https:\/\/e-parts.dk\/de\/wp-json\/wp\/v2\/brands?post=12415"}],"curies":[{"name":"wp","href":"https:\/\/api.w.org\/{rel}","templated":true}]}}