{"id":12395,"date":"2017-02-20T09:40:00","date_gmt":"2017-02-20T08:40:00","guid":{"rendered":"https:\/\/e-parts.dk\/?product=bremsepleje"},"modified":"2023-06-15T21:03:40","modified_gmt":"2023-06-15T19:03:40","slug":"bremsepleje","status":"publish","type":"product","link":"https:\/\/e-parts.dk\/de\/vare\/bremsepleje\/","title":{"rendered":"Bremsefedt"},"content":{"rendered":"<p>Fuldsyntetisk metalfri inspektions-og reparations, funktionsaktiv stof til bl a bremser<\/p>\n<p>Egenskaber<\/p>\n<p>\u2022Ekstremh\u00f8jt tryk og temperaturbestandig-hed fra -40\u00b0C til +1250\u00b0C<br \/>\u2022Ren p\u00e5f\u00f8ring gennem ergonomisk pensel<br \/>\u2022Ogs\u00e5 ved h\u00f8je temperaturer dryppunktfri<br \/>\u2022Ekstrem h\u00e6ftefast og vandbestandig, derfor l\u00e6ngere forbliven ved sm\u00f8restederne<br \/>\u2022Fremragende korrosionsbeskyttelse, Forhindrer kontaktkorrosion gennem metalfri recept<br \/>\u2022Meget gode d\u00e6mpeegenskaber<br \/>\u2022fri for opl\u00f8sningsmidler<\/p>\n<p>Anvendelse<\/p>\n<p>\u2022Ved reparationer ved skive-og tromlebremser<br \/>\u2022Forhindrer bremsepiben<br \/>\u2022Forhindrer kontaktkorrosion og pasningsrust mellem forskellige metaller<br \/>\u2022Til sm\u00f8ring af glidesteder af forskellige mekanismer<\/p>\n<p><strong>Indhold<\/strong><\/p>\n<p>1 stk.<\/p>\n<p><a target=\"_blank\" title=\"TUNAP 113.pdf\" href=\"\/wysiwyg\/PDF\/TUNAP_113.pdf\" rel=\"noopener\">Sikkerhedsdatablad<\/a><\/p>\n","protected":false},"excerpt":{"rendered":"<p>Fuldsyntetisk metalfri inspektions-og reparations, funktionsaktiv stof til bl a bremser Egenskaber \u2022Ekstremh\u00f8jt tryk og temperaturbestandig-hed fra -40\u00b0C til +1250\u00b0C\u2022Ren p\u00e5f\u00f8ring gennem ergonomisk pensel\u2022Ogs\u00e5 ved h\u00f8je temperaturer dryppunktfri\u2022Ekstrem h\u00e6ftefast og vandbestandig, derfor l\u00e6ngere forbliven ved sm\u00f8restederne\u2022Fremragende korrosionsbeskyttelse, Forhindrer kontaktkorrosion gennem metalfri recept\u2022Meget gode d\u00e6mpeegenskaber\u2022fri for opl\u00f8sningsmidler Anvendelse \u2022Ved reparationer ved skive-og tromlebremser\u2022Forhindrer bremsepiben\u2022Forhindrer kontaktkorrosion og pasningsrust [&hellip;]<\/p>\n","protected":false},"featured_media":12391,"template":"","meta":{"_seopress_robots_primary_cat":"","_seopress_titles_title":"","_seopress_titles_desc":"","_seopress_robots_index":"","_mo_disable_npp":""},"product_brand":[],"product_cat":[7566],"product_tag":[],"display":[],"carmodels":[],"brands":[],"class_list":{"0":"post-12395","1":"product","2":"type-product","3":"status-publish","4":"has-post-thumbnail","6":"product_cat-ukategoriseret","8":"first","9":"outofstock","10":"sale","11":"taxable","12":"shipping-taxable","13":"purchasable","14":"product-type-simple"},"tiered_pricing_type":"fixed","tiered_pricing_fixed_rules":[],"tiered_pricing_product_settings":{"layout":"default","base_unit_name":{"singular":null,"plural":null},"default_variation":null},"tiered_pricing_minimum_quantity":null,"tiered_pricing_roles_data":[],"tiered_pricing_percentage_rules":[],"_links":{"self":[{"href":"https:\/\/e-parts.dk\/de\/wp-json\/wp\/v2\/product\/12395","targetHints":{"allow":["GET"]}}],"collection":[{"href":"https:\/\/e-parts.dk\/de\/wp-json\/wp\/v2\/product"}],"about":[{"href":"https:\/\/e-parts.dk\/de\/wp-json\/wp\/v2\/types\/product"}],"wp:featuredmedia":[{"embeddable":true,"href":"https:\/\/e-parts.dk\/de\/wp-json\/wp\/v2\/media\/12391"}],"wp:attachment":[{"href":"https:\/\/e-parts.dk\/de\/wp-json\/wp\/v2\/media?parent=12395"}],"wp:term":[{"taxonomy":"product_brand","embeddable":true,"href":"https:\/\/e-parts.dk\/de\/wp-json\/wp\/v2\/product_brand?post=12395"},{"taxonomy":"product_cat","embeddable":true,"href":"https:\/\/e-parts.dk\/de\/wp-json\/wp\/v2\/product_cat?post=12395"},{"taxonomy":"product_tag","embeddable":true,"href":"https:\/\/e-parts.dk\/de\/wp-json\/wp\/v2\/product_tag?post=12395"},{"taxonomy":"display","embeddable":true,"href":"https:\/\/e-parts.dk\/de\/wp-json\/wp\/v2\/display?post=12395"},{"taxonomy":"carmodels","embeddable":true,"href":"https:\/\/e-parts.dk\/de\/wp-json\/wp\/v2\/carmodels?post=12395"},{"taxonomy":"brands","embeddable":true,"href":"https:\/\/e-parts.dk\/de\/wp-json\/wp\/v2\/brands?post=12395"}],"curies":[{"name":"wp","href":"https:\/\/api.w.org\/{rel}","templated":true}]}}