{"id":12365,"date":"2017-02-20T11:29:44","date_gmt":"2017-02-20T10:29:44","guid":{"rendered":"https:\/\/e-parts.dk\/?product=undervognsfedt"},"modified":"2023-06-15T21:03:39","modified_gmt":"2023-06-15T19:03:39","slug":"undervognsfedt","status":"publish","type":"product","link":"https:\/\/e-parts.dk\/de\/vare\/undervognsfedt\/","title":{"rendered":"Undervognsfedt"},"content":{"rendered":"<p>Ekstrem h\u00e6ftende, h\u00f8jviskose og fuld syntetisk fedt, til anvendelse i under bilen F.eks. stabilisator, Bremser\u00f8r, gummib\u00f8sninger osv.<\/p>\n<p>Egenskaber<\/p>\n<p>H\u00f8j tryk og temperaturbestandighed<br \/>\u2022Ekstrem st\u00e6nk-og saltvandsbestandighed<br \/>\u2022Meget h\u00f8j h\u00e6ftning p\u00e5 alle bunde<br \/>\u2022H\u00f8j krybevirkning<br \/>\u2022I Spray, for ogs\u00e5 at n\u00e5 sv\u00e6rt tilg\u00e6ngelige sm\u00f8resteder<br \/>\u2022Meget god transparent korrosionsbeskyttelse<br \/>\u2022Gode d\u00e6mpningsegenskaber<br \/>\u2022H\u00f8j sm\u00f8resikkerhed gennem specielle slitagebeskyttelsesadditiver<\/p>\n<p>Anvendelse<\/p>\n<p>\u2022Ved service af undervognen<br \/>\u2022Fjerner knirke og knagelyde ved fjederben, stabilisator mm.<br \/>\u2022Til permanent sm\u00f8ring af h\u00e5ndbremsekabel eller st\u00e6nger<br \/>\u2022Som korrosionsbeskyttelse<\/p>\n<p>Indhold<\/p>\n<p>1 stk<\/p>\n<p><strong><\/strong><a target=\"_blank\" title=\"TUNAP 121.pdf\" href=\"\/wysiwyg\/PDF\/TUNAP_121.pdf\" rel=\"noopener\">Sikkerhedsdatablad<\/a><\/p>\n","protected":false},"excerpt":{"rendered":"<p>Ekstrem h\u00e6ftende, h\u00f8jviskose og fuld syntetisk fedt, til anvendelse i under bilen F.eks. stabilisator, Bremser\u00f8r, gummib\u00f8sninger osv. Egenskaber H\u00f8j tryk og temperaturbestandighed\u2022Ekstrem st\u00e6nk-og saltvandsbestandighed\u2022Meget h\u00f8j h\u00e6ftning p\u00e5 alle bunde\u2022H\u00f8j krybevirkning\u2022I Spray, for ogs\u00e5 at n\u00e5 sv\u00e6rt tilg\u00e6ngelige sm\u00f8resteder\u2022Meget god transparent korrosionsbeskyttelse\u2022Gode d\u00e6mpningsegenskaber\u2022H\u00f8j sm\u00f8resikkerhed gennem specielle slitagebeskyttelsesadditiver Anvendelse \u2022Ved service af undervognen\u2022Fjerner knirke og knagelyde ved [&hellip;]<\/p>\n","protected":false},"featured_media":12361,"template":"","meta":{"_seopress_robots_primary_cat":"","_seopress_titles_title":"","_seopress_titles_desc":"","_seopress_robots_index":"","_mo_disable_npp":""},"product_brand":[],"product_cat":[7566],"product_tag":[],"display":[],"carmodels":[],"brands":[],"class_list":{"0":"post-12365","1":"product","2":"type-product","3":"status-publish","4":"has-post-thumbnail","6":"product_cat-ukategoriseret","8":"first","9":"outofstock","10":"sale","11":"taxable","12":"shipping-taxable","13":"purchasable","14":"product-type-simple"},"tiered_pricing_type":"fixed","tiered_pricing_fixed_rules":[],"tiered_pricing_product_settings":{"layout":"default","base_unit_name":{"singular":null,"plural":null},"default_variation":null},"tiered_pricing_minimum_quantity":null,"tiered_pricing_roles_data":[],"tiered_pricing_percentage_rules":[],"_links":{"self":[{"href":"https:\/\/e-parts.dk\/de\/wp-json\/wp\/v2\/product\/12365","targetHints":{"allow":["GET"]}}],"collection":[{"href":"https:\/\/e-parts.dk\/de\/wp-json\/wp\/v2\/product"}],"about":[{"href":"https:\/\/e-parts.dk\/de\/wp-json\/wp\/v2\/types\/product"}],"wp:featuredmedia":[{"embeddable":true,"href":"https:\/\/e-parts.dk\/de\/wp-json\/wp\/v2\/media\/12361"}],"wp:attachment":[{"href":"https:\/\/e-parts.dk\/de\/wp-json\/wp\/v2\/media?parent=12365"}],"wp:term":[{"taxonomy":"product_brand","embeddable":true,"href":"https:\/\/e-parts.dk\/de\/wp-json\/wp\/v2\/product_brand?post=12365"},{"taxonomy":"product_cat","embeddable":true,"href":"https:\/\/e-parts.dk\/de\/wp-json\/wp\/v2\/product_cat?post=12365"},{"taxonomy":"product_tag","embeddable":true,"href":"https:\/\/e-parts.dk\/de\/wp-json\/wp\/v2\/product_tag?post=12365"},{"taxonomy":"display","embeddable":true,"href":"https:\/\/e-parts.dk\/de\/wp-json\/wp\/v2\/display?post=12365"},{"taxonomy":"carmodels","embeddable":true,"href":"https:\/\/e-parts.dk\/de\/wp-json\/wp\/v2\/carmodels?post=12365"},{"taxonomy":"brands","embeddable":true,"href":"https:\/\/e-parts.dk\/de\/wp-json\/wp\/v2\/brands?post=12365"}],"curies":[{"name":"wp","href":"https:\/\/api.w.org\/{rel}","templated":true}]}}