{"id":12345,"date":"2017-02-21T09:22:07","date_gmt":"2017-02-21T08:22:07","guid":{"rendered":"https:\/\/e-parts.dk\/?product=syntetisk-aktiv-olie"},"modified":"2023-06-15T21:03:37","modified_gmt":"2023-06-15T19:03:37","slug":"syntetisk-aktiv-olie","status":"publish","type":"product","link":"https:\/\/e-parts.dk\/de\/vare\/syntetisk-aktiv-olie\/","title":{"rendered":"Syntetisk Aktiv Olie"},"content":{"rendered":"<p>Enest\u00e5ende, syntetisk olie\u00a0til langtidssm\u00f8ring.<\/p>\n<p>Egenskaber:<\/p>\n<p>\u2022Meget godsm\u00f8rende<br \/>\u2022Reducerer friktion og slid<br \/>\u2022Beskytte mod fugt og korrosion<br \/>\u2022Meget god krybende evne<br \/>\u2022Forbedret elektrisk ledningsevne og eliminerer krybestr\u00f8m<br \/>\u2022H\u00f8j reng\u00f8ring effekt, infiltreret snavs, fedt og olie rester<br \/>\u2022Harepiks, syre-og silikone-fri<br \/>\u2022Neutral i duft<\/p>\n<p>Anvendelse:<\/p>\n<p>\u2022Ved hvert eftersyn og service<br \/>\u2022Is\u00e6r egnet til de mindste og pr\u00e6cisionsdele<br \/>\u2022Over alt hvor en fedt ikke er egnet eller \u00f8nsket<br \/>\u2022Indsats ved finmekaniske dele, f.eks. i elektronikomr\u00e5det<br \/>\u2022Fremragende egnet til at g\u00f8re sporst\u00e6nger, led og l\u00e5secylindere gangbare<br \/>\u2022Forhindrer korrosion p\u00e5 metaller og elektriske komponenter<\/p>\n<p><strong>Indhold<\/strong><\/p>\n<p>1 stk.<\/p>\n<p><a target=\"_blank\" title=\"TUNAP 102.pdf\" href=\"\/wysiwyg\/PDF\/TUNAP_102.pdf\" rel=\"noopener\">Sikkerhedsdatablad<\/a><\/p>\n","protected":false},"excerpt":{"rendered":"<p>Enest\u00e5ende, syntetisk olie\u00a0til langtidssm\u00f8ring. Egenskaber: \u2022Meget godsm\u00f8rende\u2022Reducerer friktion og slid\u2022Beskytte mod fugt og korrosion\u2022Meget god krybende evne\u2022Forbedret elektrisk ledningsevne og eliminerer krybestr\u00f8m\u2022H\u00f8j reng\u00f8ring effekt, infiltreret snavs, fedt og olie rester\u2022Harepiks, syre-og silikone-fri\u2022Neutral i duft Anvendelse: \u2022Ved hvert eftersyn og service\u2022Is\u00e6r egnet til de mindste og pr\u00e6cisionsdele\u2022Over alt hvor en fedt ikke er egnet eller \u00f8nsket\u2022Indsats [&hellip;]<\/p>\n","protected":false},"featured_media":12341,"template":"","meta":{"_seopress_robots_primary_cat":"","_seopress_titles_title":"","_seopress_titles_desc":"","_seopress_robots_index":"","_mo_disable_npp":"","iawp_total_views":1},"product_brand":[],"product_cat":[7566],"product_tag":[],"display":[],"carmodels":[],"brands":[],"class_list":{"0":"post-12345","1":"product","2":"type-product","3":"status-publish","4":"has-post-thumbnail","6":"product_cat-ukategoriseret","8":"first","9":"outofstock","10":"taxable","11":"shipping-taxable","12":"purchasable","13":"product-type-simple"},"tiered_pricing_type":"fixed","tiered_pricing_fixed_rules":[],"tiered_pricing_product_settings":{"layout":"default","base_unit_name":{"singular":null,"plural":null},"default_variation":null},"tiered_pricing_minimum_quantity":null,"tiered_pricing_roles_data":[],"tiered_pricing_percentage_rules":[],"_links":{"self":[{"href":"https:\/\/e-parts.dk\/de\/wp-json\/wp\/v2\/product\/12345","targetHints":{"allow":["GET"]}}],"collection":[{"href":"https:\/\/e-parts.dk\/de\/wp-json\/wp\/v2\/product"}],"about":[{"href":"https:\/\/e-parts.dk\/de\/wp-json\/wp\/v2\/types\/product"}],"wp:featuredmedia":[{"embeddable":true,"href":"https:\/\/e-parts.dk\/de\/wp-json\/wp\/v2\/media\/12341"}],"wp:attachment":[{"href":"https:\/\/e-parts.dk\/de\/wp-json\/wp\/v2\/media?parent=12345"}],"wp:term":[{"taxonomy":"product_brand","embeddable":true,"href":"https:\/\/e-parts.dk\/de\/wp-json\/wp\/v2\/product_brand?post=12345"},{"taxonomy":"product_cat","embeddable":true,"href":"https:\/\/e-parts.dk\/de\/wp-json\/wp\/v2\/product_cat?post=12345"},{"taxonomy":"product_tag","embeddable":true,"href":"https:\/\/e-parts.dk\/de\/wp-json\/wp\/v2\/product_tag?post=12345"},{"taxonomy":"display","embeddable":true,"href":"https:\/\/e-parts.dk\/de\/wp-json\/wp\/v2\/display?post=12345"},{"taxonomy":"carmodels","embeddable":true,"href":"https:\/\/e-parts.dk\/de\/wp-json\/wp\/v2\/carmodels?post=12345"},{"taxonomy":"brands","embeddable":true,"href":"https:\/\/e-parts.dk\/de\/wp-json\/wp\/v2\/brands?post=12345"}],"curies":[{"name":"wp","href":"https:\/\/api.w.org\/{rel}","templated":true}]}}