{"id":12280,"date":"2017-02-07T19:21:41","date_gmt":"2017-02-07T18:21:41","guid":{"rendered":"https:\/\/e-parts.dk\/?product=polerklude"},"modified":"2023-06-15T21:03:35","modified_gmt":"2023-06-15T19:03:35","slug":"polerklude","status":"publish","type":"product","link":"https:\/\/e-parts.dk\/de\/vare\/polerklude\/","title":{"rendered":"Polerklude"},"content":{"rendered":"<p>Anti-fedt klude til industribrug 42,80 cm x 38,50 cm<\/p>\n<p><strong>Indhold<\/strong><br \/>120 ark per pakke<\/p>\n<p><strong>Anvendelse<\/strong><br \/>Bl\u00f8d klud, der f\u00f8les som stof. Bl\u00f8dheden g\u00f8r den fleksibel, s\u00e5 den kan komme helt ind i krogene. Det bl\u00f8de materiale er blidt mod overfladen og ridser ikke. Kan bruges sammen med alle typer opl\u00f8sninger, s\u00e5 overfladen bliver helt ren.<\/p>\n<p><strong>Download<\/strong><br \/><a target=\"_blank\" title=\"Produktdatablad ES4005-0041.pdf\" href=\"\/wysiwyg\/PDF\/Produktdatablad_ES4005-0041.pdf\" rel=\"noopener\">Produktdatablad<\/a><\/p>\n","protected":false},"excerpt":{"rendered":"<p>120 anti-fedt klude per pakke<\/p>\n","protected":false},"featured_media":12276,"template":"","meta":{"_seopress_robots_primary_cat":"","_seopress_titles_title":"","_seopress_titles_desc":"","_seopress_robots_index":"","_mo_disable_npp":"","iawp_total_views":0},"product_brand":[],"product_cat":[2304,2314],"product_tag":[],"display":[],"carmodels":[],"brands":[],"class_list":{"0":"post-12280","1":"product","2":"type-product","3":"status-publish","4":"has-post-thumbnail","6":"product_cat-klargoring-de","7":"product_cat-klude-de","9":"first","10":"onbackorder","11":"taxable","12":"shipping-taxable","13":"purchasable","14":"product-type-simple"},"tiered_pricing_type":"fixed","tiered_pricing_fixed_rules":[],"tiered_pricing_product_settings":{"layout":"default","base_unit_name":{"singular":null,"plural":null},"default_variation":null},"tiered_pricing_minimum_quantity":null,"tiered_pricing_roles_data":[],"tiered_pricing_percentage_rules":[],"_links":{"self":[{"href":"https:\/\/e-parts.dk\/de\/wp-json\/wp\/v2\/product\/12280","targetHints":{"allow":["GET"]}}],"collection":[{"href":"https:\/\/e-parts.dk\/de\/wp-json\/wp\/v2\/product"}],"about":[{"href":"https:\/\/e-parts.dk\/de\/wp-json\/wp\/v2\/types\/product"}],"wp:featuredmedia":[{"embeddable":true,"href":"https:\/\/e-parts.dk\/de\/wp-json\/wp\/v2\/media\/12276"}],"wp:attachment":[{"href":"https:\/\/e-parts.dk\/de\/wp-json\/wp\/v2\/media?parent=12280"}],"wp:term":[{"taxonomy":"product_brand","embeddable":true,"href":"https:\/\/e-parts.dk\/de\/wp-json\/wp\/v2\/product_brand?post=12280"},{"taxonomy":"product_cat","embeddable":true,"href":"https:\/\/e-parts.dk\/de\/wp-json\/wp\/v2\/product_cat?post=12280"},{"taxonomy":"product_tag","embeddable":true,"href":"https:\/\/e-parts.dk\/de\/wp-json\/wp\/v2\/product_tag?post=12280"},{"taxonomy":"display","embeddable":true,"href":"https:\/\/e-parts.dk\/de\/wp-json\/wp\/v2\/display?post=12280"},{"taxonomy":"carmodels","embeddable":true,"href":"https:\/\/e-parts.dk\/de\/wp-json\/wp\/v2\/carmodels?post=12280"},{"taxonomy":"brands","embeddable":true,"href":"https:\/\/e-parts.dk\/de\/wp-json\/wp\/v2\/brands?post=12280"}],"curies":[{"name":"wp","href":"https:\/\/api.w.org\/{rel}","templated":true}]}}