{"id":12240,"date":"2017-02-17T15:21:32","date_gmt":"2017-02-17T14:21:32","guid":{"rendered":"https:\/\/e-parts.dk\/?product=hvid-strikhandske"},"modified":"2023-06-15T21:03:34","modified_gmt":"2023-06-15T19:03:34","slug":"hvid-strikhandske","status":"publish","type":"product","link":"https:\/\/e-parts.dk\/de\/vare\/hvid-strikhandske\/","title":{"rendered":"Hvid strikhandske"},"content":{"rendered":"<p>One size<\/p>\n<p><strong>Indhold<\/strong> <br \/>12 par per pakke<\/p>\n<p><strong>Anvendelse<\/strong>\u00a0<br \/><span style=\"font-size: 13px;\">Lager, montage og pakkearbejde. Med latexb\u00e5nd ved h\u00e5ndleddet for at holde handsken p\u00e5 plads.<\/span><\/p>\n","protected":false},"excerpt":{"rendered":"<p>One size Indhold 12 par per pakke Anvendelse\u00a0Lager, montage og pakkearbejde. Med latexb\u00e5nd ved h\u00e5ndleddet for at holde handsken p\u00e5 plads.<\/p>\n","protected":false},"featured_media":20874,"template":"","meta":{"_seopress_robots_primary_cat":"","_seopress_titles_title":"","_seopress_titles_desc":"","_seopress_robots_index":"","_mo_disable_npp":"","iawp_total_views":0},"product_brand":[],"product_cat":[2724,2219,2209],"product_tag":[],"display":[],"carmodels":[],"brands":[],"class_list":{"0":"post-12240","1":"product","2":"type-product","3":"status-publish","4":"has-post-thumbnail","6":"product_cat-tilbud-andre-html-de","7":"product_cat-bomuldshandsker-de","8":"product_cat-handsker-de","10":"first","11":"instock","12":"taxable","13":"shipping-taxable","14":"purchasable","15":"product-type-simple"},"tiered_pricing_type":"fixed","tiered_pricing_fixed_rules":[],"tiered_pricing_product_settings":{"layout":"default","base_unit_name":{"singular":null,"plural":null},"default_variation":null},"tiered_pricing_minimum_quantity":null,"tiered_pricing_roles_data":[],"tiered_pricing_percentage_rules":[],"_links":{"self":[{"href":"https:\/\/e-parts.dk\/de\/wp-json\/wp\/v2\/product\/12240","targetHints":{"allow":["GET"]}}],"collection":[{"href":"https:\/\/e-parts.dk\/de\/wp-json\/wp\/v2\/product"}],"about":[{"href":"https:\/\/e-parts.dk\/de\/wp-json\/wp\/v2\/types\/product"}],"wp:featuredmedia":[{"embeddable":true,"href":"https:\/\/e-parts.dk\/de\/wp-json\/wp\/v2\/media\/20874"}],"wp:attachment":[{"href":"https:\/\/e-parts.dk\/de\/wp-json\/wp\/v2\/media?parent=12240"}],"wp:term":[{"taxonomy":"product_brand","embeddable":true,"href":"https:\/\/e-parts.dk\/de\/wp-json\/wp\/v2\/product_brand?post=12240"},{"taxonomy":"product_cat","embeddable":true,"href":"https:\/\/e-parts.dk\/de\/wp-json\/wp\/v2\/product_cat?post=12240"},{"taxonomy":"product_tag","embeddable":true,"href":"https:\/\/e-parts.dk\/de\/wp-json\/wp\/v2\/product_tag?post=12240"},{"taxonomy":"display","embeddable":true,"href":"https:\/\/e-parts.dk\/de\/wp-json\/wp\/v2\/display?post=12240"},{"taxonomy":"carmodels","embeddable":true,"href":"https:\/\/e-parts.dk\/de\/wp-json\/wp\/v2\/carmodels?post=12240"},{"taxonomy":"brands","embeddable":true,"href":"https:\/\/e-parts.dk\/de\/wp-json\/wp\/v2\/brands?post=12240"}],"curies":[{"name":"wp","href":"https:\/\/api.w.org\/{rel}","templated":true}]}}