{"id":12155,"date":"2017-02-02T22:20:14","date_gmt":"2017-02-02T21:20:14","guid":{"rendered":"https:\/\/e-parts.dk\/?product=daekmontage-pasta"},"modified":"2026-04-19T05:04:55","modified_gmt":"2026-04-19T03:04:55","slug":"daekmontage-pasta-2","status":"publish","type":"product","link":"https:\/\/e-parts.dk\/de\/vare\/daekmontage-pasta-2\/","title":{"rendered":"D\u00e6kmontage pasta"},"content":{"rendered":"<div>Ogs\u00e5\u00a0til UHP og Run Flat d\u00e6k.<\/div>\n<div><strong><br \/><\/strong>Is\u00e6r god ved TPMS-sensorer <br \/>Hurtig off tid <br \/>H\u00f8j sm\u00f8reevne <br \/>Lavt materiale forbrug<br \/>Mindre maskinslid <br \/>Efterlader ingen synlige rester p\u00e5 d\u00e6k kant\u00a0<strong><\/p>\n<p>OBS: <br \/> <\/strong>For at pastaen ikke skal st\u00f8rkne, anbefales det at man l\u00e6gger l\u00e5g p\u00e5 spanden, hvis den st\u00e5r ubrugt i l\u00e6ngere tid.\u00a0<\/div>\n<div><strong><br \/><\/strong>Arbejdstemperatur: -15 \u00b0 C til + 50 \u00b0 C.<strong> <\/p>\n<p><\/strong><\/div>\n<p><strong>Indhold<\/strong> <br \/>5 kg<\/p>\n<p><a title=\"Sikkerhedsdatablad d\u00e6kpasta.pdf\" href=\"\/wysiwyg\/PDF\/Sikkerhedsdatablad_daekpasta.pdf\" target=\"_blank\" rel=\"noopener\">\u00a0Sikkerhedsdatablad<\/a><\/p>\n","protected":false},"excerpt":{"rendered":"<p>Ogs\u00e5\u00a0til UHP og Run Flat d\u00e6k. Is\u00e6r god ved TPMS-sensorer Hurtig off tid H\u00f8j sm\u00f8reevne Lavt materiale forbrugMindre maskinslid Efterlader ingen synlige rester p\u00e5 d\u00e6k kant\u00a0 OBS: For at pastaen ikke skal st\u00f8rkne, anbefales det at man l\u00e6gger l\u00e5g p\u00e5 spanden, hvis den st\u00e5r ubrugt i l\u00e6ngere tid.\u00a0 Arbejdstemperatur: -15 \u00b0 C til + 50 [&hellip;]<\/p>\n","protected":false},"featured_media":20824,"template":"","meta":{"_seopress_robots_primary_cat":"","_seopress_titles_title":"","_seopress_titles_desc":"","_seopress_robots_index":"","_mo_disable_npp":""},"product_brand":[],"product_cat":[2174,2194],"product_tag":[],"display":[8187],"carmodels":[],"brands":[],"class_list":{"0":"post-12155","1":"product","2":"type-product","3":"status-publish","4":"has-post-thumbnail","6":"product_cat-daekmaterialer-de","7":"product_cat-montage-de","8":"display-e-supply-slider","10":"first","11":"instock","12":"taxable","13":"shipping-taxable","14":"product-type-simple"},"tiered_pricing_type":"fixed","tiered_pricing_fixed_rules":[],"tiered_pricing_product_settings":{"layout":"default","base_unit_name":{"singular":null,"plural":null},"default_variation":null},"tiered_pricing_minimum_quantity":null,"tiered_pricing_roles_data":[],"tiered_pricing_percentage_rules":[],"_links":{"self":[{"href":"https:\/\/e-parts.dk\/de\/wp-json\/wp\/v2\/product\/12155","targetHints":{"allow":["GET"]}}],"collection":[{"href":"https:\/\/e-parts.dk\/de\/wp-json\/wp\/v2\/product"}],"about":[{"href":"https:\/\/e-parts.dk\/de\/wp-json\/wp\/v2\/types\/product"}],"wp:featuredmedia":[{"embeddable":true,"href":"https:\/\/e-parts.dk\/de\/wp-json\/wp\/v2\/media\/20824"}],"wp:attachment":[{"href":"https:\/\/e-parts.dk\/de\/wp-json\/wp\/v2\/media?parent=12155"}],"wp:term":[{"taxonomy":"product_brand","embeddable":true,"href":"https:\/\/e-parts.dk\/de\/wp-json\/wp\/v2\/product_brand?post=12155"},{"taxonomy":"product_cat","embeddable":true,"href":"https:\/\/e-parts.dk\/de\/wp-json\/wp\/v2\/product_cat?post=12155"},{"taxonomy":"product_tag","embeddable":true,"href":"https:\/\/e-parts.dk\/de\/wp-json\/wp\/v2\/product_tag?post=12155"},{"taxonomy":"display","embeddable":true,"href":"https:\/\/e-parts.dk\/de\/wp-json\/wp\/v2\/display?post=12155"},{"taxonomy":"carmodels","embeddable":true,"href":"https:\/\/e-parts.dk\/de\/wp-json\/wp\/v2\/carmodels?post=12155"},{"taxonomy":"brands","embeddable":true,"href":"https:\/\/e-parts.dk\/de\/wp-json\/wp\/v2\/brands?post=12155"}],"curies":[{"name":"wp","href":"https:\/\/api.w.org\/{rel}","templated":true}]}}