{"id":12140,"date":"2017-01-28T00:20:11","date_gmt":"2017-01-27T23:20:11","guid":{"rendered":"https:\/\/e-parts.dk\/?product=klaebevaegte"},"modified":"2024-12-01T00:01:10","modified_gmt":"2024-11-30T23:01:10","slug":"klaebevaegte-2","status":"publish","type":"product","link":"https:\/\/e-parts.dk\/de\/vare\/klaebevaegte-2\/","title":{"rendered":"Kl\u00e6bev\u00e6gte"},"content":{"rendered":"<p>Sort, til aluf\u00e6lge<\/p>\n<p><strong>Indhold<\/strong> <br \/>100 st\u00e6nger med 12 stk, 5g<\/p>\n<p><strong>Anvendelse<\/strong><\/p>\n","protected":false},"excerpt":{"rendered":"<p>Sort, til aluf\u00e6lge Indhold 100 st\u00e6nger med 12 stk, 5g Anvendelse<\/p>\n","protected":false},"featured_media":20809,"template":"","meta":{"_seopress_robots_primary_cat":"","_seopress_titles_title":"","_seopress_titles_desc":"","_seopress_robots_index":"","_mo_disable_npp":"","iawp_total_views":0},"product_brand":[],"product_cat":[2179,2174],"product_tag":[],"display":[],"carmodels":[],"brands":[],"class_list":{"0":"post-12140","1":"product","2":"type-product","3":"status-publish","4":"has-post-thumbnail","6":"product_cat-afbalanceringsvaegte-alufaelge-de","7":"product_cat-daekmaterialer-de","9":"first","10":"instock","11":"taxable","12":"shipping-taxable","13":"product-type-simple"},"tiered_pricing_type":"fixed","tiered_pricing_fixed_rules":[],"tiered_pricing_product_settings":{"layout":"default","base_unit_name":{"singular":null,"plural":null},"default_variation":null},"tiered_pricing_minimum_quantity":null,"tiered_pricing_roles_data":[],"tiered_pricing_percentage_rules":[],"_links":{"self":[{"href":"https:\/\/e-parts.dk\/de\/wp-json\/wp\/v2\/product\/12140","targetHints":{"allow":["GET"]}}],"collection":[{"href":"https:\/\/e-parts.dk\/de\/wp-json\/wp\/v2\/product"}],"about":[{"href":"https:\/\/e-parts.dk\/de\/wp-json\/wp\/v2\/types\/product"}],"wp:featuredmedia":[{"embeddable":true,"href":"https:\/\/e-parts.dk\/de\/wp-json\/wp\/v2\/media\/20809"}],"wp:attachment":[{"href":"https:\/\/e-parts.dk\/de\/wp-json\/wp\/v2\/media?parent=12140"}],"wp:term":[{"taxonomy":"product_brand","embeddable":true,"href":"https:\/\/e-parts.dk\/de\/wp-json\/wp\/v2\/product_brand?post=12140"},{"taxonomy":"product_cat","embeddable":true,"href":"https:\/\/e-parts.dk\/de\/wp-json\/wp\/v2\/product_cat?post=12140"},{"taxonomy":"product_tag","embeddable":true,"href":"https:\/\/e-parts.dk\/de\/wp-json\/wp\/v2\/product_tag?post=12140"},{"taxonomy":"display","embeddable":true,"href":"https:\/\/e-parts.dk\/de\/wp-json\/wp\/v2\/display?post=12140"},{"taxonomy":"carmodels","embeddable":true,"href":"https:\/\/e-parts.dk\/de\/wp-json\/wp\/v2\/carmodels?post=12140"},{"taxonomy":"brands","embeddable":true,"href":"https:\/\/e-parts.dk\/de\/wp-json\/wp\/v2\/brands?post=12140"}],"curies":[{"name":"wp","href":"https:\/\/api.w.org\/{rel}","templated":true}]}}