{"id":11875,"date":"2017-02-05T22:19:09","date_gmt":"2017-02-05T21:19:09","guid":{"rendered":"https:\/\/e-parts.dk\/?product=kolervaeske-longlife-bla"},"modified":"2023-06-15T21:03:11","modified_gmt":"2023-06-15T19:03:11","slug":"kolervaeske-longlife-bla","status":"publish","type":"product","link":"https:\/\/e-parts.dk\/de\/vare\/kolervaeske-longlife-bla\/","title":{"rendered":"K\u00f8lerv\u00e6ske, Longlife bl\u00e5"},"content":{"rendered":"<p><strong>Indhold<\/strong> <br \/>68 kg \/ 60L<\/p>\n<p><strong>Anvendelse<\/strong><\/p>\n<p><strong><\/strong>D\u00e6kker f\u00f8lgende specifikationer: AFC, OEM 774C, G48 og G11<\/p>\n<p><strong>Emballage<\/strong><br \/><span style=\"font-size: 13px;\">pant kr. 90,- ud, krediteres med kr. 70,- ved returnering<\/span><\/p>\n<p><span style=\"font-size: 13px;\">Ved returnering sendes en mail\u00a0til <a href=\"mailto:reservedele@anmo.dk\">reservedele@anmo.dk<\/a>\u00a0med antal.<\/span><\/p>\n<p><span style=\"font-size: 13px;\"><span style=\"font-size: 13px;\"><strong>HUSK!!!<\/strong> at m\u00e6rke <span style=\"text-decoration: underline;\">hver<\/span> beholder med afsender og modtager<\/span><\/span><\/p>\n<p><span style=\"font-size: 13px;\"><strong>Download<\/strong><br \/><a title=\"Sikkerhedsdatablad ES4250-0009.pdf\" href=\"\/wysiwyg\/PDF\/Sikkerhedsdatablad_ES4250-0010_1.pdf\" target=\"_blank\" rel=\"noopener\">Sikkerhedsdatablad<\/a><br \/><\/span><\/p>\n","protected":false},"excerpt":{"rendered":"<p>60L dunk<\/p>\n","protected":false},"featured_media":11871,"template":"","meta":{"_seopress_robots_primary_cat":"","_seopress_titles_title":"","_seopress_titles_desc":"","_seopress_robots_index":"","_mo_disable_npp":"","iawp_total_views":0},"product_brand":[],"product_cat":[2434,2419],"product_tag":[],"display":[],"carmodels":[],"brands":[],"class_list":{"0":"post-11875","1":"product","2":"type-product","3":"status-publish","4":"has-post-thumbnail","6":"product_cat-kolervaeske-de","7":"product_cat-vaesker-de","9":"first","10":"instock","11":"taxable","12":"shipping-taxable","13":"purchasable","14":"product-type-simple"},"tiered_pricing_type":"fixed","tiered_pricing_fixed_rules":[],"tiered_pricing_product_settings":{"layout":"default","base_unit_name":{"singular":null,"plural":null},"default_variation":null},"tiered_pricing_minimum_quantity":null,"tiered_pricing_roles_data":[],"tiered_pricing_percentage_rules":[],"_links":{"self":[{"href":"https:\/\/e-parts.dk\/de\/wp-json\/wp\/v2\/product\/11875","targetHints":{"allow":["GET"]}}],"collection":[{"href":"https:\/\/e-parts.dk\/de\/wp-json\/wp\/v2\/product"}],"about":[{"href":"https:\/\/e-parts.dk\/de\/wp-json\/wp\/v2\/types\/product"}],"wp:featuredmedia":[{"embeddable":true,"href":"https:\/\/e-parts.dk\/de\/wp-json\/wp\/v2\/media\/11871"}],"wp:attachment":[{"href":"https:\/\/e-parts.dk\/de\/wp-json\/wp\/v2\/media?parent=11875"}],"wp:term":[{"taxonomy":"product_brand","embeddable":true,"href":"https:\/\/e-parts.dk\/de\/wp-json\/wp\/v2\/product_brand?post=11875"},{"taxonomy":"product_cat","embeddable":true,"href":"https:\/\/e-parts.dk\/de\/wp-json\/wp\/v2\/product_cat?post=11875"},{"taxonomy":"product_tag","embeddable":true,"href":"https:\/\/e-parts.dk\/de\/wp-json\/wp\/v2\/product_tag?post=11875"},{"taxonomy":"display","embeddable":true,"href":"https:\/\/e-parts.dk\/de\/wp-json\/wp\/v2\/display?post=11875"},{"taxonomy":"carmodels","embeddable":true,"href":"https:\/\/e-parts.dk\/de\/wp-json\/wp\/v2\/carmodels?post=11875"},{"taxonomy":"brands","embeddable":true,"href":"https:\/\/e-parts.dk\/de\/wp-json\/wp\/v2\/brands?post=11875"}],"curies":[{"name":"wp","href":"https:\/\/api.w.org\/{rel}","templated":true}]}}