{"id":11845,"date":"2017-02-07T11:19:05","date_gmt":"2017-02-07T10:19:05","guid":{"rendered":"https:\/\/e-parts.dk\/?product=kolervaeske-longlife-rod"},"modified":"2023-06-15T21:03:08","modified_gmt":"2023-06-15T19:03:08","slug":"kolervaeske-longlife-rod-2","status":"publish","type":"product","link":"https:\/\/e-parts.dk\/de\/vare\/kolervaeske-longlife-rod-2\/","title":{"rendered":"K\u00f8lerv\u00e6ske, Longlife r\u00f8d"},"content":{"rendered":"<p><strong>Indhold<\/strong> <br \/>5 L<\/p>\n<p><strong>Anvendelse<br \/><\/strong><span style=\"font-size: 13px;\">D\u00e6kker f\u00f8lgende specifikationer: XLC, SF, OEM 774F, OEM 774D, G30, G12 og G12+<\/span><\/p>\n<p><strong>Download<\/strong><br \/><a title=\"Sikkerhedsdatablad ES4250-0006.pdf\" href=\"\/wysiwyg\/PDF\/Sikkerhedsdatablad_ES4250-0006_1.pdf\" target=\"_blank\" rel=\"noopener\">Sikkerhedsdatablad<\/a><\/p>\n","protected":false},"excerpt":{"rendered":"<p>5L dunk<\/p>\n","protected":false},"featured_media":11841,"template":"","meta":{"_seopress_robots_primary_cat":"","_seopress_titles_title":"","_seopress_titles_desc":"","_seopress_robots_index":"","_mo_disable_npp":"","iawp_total_views":9},"product_brand":[],"product_cat":[2434,2419],"product_tag":[],"display":[],"carmodels":[],"brands":[],"class_list":{"0":"post-11845","1":"product","2":"type-product","3":"status-publish","4":"has-post-thumbnail","6":"product_cat-kolervaeske-de","7":"product_cat-vaesker-de","9":"first","10":"instock","11":"taxable","12":"shipping-taxable","13":"purchasable","14":"product-type-simple"},"tiered_pricing_type":"fixed","tiered_pricing_fixed_rules":[],"tiered_pricing_product_settings":{"layout":"default","base_unit_name":{"singular":null,"plural":null},"default_variation":null},"tiered_pricing_minimum_quantity":null,"tiered_pricing_roles_data":[],"tiered_pricing_percentage_rules":[],"_links":{"self":[{"href":"https:\/\/e-parts.dk\/de\/wp-json\/wp\/v2\/product\/11845","targetHints":{"allow":["GET"]}}],"collection":[{"href":"https:\/\/e-parts.dk\/de\/wp-json\/wp\/v2\/product"}],"about":[{"href":"https:\/\/e-parts.dk\/de\/wp-json\/wp\/v2\/types\/product"}],"wp:featuredmedia":[{"embeddable":true,"href":"https:\/\/e-parts.dk\/de\/wp-json\/wp\/v2\/media\/11841"}],"wp:attachment":[{"href":"https:\/\/e-parts.dk\/de\/wp-json\/wp\/v2\/media?parent=11845"}],"wp:term":[{"taxonomy":"product_brand","embeddable":true,"href":"https:\/\/e-parts.dk\/de\/wp-json\/wp\/v2\/product_brand?post=11845"},{"taxonomy":"product_cat","embeddable":true,"href":"https:\/\/e-parts.dk\/de\/wp-json\/wp\/v2\/product_cat?post=11845"},{"taxonomy":"product_tag","embeddable":true,"href":"https:\/\/e-parts.dk\/de\/wp-json\/wp\/v2\/product_tag?post=11845"},{"taxonomy":"display","embeddable":true,"href":"https:\/\/e-parts.dk\/de\/wp-json\/wp\/v2\/display?post=11845"},{"taxonomy":"carmodels","embeddable":true,"href":"https:\/\/e-parts.dk\/de\/wp-json\/wp\/v2\/carmodels?post=11845"},{"taxonomy":"brands","embeddable":true,"href":"https:\/\/e-parts.dk\/de\/wp-json\/wp\/v2\/brands?post=11845"}],"curies":[{"name":"wp","href":"https:\/\/api.w.org\/{rel}","templated":true}]}}