{"id":11675,"date":"2017-02-07T19:18:45","date_gmt":"2017-02-07T18:18:45","guid":{"rendered":"https:\/\/e-parts.dk\/?product=autoborste"},"modified":"2023-06-15T21:03:02","modified_gmt":"2023-06-15T19:03:02","slug":"autoborste-4","status":"publish","type":"product","link":"https:\/\/e-parts.dk\/de\/vare\/autoborste-4\/","title":{"rendered":"Autob\u00f8rste"},"content":{"rendered":"<p>Vikan transport til skaft, med genneml\u00f8b<\/p>\n<p><strong>Indhold<\/strong> <br \/>1 stk.<\/p>\n<p><strong>Anvendelse<\/strong><\/p>\n<ul>\n<li>Den korte all-round vaskeb\u00f8rste er s\u00e6rdeles effektiv og giver et str\u00e5lende resultattakket v\u00e6re de t\u00e6tsiddende, spaltede filamenter<\/li>\n<li>Gummikanten sikrer optimal sk\u00e5nsomhed<\/li>\n<\/ul>\n<p><strong>Download<\/strong><br \/><a title=\"Produktdatablad ES4005-0016.pdf\" href=\"\/wysiwyg\/PDF\/Produktdatablad_ES4005-0016_1.pdf\" target=\"_blank\" rel=\"noopener\">Produktdatablad<\/a><\/p>\n","protected":false},"excerpt":{"rendered":"<p>Til skaft med genneml\u00f8b<\/p>\n","protected":false},"featured_media":11671,"template":"","meta":{"_seopress_robots_primary_cat":"","_seopress_titles_title":"","_seopress_titles_desc":"","_seopress_robots_index":"","_mo_disable_npp":"","iawp_total_views":0},"product_brand":[],"product_cat":[2409,2399],"product_tag":[],"display":[],"carmodels":[],"brands":[],"class_list":{"0":"post-11675","1":"product","2":"type-product","3":"status-publish","4":"has-post-thumbnail","6":"product_cat-borster-de","7":"product_cat-vask-de","9":"first","10":"instock","11":"taxable","12":"shipping-taxable","13":"purchasable","14":"product-type-simple"},"tiered_pricing_type":"fixed","tiered_pricing_fixed_rules":[],"tiered_pricing_product_settings":{"layout":"default","base_unit_name":{"singular":null,"plural":null},"default_variation":null},"tiered_pricing_minimum_quantity":null,"tiered_pricing_roles_data":[],"tiered_pricing_percentage_rules":[],"_links":{"self":[{"href":"https:\/\/e-parts.dk\/de\/wp-json\/wp\/v2\/product\/11675","targetHints":{"allow":["GET"]}}],"collection":[{"href":"https:\/\/e-parts.dk\/de\/wp-json\/wp\/v2\/product"}],"about":[{"href":"https:\/\/e-parts.dk\/de\/wp-json\/wp\/v2\/types\/product"}],"wp:featuredmedia":[{"embeddable":true,"href":"https:\/\/e-parts.dk\/de\/wp-json\/wp\/v2\/media\/11671"}],"wp:attachment":[{"href":"https:\/\/e-parts.dk\/de\/wp-json\/wp\/v2\/media?parent=11675"}],"wp:term":[{"taxonomy":"product_brand","embeddable":true,"href":"https:\/\/e-parts.dk\/de\/wp-json\/wp\/v2\/product_brand?post=11675"},{"taxonomy":"product_cat","embeddable":true,"href":"https:\/\/e-parts.dk\/de\/wp-json\/wp\/v2\/product_cat?post=11675"},{"taxonomy":"product_tag","embeddable":true,"href":"https:\/\/e-parts.dk\/de\/wp-json\/wp\/v2\/product_tag?post=11675"},{"taxonomy":"display","embeddable":true,"href":"https:\/\/e-parts.dk\/de\/wp-json\/wp\/v2\/display?post=11675"},{"taxonomy":"carmodels","embeddable":true,"href":"https:\/\/e-parts.dk\/de\/wp-json\/wp\/v2\/carmodels?post=11675"},{"taxonomy":"brands","embeddable":true,"href":"https:\/\/e-parts.dk\/de\/wp-json\/wp\/v2\/brands?post=11675"}],"curies":[{"name":"wp","href":"https:\/\/api.w.org\/{rel}","templated":true}]}}