{"id":11605,"date":"2017-02-06T18:18:36","date_gmt":"2017-02-06T17:18:36","guid":{"rendered":"https:\/\/e-parts.dk\/?product=handrens"},"modified":"2023-06-15T21:03:00","modified_gmt":"2023-06-15T19:03:00","slug":"handrens-4","status":"publish","type":"product","link":"https:\/\/e-parts.dk\/de\/vare\/handrens-4\/","title":{"rendered":"H\u00e5ndrens"},"content":{"rendered":"<p>Deb swarfega med parfume<\/p>\n<p><strong>Indhold<\/strong> <br \/>1 stk. 2000 ML<\/p>\n<p><strong>Anvendelse<\/strong><\/p>\n<ul>\n<li>H\u00e5ndrens der er fri for opl\u00f8sningsmidler<\/li>\n<li>Produktet indeholder ikke-slibende mikropolykugler, der sikrer en dybderensende reng\u00f8ring samt et fugtighedsbevarende middel, der plejer huden<\/li>\n<li>Produktet fjerner indgroet olie, fedt og generel snavs<\/li>\n<\/ul>\n<p><strong>Download<\/strong><br \/><a title=\"Sikkerhedsdatablad ES4005-0009.pdf\" href=\"\/wysiwyg\/PDF\/Sikkerhedsdatablad_ES4005-0009_1.pdf\" target=\"_blank\" rel=\"noopener\">Sikkerhedsdatablad<\/a><br \/><a title=\"Produktdatablad ES4005-0009.pdf\" href=\"\/wysiwyg\/PDF\/Produktdatablad_ES4005-0009_1.pdf\" target=\"_blank\" rel=\"noopener\">Produktdatablad<\/a><\/p>\n","protected":false},"excerpt":{"rendered":"<p>Deb swarfega med parfume Indhold 1 stk. 2000 ML Anvendelse H\u00e5ndrens der er fri for opl\u00f8sningsmidler Produktet indeholder ikke-slibende mikropolykugler, der sikrer en dybderensende reng\u00f8ring samt et fugtighedsbevarende middel, der plejer huden Produktet fjerner indgroet olie, fedt og generel snavs DownloadSikkerhedsdatabladProduktdatablad<\/p>\n","protected":false},"featured_media":11601,"template":"","meta":{"_seopress_robots_primary_cat":"","_seopress_titles_title":"","_seopress_titles_desc":"","_seopress_robots_index":"","_mo_disable_npp":""},"product_brand":[],"product_cat":[2249,2234],"product_tag":[],"display":[],"carmodels":[],"brands":[],"class_list":{"0":"post-11605","1":"product","2":"type-product","3":"status-publish","4":"has-post-thumbnail","6":"product_cat-handrens-de","7":"product_cat-hygiejne-de","9":"first","10":"instock","11":"taxable","12":"shipping-taxable","13":"purchasable","14":"product-type-simple"},"tiered_pricing_type":"fixed","tiered_pricing_fixed_rules":[],"tiered_pricing_product_settings":{"layout":"default","base_unit_name":{"singular":null,"plural":null},"default_variation":null},"tiered_pricing_minimum_quantity":null,"tiered_pricing_roles_data":[],"tiered_pricing_percentage_rules":[],"_links":{"self":[{"href":"https:\/\/e-parts.dk\/de\/wp-json\/wp\/v2\/product\/11605","targetHints":{"allow":["GET"]}}],"collection":[{"href":"https:\/\/e-parts.dk\/de\/wp-json\/wp\/v2\/product"}],"about":[{"href":"https:\/\/e-parts.dk\/de\/wp-json\/wp\/v2\/types\/product"}],"wp:featuredmedia":[{"embeddable":true,"href":"https:\/\/e-parts.dk\/de\/wp-json\/wp\/v2\/media\/11601"}],"wp:attachment":[{"href":"https:\/\/e-parts.dk\/de\/wp-json\/wp\/v2\/media?parent=11605"}],"wp:term":[{"taxonomy":"product_brand","embeddable":true,"href":"https:\/\/e-parts.dk\/de\/wp-json\/wp\/v2\/product_brand?post=11605"},{"taxonomy":"product_cat","embeddable":true,"href":"https:\/\/e-parts.dk\/de\/wp-json\/wp\/v2\/product_cat?post=11605"},{"taxonomy":"product_tag","embeddable":true,"href":"https:\/\/e-parts.dk\/de\/wp-json\/wp\/v2\/product_tag?post=11605"},{"taxonomy":"display","embeddable":true,"href":"https:\/\/e-parts.dk\/de\/wp-json\/wp\/v2\/display?post=11605"},{"taxonomy":"carmodels","embeddable":true,"href":"https:\/\/e-parts.dk\/de\/wp-json\/wp\/v2\/carmodels?post=11605"},{"taxonomy":"brands","embeddable":true,"href":"https:\/\/e-parts.dk\/de\/wp-json\/wp\/v2\/brands?post=11605"}],"curies":[{"name":"wp","href":"https:\/\/api.w.org\/{rel}","templated":true}]}}