{"id":1095,"date":"2016-09-07T04:10:38","date_gmt":"2016-09-07T02:10:38","guid":{"rendered":"https:\/\/e-parts.dk\/?product=emballagetape"},"modified":"2023-06-15T19:16:13","modified_gmt":"2023-06-15T17:16:13","slug":"emballagetape-4","status":"publish","type":"product","link":"https:\/\/e-parts.dk\/de\/vare\/emballagetape-4\/","title":{"rendered":"Emballagetape"},"content":{"rendered":"<p>50mm bred, brun<\/p>\n<p>tesa<span class=\"sup\">\u00ae<\/span> 64014 best\u00e5r af en PP-folie med en vandbaseret akrylkl\u00e6ber.<br \/>Den specielle materialekombination sikrer en st\u00f8jsvag afrulning.<br \/>P\u00e5 grund af den vandbaserede akrylkl\u00e6ber har den en h\u00f8j alders- og UV-bestandighed. Da produktet er uden klorin og alene er baseret p\u00e5 derivater af mineralolie, kan det bortskaffes p\u00e5 milj\u00f8venlig vis ved hj\u00e6lp af varmebehandling.<\/p>\n<p><strong>Indhold<\/strong><\/p>\n<p>1 pakke med 6 ruller<\/p>\n","protected":false},"excerpt":{"rendered":"<p>50mm bred, brun tesa\u00ae 64014 best\u00e5r af en PP-folie med en vandbaseret akrylkl\u00e6ber.Den specielle materialekombination sikrer en st\u00f8jsvag afrulning.P\u00e5 grund af den vandbaserede akrylkl\u00e6ber har den en h\u00f8j alders- og UV-bestandighed. Da produktet er uden klorin og alene er baseret p\u00e5 derivater af mineralolie, kan det bortskaffes p\u00e5 milj\u00f8venlig vis ved hj\u00e6lp af varmebehandling. Indhold [&hellip;]<\/p>\n","protected":false},"featured_media":17763,"template":"","meta":{"_seopress_robots_primary_cat":"","_seopress_titles_title":"","_seopress_titles_desc":"","_seopress_robots_index":"","_mo_disable_npp":""},"product_brand":[],"product_cat":[2129,2144],"product_tag":[],"display":[],"carmodels":[],"brands":[],"class_list":{"0":"post-1095","1":"product","2":"type-product","3":"status-publish","4":"has-post-thumbnail","6":"product_cat-diverse-de","7":"product_cat-emballagetape-de","9":"first","10":"instock","11":"taxable","12":"shipping-taxable","13":"purchasable","14":"product-type-simple"},"tiered_pricing_type":"fixed","tiered_pricing_fixed_rules":[],"tiered_pricing_product_settings":{"layout":"default","base_unit_name":{"singular":null,"plural":null},"default_variation":null},"tiered_pricing_minimum_quantity":null,"tiered_pricing_roles_data":[],"tiered_pricing_percentage_rules":[],"_links":{"self":[{"href":"https:\/\/e-parts.dk\/de\/wp-json\/wp\/v2\/product\/1095","targetHints":{"allow":["GET"]}}],"collection":[{"href":"https:\/\/e-parts.dk\/de\/wp-json\/wp\/v2\/product"}],"about":[{"href":"https:\/\/e-parts.dk\/de\/wp-json\/wp\/v2\/types\/product"}],"wp:featuredmedia":[{"embeddable":true,"href":"https:\/\/e-parts.dk\/de\/wp-json\/wp\/v2\/media\/17763"}],"wp:attachment":[{"href":"https:\/\/e-parts.dk\/de\/wp-json\/wp\/v2\/media?parent=1095"}],"wp:term":[{"taxonomy":"product_brand","embeddable":true,"href":"https:\/\/e-parts.dk\/de\/wp-json\/wp\/v2\/product_brand?post=1095"},{"taxonomy":"product_cat","embeddable":true,"href":"https:\/\/e-parts.dk\/de\/wp-json\/wp\/v2\/product_cat?post=1095"},{"taxonomy":"product_tag","embeddable":true,"href":"https:\/\/e-parts.dk\/de\/wp-json\/wp\/v2\/product_tag?post=1095"},{"taxonomy":"display","embeddable":true,"href":"https:\/\/e-parts.dk\/de\/wp-json\/wp\/v2\/display?post=1095"},{"taxonomy":"carmodels","embeddable":true,"href":"https:\/\/e-parts.dk\/de\/wp-json\/wp\/v2\/carmodels?post=1095"},{"taxonomy":"brands","embeddable":true,"href":"https:\/\/e-parts.dk\/de\/wp-json\/wp\/v2\/brands?post=1095"}],"curies":[{"name":"wp","href":"https:\/\/api.w.org\/{rel}","templated":true}]}}