{"id":341,"date":"2017-02-09T18:01:51","date_gmt":"2017-02-09T17:01:51","guid":{"rendered":"https:\/\/e-parts.dk?p=341"},"modified":"2023-01-31T06:12:34","modified_gmt":"2023-01-31T05:12:34","slug":"bremsedele-de","status":"publish","type":"page","link":"https:\/\/e-parts.dk\/de\/bremsedele-de\/","title":{"rendered":"Bremsteile"},"content":{"rendered":"\n<p>Das Bremssystem des Autos geh\u00f6rt zu den wichtigsten Produktgruppen. Gerade auf diesem Bereich ist es deshalb \u00e4u\u00dferst wichtig, mit der Qualit\u00e4t keine Kompromisse zu machen. Werden Teile zweifelhafter Qualit\u00e4t montieret, wird dies die Bremsl\u00e4nge des Autos mit vielen Metern erh\u00f6hen k\u00f6nnen, was katastrophale Folgen haben kann.<\/p>\n\n\n\n<p><strong>Bremsbacken aus originaler Qualit\u00e4t<\/strong><br>Wir haben deshalb gew\u00e4hlt, mit einem der gro\u00dfen Lieferanten von Bremsbacken in Europa zusammenzuarbeiten. Mehrere der Referenzen werden in Japan in denselben Werken hergestellt, die direkt an die Autohersteller liefern. Dadurch werden gro\u00dfe Fachkenntnisse und eingehendes Know-how gesichert, was letzten Endes f\u00fcr die Kunden von Vorteil ist.&nbsp;<\/p>\n\n\n\n<p>Die Produktion ist immer einheitlich und von h\u00f6chster Qualit\u00e4t. Die Bremsbacken von e-parts erf\u00fcllen die jeweiligen gesetzlichen Bedingungen und entsprechen selbstverst\u00e4ndlich ECR\/90. Mit Bremsbacken von e-parts kommen Sie somit der originalen Qualit\u00e4t am n\u00e4chsten, ohne dabei den hohen originalen Preis zahlen zu m\u00fcssen.<\/p>\n\n\n\n<p><strong>Bremsscheiben aus originaler Qualit\u00e4t<\/strong><br>Unsere Bremsscheiben werden gem\u00e4\u00df den h\u00f6chstm\u00f6glichen Standards hergestellt, u.a. ISO 9001\/2000 und ISO\/TS 16949. Dadurch wird eine einheitliche und immer hohe Qualit\u00e4t gesichert. Daf\u00fcr sind die Preise aber ganz niedrig und werden immer, ungeachtet Marke oder Modell, sehr wettbewerbsf\u00e4hig sein.<\/p>\n\n\n\n<p><strong>Bremssattel ohne R\u00fccksendung \u2013 die einfache L\u00f6sung<\/strong><br>Als einer der einzigen Anbieter in Europa bieten wir unsere Bremss\u00e4ttel ohne Altteilabgabe an. Wir haben diese L\u00f6sung gew\u00e4hlt, um Kosten f\u00fcr Fracht und Verwaltung zu sparen. F\u00fcr Sie als Kunden bedeutet dies, dass Sie die Ware wie alle anderen Waren kaufen, ohne dabei daran denken zu m\u00fcssen, die gebrauchten Bremss\u00e4ttel zur\u00fcckzusenden und auf die Gutschrift f\u00fcr eine R\u00fcckzahlung warten zu m\u00fcssen.<br><br>Unser Set besteht aus zwei Bremss\u00e4tteln (jeweils ein Set f\u00fcr jede Seite), einem Bremsbacken-Set und eventuellen Befestigungsteilen. Wenn Sie unsere Preise mit denen anderer Anbieter vergleichen, werden Sie feststellen, dass e-part auch in diesem Bereich sehr konkurrenzf\u00e4hig ist.<\/p>\n","protected":false},"excerpt":{"rendered":"<p>Das Bremssystem des Autos geh\u00f6rt zu den wichtigsten Produktgruppen. Gerade auf diesem Bereich ist es deshalb \u00e4u\u00dferst wichtig, mit der Qualit\u00e4t keine Kompromisse zu machen. Werden Teile zweifelhafter Qualit\u00e4t montieret, wird dies die Bremsl\u00e4nge des Autos mit vielen Metern erh\u00f6hen k\u00f6nnen, was katastrophale Folgen haben kann. Bremsbacken aus originaler Qualit\u00e4tWir haben deshalb gew\u00e4hlt, mit einem [&hellip;]<\/p>\n","protected":false},"author":1,"featured_media":0,"parent":0,"menu_order":0,"comment_status":"closed","ping_status":"closed","template":"","meta":{"_seopress_robots_primary_cat":"","_seopress_titles_title":"","_seopress_titles_desc":"","_seopress_robots_index":"","_mo_disable_npp":"","iawp_total_views":0,"footnotes":""},"class_list":["post-341","page","type-page","status-publish","hentry"],"blocksy_meta":{"styles_descriptor":{"styles":{"desktop":"","tablet":"","mobile":""},"google_fonts":[],"version":6}},"_links":{"self":[{"href":"https:\/\/e-parts.dk\/de\/wp-json\/wp\/v2\/pages\/341","targetHints":{"allow":["GET"]}}],"collection":[{"href":"https:\/\/e-parts.dk\/de\/wp-json\/wp\/v2\/pages"}],"about":[{"href":"https:\/\/e-parts.dk\/de\/wp-json\/wp\/v2\/types\/page"}],"author":[{"embeddable":true,"href":"https:\/\/e-parts.dk\/de\/wp-json\/wp\/v2\/users\/1"}],"replies":[{"embeddable":true,"href":"https:\/\/e-parts.dk\/de\/wp-json\/wp\/v2\/comments?post=341"}],"version-history":[{"count":0,"href":"https:\/\/e-parts.dk\/de\/wp-json\/wp\/v2\/pages\/341\/revisions"}],"wp:attachment":[{"href":"https:\/\/e-parts.dk\/de\/wp-json\/wp\/v2\/media?parent=341"}],"curies":[{"name":"wp","href":"https:\/\/api.w.org\/{rel}","templated":true}]}}