{"id":22102,"date":"2022-12-15T21:21:37","date_gmt":"2022-12-15T20:21:37","guid":{"rendered":"https:\/\/e-parts.dk\/ersatzteile\/"},"modified":"2023-05-24T12:26:22","modified_gmt":"2023-05-24T10:26:22","slug":"ersatzteile","status":"publish","type":"page","link":"https:\/\/e-parts.dk\/de\/ersatzteile\/","title":{"rendered":"Ersatzteile"},"content":{"rendered":"\t\t<div data-elementor-type=\"wp-page\" data-elementor-id=\"22102\" class=\"elementor elementor-22102 elementor-16258\" data-elementor-post-type=\"page\">\n\t\t\t\t<div class=\"elementor-element elementor-element-bf8e87e e-flex e-con-boxed e-con e-parent\" data-id=\"bf8e87e\" data-element_type=\"container\" data-e-type=\"container\" data-settings=\"{&quot;jet_parallax_layout_list&quot;:[]}\">\n\t\t\t\t\t<div class=\"e-con-inner\">\n\t\t\t\t<div class=\"elementor-element elementor-element-bbed9cf elementor-widget elementor-widget-heading\" data-id=\"bbed9cf\" data-element_type=\"widget\" data-e-type=\"widget\" data-widget_type=\"heading.default\">\n\t\t\t\t<div class=\"elementor-widget-container\">\n\t\t\t\t\t<h4 class=\"elementor-heading-title elementor-size-default\">W\u00e4hlen Sie Automarke, Modell und Baujahr<\/h4>\t\t\t\t<\/div>\n\t\t\t\t<\/div>\n\t\t<div class=\"elementor-element elementor-element-9f78f55 e-con-full e-flex e-con e-parent\" data-id=\"9f78f55\" data-element_type=\"container\" data-e-type=\"container\" data-settings=\"{&quot;jet_parallax_layout_list&quot;:[],&quot;background_background&quot;:&quot;classic&quot;}\">\n\t\t\t\t<div class=\"elementor-element elementor-element-a84ea05 jet-smart-filter-content-position-line jet-smart-filter-group-position-line elementor-widget elementor-widget-jet-smart-filters-select\" data-id=\"a84ea05\" data-element_type=\"widget\" data-e-type=\"widget\" id=\"tirefilter\" data-widget_type=\"jet-smart-filters-select.default\">\n\t\t\t\t<div class=\"elementor-widget-container\">\n\t\t\t\t\t<div class=\"jet-smart-filters-hierarchy jet-filter \" data-indexer-rule=\"show\" data-show-counter=\"\" data-change-counter=\"always\"><div class=\"jet-filters-group\">\n<div class=\"jet-select\" data-query-type=\"tax_query\" data-query-var=\"carmodels\" data-smart-filter=\"select\" data-filter-id=\"16577\" data-apply-type=\"ajax\" data-content-provider=\"jet-engine\" data-additional-providers=\"\" data-query-id=\"default\" data-active-label=\"\" data-layout-options=\"{&quot;show_label&quot;:true,&quot;display_options&quot;:{&quot;show_items_label&quot;:false,&quot;show_decorator&quot;:false,&quot;filter_image_size&quot;:&quot;full&quot;,&quot;show_counter&quot;:false}}\" data-query-var-suffix=\"\" data-apply-on=\"value\" data-hierarchical=\"1\">\n\t<div class=\"jet-filter-label\">M\u00e6rke<\/div>\n\t\t\t<select\n\t\t\tclass=\"jet-select__control depth-0\"\n\t\t\tname=\"carmodels\"\n\t\t\t\t\t\taria-label=\"M\u00e6rke\"\n\t\t>\n\t\t\t\t\t\t\t<option value=\"\">\n\t\t\t\t\tAlle\t\t\t\t<\/option>\n\t\t\t\t\t\t\t\t\t\t<option\n\t\t\t\t\tvalue=\"6968\"\n\t\t\t\t\tdata-label=\"CHEVROLET\"\n\t\t\t\t\tdata-counter-prefix=\"\"\n\t\t\t\t\tdata-counter-suffix=\"\"\n\t\t\t\t\t\t\t\t\t\t\t\t\t\t>\n\t\t\t\t\tCHEVROLET\t\t\t\t<\/option>\n\t\t\t\t\t\t\t\t<option\n\t\t\t\t\tvalue=\"7552\"\n\t\t\t\t\tdata-label=\"HONDA\"\n\t\t\t\t\tdata-counter-prefix=\"\"\n\t\t\t\t\tdata-counter-suffix=\"\"\n\t\t\t\t\t\t\t\t\t\t\t\t\t\t>\n\t\t\t\t\tHONDA\t\t\t\t<\/option>\n\t\t\t\t\t\t\t\t<option\n\t\t\t\t\tvalue=\"6961\"\n\t\t\t\t\tdata-label=\"HYUNDAI\"\n\t\t\t\t\tdata-counter-prefix=\"\"\n\t\t\t\t\tdata-counter-suffix=\"\"\n\t\t\t\t\t\t\t\t\t\t\t\t\t\t>\n\t\t\t\t\tHYUNDAI\t\t\t\t<\/option>\n\t\t\t\t\t\t\t\t<option\n\t\t\t\t\tvalue=\"6979\"\n\t\t\t\t\tdata-label=\"KIA\"\n\t\t\t\t\tdata-counter-prefix=\"\"\n\t\t\t\t\tdata-counter-suffix=\"\"\n\t\t\t\t\t\t\t\t\t\t\t\t\t\t>\n\t\t\t\t\tKIA\t\t\t\t<\/option>\n\t\t\t\t\t\t\t\t<option\n\t\t\t\t\tvalue=\"6982\"\n\t\t\t\t\tdata-label=\"MAZDA\"\n\t\t\t\t\tdata-counter-prefix=\"\"\n\t\t\t\t\tdata-counter-suffix=\"\"\n\t\t\t\t\t\t\t\t\t\t\t\t\t\t>\n\t\t\t\t\tMAZDA\t\t\t\t<\/option>\n\t\t\t\t\t\t\t\t<option\n\t\t\t\t\tvalue=\"6954\"\n\t\t\t\t\tdata-label=\"MITSUBISHI\"\n\t\t\t\t\tdata-counter-prefix=\"\"\n\t\t\t\t\tdata-counter-suffix=\"\"\n\t\t\t\t\t\t\t\t\t\t\t\t\t\t>\n\t\t\t\t\tMITSUBISHI\t\t\t\t<\/option>\n\t\t\t\t\t\t\t\t<option\n\t\t\t\t\tvalue=\"7991\"\n\t\t\t\t\tdata-label=\"NISSAN\"\n\t\t\t\t\tdata-counter-prefix=\"\"\n\t\t\t\t\tdata-counter-suffix=\"\"\n\t\t\t\t\t\t\t\t\t\t\t\t\t\t>\n\t\t\t\t\tNISSAN\t\t\t\t<\/option>\n\t\t\t\t\t\t\t\t<option\n\t\t\t\t\tvalue=\"7065\"\n\t\t\t\t\tdata-label=\"SUBARU\"\n\t\t\t\t\tdata-counter-prefix=\"\"\n\t\t\t\t\tdata-counter-suffix=\"\"\n\t\t\t\t\t\t\t\t\t\t\t\t\t\t>\n\t\t\t\t\tSUBARU\t\t\t\t<\/option>\n\t\t\t\t\t\t\t\t<option\n\t\t\t\t\tvalue=\"6990\"\n\t\t\t\t\tdata-label=\"TOYOTA\"\n\t\t\t\t\tdata-counter-prefix=\"\"\n\t\t\t\t\tdata-counter-suffix=\"\"\n\t\t\t\t\t\t\t\t\t\t\t\t\t\t>\n\t\t\t\t\tTOYOTA\t\t\t\t<\/option>\n\t\t\t\t<\/select>\n\t<\/div><div class=\"jet-select\" data-query-type=\"tax_query\" data-query-var=\"carmodels\" data-smart-filter=\"select\" data-filter-id=\"16577\" data-apply-type=\"ajax\" data-content-provider=\"jet-engine\" data-additional-providers=\"\" data-query-id=\"default\" data-active-label=\"\" data-layout-options=\"{&quot;show_label&quot;:true,&quot;display_options&quot;:{&quot;show_items_label&quot;:false,&quot;show_decorator&quot;:false,&quot;filter_image_size&quot;:&quot;full&quot;,&quot;show_counter&quot;:false}}\" data-query-var-suffix=\"\" data-apply-on=\"value\" data-hierarchical=\"1\">\n\t<div class=\"jet-filter-label\">Model<\/div>\n\t\t\t<select\n\t\t\tclass=\"jet-select__control depth-1\"\n\t\t\tname=\"carmodels\"\n\t\t\t\t\t\taria-label=\"Model\"\n\t\t>\n\t\t\t\t\t\t\t<option value=\"\">\n\t\t\t\t\tAlle\t\t\t\t<\/option>\n\t\t\t\t\t\t<\/select>\n\t<\/div><div class=\"jet-select\" data-query-type=\"tax_query\" data-query-var=\"carmodels\" data-smart-filter=\"select\" data-filter-id=\"16577\" data-apply-type=\"ajax\" data-content-provider=\"jet-engine\" data-additional-providers=\"\" data-query-id=\"default\" data-active-label=\"\" data-layout-options=\"{&quot;show_label&quot;:true,&quot;display_options&quot;:{&quot;show_items_label&quot;:false,&quot;show_decorator&quot;:false,&quot;filter_image_size&quot;:&quot;full&quot;,&quot;show_counter&quot;:false}}\" data-query-var-suffix=\"\" data-apply-on=\"value\" data-hierarchical=\"1\">\n\t<div class=\"jet-filter-label\">\u00c5rgang<\/div>\n\t\t\t<select\n\t\t\tclass=\"jet-select__control depth-2\"\n\t\t\tname=\"carmodels\"\n\t\t\t\t\t\taria-label=\"\u00c5rgang\"\n\t\t>\n\t\t\t\t\t\t\t<option value=\"\">\n\t\t\t\t\tAlle\t\t\t\t<\/option>\n\t\t\t\t\t\t<\/select>\n\t<\/div><div class=\"jet-select\" data-query-type=\"tax_query\" data-query-var=\"carmodels\" data-smart-filter=\"select\" data-filter-id=\"16577\" data-apply-type=\"ajax\" data-content-provider=\"jet-engine\" data-additional-providers=\"\" data-query-id=\"default\" data-active-label=\"\" data-layout-options=\"{&quot;show_label&quot;:true,&quot;display_options&quot;:{&quot;show_items_label&quot;:false,&quot;show_decorator&quot;:false,&quot;filter_image_size&quot;:&quot;full&quot;,&quot;show_counter&quot;:false}}\" data-query-var-suffix=\"\" data-apply-on=\"value\" data-hierarchical=\"1\">\n\t<div class=\"jet-filter-label\">Motor<\/div>\n\t\t\t<select\n\t\t\tclass=\"jet-select__control depth-3\"\n\t\t\tname=\"carmodels\"\n\t\t\t\t\t\taria-label=\"Motor\"\n\t\t>\n\t\t\t\t\t\t\t<option value=\"\">\n\t\t\t\t\tAlle\t\t\t\t<\/option>\n\t\t\t\t\t\t<\/select>\n\t<\/div><\/div>\n<\/div>\t\t\t\t<\/div>\n\t\t\t\t<\/div>\n\t\t\t\t<div class=\"elementor-element elementor-element-21e7f6c elementor-widget elementor-widget-jet-smart-filters-sorting\" data-id=\"21e7f6c\" data-element_type=\"widget\" data-e-type=\"widget\" data-widget_type=\"jet-smart-filters-sorting.default\">\n\t\t\t\t<div class=\"elementor-widget-container\">\n\t\t\t\t\t<div class=\"jet-smart-filters-sorting jet-filter\"><div\n\tclass=\"jet-sorting jet-sorting--flex-column\"\n\t data-smart-filter=\"sorting\" data-query-type=\"sort\" data-query-var=\"standard\" data-content-provider=\"jet-engine\" data-query-id=\"default\" data-apply-type=\"ajax\" data-apply-on=\"value\" data-additional-providers=\"\">\n\t\t<select\n\t\tclass=\"jet-sorting-select\"\n\t\tname=\"select-name\"\n\t\t\t\taria-label=\"Sort filter\"\n\t>\n\t\t\t\t\t<option value=\"\">\n\t\t\t\tSort...\t\t\t<\/option>\n\t\t\t\t\t\t\t<option\n\t\t\t\tvalue=\"{&quot;orderby&quot;:&quot;title&quot;,&quot;order&quot;:&quot;ASC&quot;}\"\n\t\t\t\t\t\t\t>\n\t\t\t\tBy title from lowest to highest\t\t\t<\/option>\n\t\t\t\t\t<option\n\t\t\t\tvalue=\"{&quot;orderby&quot;:&quot;title&quot;,&quot;order&quot;:&quot;DESC&quot;}\"\n\t\t\t\t\t\t\t>\n\t\t\t\tBy title from highest to lowest\t\t\t<\/option>\n\t\t\t\t\t<option\n\t\t\t\tvalue=\"{&quot;orderby&quot;:&quot;date&quot;,&quot;order&quot;:&quot;ASC&quot;}\"\n\t\t\t\t\t\t\t>\n\t\t\t\tBy date from lowest to highest\t\t\t<\/option>\n\t\t\t\t\t<option\n\t\t\t\tvalue=\"{&quot;orderby&quot;:&quot;date&quot;,&quot;order&quot;:&quot;DESC&quot;}\"\n\t\t\t\t\t\t\t>\n\t\t\t\tBy date from highest to lowest\t\t\t<\/option>\n\t\t\t<\/select>\n<\/div>\n<\/div>\t\t\t\t<\/div>\n\t\t\t\t<\/div>\n\t\t\t\t<\/div>\n\t\t\t\t\t<\/div>\n\t\t\t\t<\/div>\n\t\t<div class=\"elementor-element elementor-element-9a82408 e-flex e-con-boxed e-con e-parent\" data-id=\"9a82408\" data-element_type=\"container\" data-e-type=\"container\" data-settings=\"{&quot;jet_parallax_layout_list&quot;:[]}\">\n\t\t\t\t\t<div class=\"e-con-inner\">\n\t\t\t\t<div class=\"elementor-element elementor-element-44b9ce5 elementor-widget elementor-widget-jet-listing-grid\" data-id=\"44b9ce5\" data-element_type=\"widget\" data-e-type=\"widget\" data-settings=\"{&quot;columns&quot;:&quot;4&quot;,&quot;columns_tablet&quot;:&quot;3&quot;,&quot;columns_mobile&quot;:&quot;1&quot;}\" data-widget_type=\"jet-listing-grid.default\">\n\t\t\t\t<div class=\"elementor-widget-container\">\n\t\t\t\t\t<div class=\"jet-listing-grid jet-listing\"><div class=\"jet-listing-not-found jet-listing-grid__items\" data-nav=\"{&quot;enabled&quot;:true,&quot;type&quot;:&quot;click&quot;,&quot;more_el&quot;:&quot;#load_more&quot;,&quot;query&quot;:{&quot;query_id&quot;:3,&quot;posts_per_page&quot;:20,&quot;signature&quot;:&quot;cb12be2205c44c674508fb545f9459f15242f15184e07c681ebc5b68dd346b0d&quot;},&quot;widget_settings&quot;:{&quot;lisitng_id&quot;:16562,&quot;posts_num&quot;:20,&quot;columns&quot;:4,&quot;columns_tablet&quot;:3,&quot;columns_mobile&quot;:1,&quot;column_min_width&quot;:240,&quot;column_min_width_tablet&quot;:240,&quot;column_min_width_mobile&quot;:240,&quot;inline_columns_css&quot;:false,&quot;is_archive_template&quot;:&quot;&quot;,&quot;post_status&quot;:[&quot;publish&quot;],&quot;use_random_posts_num&quot;:&quot;&quot;,&quot;max_posts_num&quot;:9,&quot;not_found_message&quot;:&quot;No data was found&quot;,&quot;is_masonry&quot;:false,&quot;equal_columns_height&quot;:&quot;yes&quot;,&quot;use_load_more&quot;:&quot;yes&quot;,&quot;load_more_id&quot;:&quot;load_more&quot;,&quot;load_more_type&quot;:&quot;click&quot;,&quot;load_more_offset&quot;:{&quot;unit&quot;:&quot;px&quot;,&quot;size&quot;:0,&quot;sizes&quot;:[]},&quot;use_custom_post_types&quot;:&quot;&quot;,&quot;custom_post_types&quot;:[],&quot;hide_widget_if&quot;:&quot;&quot;,&quot;carousel_enabled&quot;:&quot;&quot;,&quot;slides_to_scroll&quot;:&quot;1&quot;,&quot;arrows&quot;:&quot;true&quot;,&quot;arrow_icon&quot;:&quot;fa fa-angle-left&quot;,&quot;dots&quot;:&quot;&quot;,&quot;autoplay&quot;:&quot;true&quot;,&quot;pause_on_hover&quot;:&quot;true&quot;,&quot;autoplay_speed&quot;:5000,&quot;infinite&quot;:&quot;true&quot;,&quot;center_mode&quot;:&quot;&quot;,&quot;effect&quot;:&quot;slide&quot;,&quot;speed&quot;:500,&quot;inject_alternative_items&quot;:&quot;&quot;,&quot;injection_items&quot;:[],&quot;scroll_slider_enabled&quot;:&quot;&quot;,&quot;scroll_slider_on&quot;:[&quot;desktop&quot;,&quot;tablet&quot;,&quot;mobile&quot;],&quot;custom_query&quot;:&quot;yes&quot;,&quot;custom_query_id&quot;:&quot;3&quot;,&quot;_element_id&quot;:&quot;&quot;,&quot;collapse_first_last_gap&quot;:false,&quot;list_tag_selection&quot;:&quot;&quot;,&quot;list_items_wrapper_tag&quot;:&quot;div&quot;,&quot;list_item_tag&quot;:&quot;div&quot;,&quot;empty_items_wrapper_tag&quot;:&quot;div&quot;}}\" data-listing-source=\"query\" data-listing-id=\"16562\" data-query-id=\"3\" data-queried-id=\"22102|WP_Post\">No data was found<\/div><\/div>\t\t\t\t<\/div>\n\t\t\t\t<\/div>\n\t\t\t\t\t<\/div>\n\t\t\t\t<\/div>\n\t\t<div class=\"elementor-element elementor-element-075d261 e-flex e-con-boxed e-con e-parent\" data-id=\"075d261\" data-element_type=\"container\" data-e-type=\"container\" data-settings=\"{&quot;jet_parallax_layout_list&quot;:[]}\">\n\t\t\t\t\t<div class=\"e-con-inner\">\n\t\t\t\t<div class=\"elementor-element elementor-element-830fc14 elementor-align-center elementor-widget elementor-widget-button\" data-id=\"830fc14\" data-element_type=\"widget\" data-e-type=\"widget\" id=\"load_more\" data-widget_type=\"button.default\">\n\t\t\t\t<div class=\"elementor-widget-container\">\n\t\t\t\t\t\t\t\t\t<div class=\"elementor-button-wrapper\">\n\t\t\t\t\t<a class=\"elementor-button elementor-button-link elementor-size-sm\" href=\"#\">\n\t\t\t\t\t\t<span class=\"elementor-button-content-wrapper\">\n\t\t\t\t\t\t\t\t\t<span class=\"elementor-button-text\">Mehr erfahren<\/span>\n\t\t\t\t\t<\/span>\n\t\t\t\t\t<\/a>\n\t\t\t\t<\/div>\n\t\t\t\t\t\t\t\t<\/div>\n\t\t\t\t<\/div>\n\t\t\t\t\t<\/div>\n\t\t\t\t<\/div>\n\t\t\t\t<\/div>\n\t\t","protected":false},"excerpt":{"rendered":"<p>W\u00e4hlen Sie Automarke, Modell und Baujahr M\u00e6rke AlleCHEVROLETCITRO\u00caNDACIAHONDAHYUNDAIKIAMAZDAMITSUBISHINISSANPEUGEOTSUBARUTOYOTA Model Alle \u00c5rgang Alle Motor Alle Sort&#8230;By title from lowest to highestBy title from highest to lowestBy date from lowest to highestBy date from highest to lowest SKU: 51712-0X700 99 Bremseskiver, for, Program, Reservedele 185,00&nbsp;kr. K\u00f8b SKU: K0Y1 26 48Z 99 Bremseklodser, bag 180,00&nbsp;kr. K\u00f8b SKU: HELLA [&hellip;]<\/p>\n","protected":false},"author":1,"featured_media":0,"parent":0,"menu_order":0,"comment_status":"closed","ping_status":"closed","template":"elementor_header_footer","meta":{"_seopress_robots_primary_cat":"","_seopress_titles_title":"","_seopress_titles_desc":"","_seopress_robots_index":"","_mo_disable_npp":"","footnotes":""},"class_list":["post-22102","page","type-page","status-publish","hentry"],"blocksy_meta":{"styles_descriptor":{"styles":{"desktop":"","tablet":"","mobile":""},"google_fonts":[],"version":6}},"_links":{"self":[{"href":"https:\/\/e-parts.dk\/de\/wp-json\/wp\/v2\/pages\/22102","targetHints":{"allow":["GET"]}}],"collection":[{"href":"https:\/\/e-parts.dk\/de\/wp-json\/wp\/v2\/pages"}],"about":[{"href":"https:\/\/e-parts.dk\/de\/wp-json\/wp\/v2\/types\/page"}],"author":[{"embeddable":true,"href":"https:\/\/e-parts.dk\/de\/wp-json\/wp\/v2\/users\/1"}],"replies":[{"embeddable":true,"href":"https:\/\/e-parts.dk\/de\/wp-json\/wp\/v2\/comments?post=22102"}],"version-history":[{"count":0,"href":"https:\/\/e-parts.dk\/de\/wp-json\/wp\/v2\/pages\/22102\/revisions"}],"wp:attachment":[{"href":"https:\/\/e-parts.dk\/de\/wp-json\/wp\/v2\/media?parent=22102"}],"curies":[{"name":"wp","href":"https:\/\/api.w.org\/{rel}","templated":true}]}}