{"id":16793,"date":"2017-02-09T18:02:39","date_gmt":"2017-02-09T17:02:39","guid":{"rendered":"https:\/\/e-parts.dk\/viskerblade\/"},"modified":"2023-02-01T11:24:24","modified_gmt":"2023-02-01T10:24:24","slug":"scheibenwischerblattern","status":"publish","type":"page","link":"https:\/\/e-parts.dk\/de\/scheibenwischerblattern\/","title":{"rendered":"Scheibenwischerbl\u00e4ttern"},"content":{"rendered":"<p>Der Markt bietet eine Vielzahl von Scheibenwischerbl\u00e4ttern unterschiedlicher Qualit\u00e4t und zu unterschiedlichen Preisen. Die Billigen zeichnen sich in der Regel durch eine qualitativ minderwertige Gummimischung aus, welches sich durch eine kurze Lebensdauer und eine geringe Widerstandsf\u00e4higkeit gegen\u00fcber unterschiedlichen Witterungsbedingungen bemerkbar macht. F\u00fcr die billigen Wischerbl\u00e4tter werden h\u00e4ufig Kunststoffrahmen verwendet. Dadurch ist der auf die Windschutzscheibe ausge\u00fcbte Druck nicht gleichm\u00e4\u00dfig bzw. nicht stark genug \u2013 mit dem Ergebnis, dass das Wischerblatt Streifen auf der Scheibe zieht, oder dass das Gummi nicht \u201eumklappt\u201c und somit Ger\u00e4usche verursacht.<\/p>\n<p>Die hochwertigeren Wischerbl\u00e4tter zeichnen sich durch eine gute Gummiqualit\u00e4t und einen Rahmen aus Metall aus. Bei dieser G\u00fcteklasse wischt das Wischerblatt die Scheibe ordentlich und in der Regel ger\u00e4uschlos ab. Der Nachteil ist jedoch der hohe Preis.<\/p>\n<p>Die Wischerbl\u00e4tter von e-parts werden in einer sehr guten Gummiqualit\u00e4t in einem Rahmen aus Metall gefertigt. Bereits seit Jahren testen wir die Wischerbl\u00e4tter an unseren eigenen Fahrzeugen und k\u00f6nnen somit garantieren, dass die Qualit\u00e4t absolute Spitze ist. Unsere Wischerbl\u00e4tter sind ger\u00e4uscharm, die Wischf\u00e4higkeit ist ausgezeichnet und die Lebensdauer \u00fcberdurchschnittlich lang.<\/p>\n<p>Wischerbl\u00e4tter von e-parts gibt es zu sehr wettbewerbsf\u00e4higen Preisen, beginnend bei nur 4,00 Euro. Dabei ist es kinderleicht, das richtige e-parts-Wischerblatt zu finden, da bei uns die Blattl\u00e4nge Bestandteil der Bestellnummer ist. So lautet die Artikelnummer f\u00fcr ein 50 cm Wischerblatt bei uns z. B. \u201eWIPE 00 500\u201c.<\/p>\n","protected":false},"excerpt":{"rendered":"<p>Der Markt bietet eine Vielzahl von Scheibenwischerbl\u00e4ttern unterschiedlicher Qualit\u00e4t und zu unterschiedlichen Preisen. Die Billigen zeichnen sich in der Regel durch eine qualitativ minderwertige Gummimischung aus, welches sich durch eine kurze Lebensdauer und eine geringe Widerstandsf\u00e4higkeit gegen\u00fcber unterschiedlichen Witterungsbedingungen bemerkbar macht. F\u00fcr die billigen Wischerbl\u00e4tter werden h\u00e4ufig Kunststoffrahmen verwendet. Dadurch ist der auf die Windschutzscheibe [&hellip;]<\/p>\n","protected":false},"author":1,"featured_media":0,"parent":0,"menu_order":0,"comment_status":"closed","ping_status":"closed","template":"","meta":{"_seopress_robots_primary_cat":"","_seopress_titles_title":"","_seopress_titles_desc":"","_seopress_robots_index":"","_mo_disable_npp":"","iawp_total_views":0,"footnotes":""},"class_list":["post-16793","page","type-page","status-publish","hentry"],"blocksy_meta":{"styles_descriptor":{"styles":{"desktop":"","tablet":"","mobile":""},"google_fonts":[],"version":6}},"_links":{"self":[{"href":"https:\/\/e-parts.dk\/de\/wp-json\/wp\/v2\/pages\/16793","targetHints":{"allow":["GET"]}}],"collection":[{"href":"https:\/\/e-parts.dk\/de\/wp-json\/wp\/v2\/pages"}],"about":[{"href":"https:\/\/e-parts.dk\/de\/wp-json\/wp\/v2\/types\/page"}],"author":[{"embeddable":true,"href":"https:\/\/e-parts.dk\/de\/wp-json\/wp\/v2\/users\/1"}],"replies":[{"embeddable":true,"href":"https:\/\/e-parts.dk\/de\/wp-json\/wp\/v2\/comments?post=16793"}],"version-history":[{"count":0,"href":"https:\/\/e-parts.dk\/de\/wp-json\/wp\/v2\/pages\/16793\/revisions"}],"wp:attachment":[{"href":"https:\/\/e-parts.dk\/de\/wp-json\/wp\/v2\/media?parent=16793"}],"curies":[{"name":"wp","href":"https:\/\/api.w.org\/{rel}","templated":true}]}}