{"id":16788,"date":"2017-02-09T18:00:39","date_gmt":"2017-02-09T17:00:39","guid":{"rendered":"https:\/\/e-parts.dk\/udstoedningssystemer\/"},"modified":"2023-04-22T21:36:02","modified_gmt":"2023-04-22T19:36:02","slug":"auspuffanlagen","status":"publish","type":"page","link":"https:\/\/e-parts.dk\/de\/auspuffanlagen\/","title":{"rendered":"Auspuffanlagen"},"content":{"rendered":"\n<p>Das deutsche Klima stellt durch die wechselnden Jahreszeiten, vereiste Stra\u00dfen und den Einsatz von Streusalz gro\u00dfe Anforderungen an die Auspuffanlage des PKW und das diesbez\u00fcgliche Know-how des Herstellers.<\/p>\n\n\n\n<p>Die Auspuffanlagen von e-parts sind aus einer speziellen Zink-Stahl-Legierung (ALZN) gefertigt, die einen einmaligen Schutz gegen Rost und sonstige Umwelteinfl\u00fcsse gew\u00e4hrleistet. S\u00e4mtliche Auspuffteile werden im finnischen Werk produziert \u2013 vom Rohrrohling bis hin zum fertigen Schalld\u00e4mpfer. Dadurch bleibt die gesamte Produktion unter einem Dach und l\u00e4sst sich somit besser steuern.<\/p>\n\n\n\n<p>Die Auspuffanlagen von e-parts zeichnen sich durch eine hervorragende, der Originalg\u00fcte entsprechende Qualit\u00e4t aus \u2013 und zwar zu einem im Vergleich zu den sonstigen auf dem Markt erh\u00e4ltlichen Auspuffanlagen sehr niedrigen Preis. Die gro\u00dfen nordischen Automobilimporteure setzen deshalb bereits seit vielen Jahren dieses System als Alternative zu den Originalauspuffanlagen ein.<\/p>\n\n\n\n<p>Die e-parts-Auspuffanlagen entsprechen der EU-Richtlinie 70\/157\/EWG (Vorschriften \u00fcber den zul\u00e4ssigen Ger\u00e4uschpegel). Dar\u00fcber hinaus ist die Passform perfekt, welches bedeutet, dass sich die Auspuffanlagen von e-parts schnell und einfach austauschen lassen.<\/p>\n\n\n\n<p>Die Produktion im hochtechnologischen Werk in Finnland ist vom T\u00dcV zertifiziert. Dadurch wird ein gleichbleibendes, sehr hohes Qualit\u00e4tsniveau gew\u00e4hrleistet.<\/p>\n","protected":false},"excerpt":{"rendered":"<p>Das deutsche Klima stellt durch die wechselnden Jahreszeiten, vereiste Stra\u00dfen und den Einsatz von Streusalz gro\u00dfe Anforderungen an die Auspuffanlage des PKW und das diesbez\u00fcgliche Know-how des Herstellers. Die Auspuffanlagen von e-parts sind aus einer speziellen Zink-Stahl-Legierung (ALZN) gefertigt, die einen einmaligen Schutz gegen Rost und sonstige Umwelteinfl\u00fcsse gew\u00e4hrleistet. S\u00e4mtliche Auspuffteile werden im finnischen Werk [&hellip;]<\/p>\n","protected":false},"author":1,"featured_media":0,"parent":0,"menu_order":0,"comment_status":"closed","ping_status":"closed","template":"","meta":{"_seopress_robots_primary_cat":"","_seopress_titles_title":"","_seopress_titles_desc":"","_seopress_robots_index":"","_mo_disable_npp":"","iawp_total_views":0,"footnotes":""},"class_list":["post-16788","page","type-page","status-publish","hentry"],"blocksy_meta":{"styles_descriptor":{"styles":{"desktop":"","tablet":"","mobile":""},"google_fonts":[],"version":6}},"_links":{"self":[{"href":"https:\/\/e-parts.dk\/de\/wp-json\/wp\/v2\/pages\/16788","targetHints":{"allow":["GET"]}}],"collection":[{"href":"https:\/\/e-parts.dk\/de\/wp-json\/wp\/v2\/pages"}],"about":[{"href":"https:\/\/e-parts.dk\/de\/wp-json\/wp\/v2\/types\/page"}],"author":[{"embeddable":true,"href":"https:\/\/e-parts.dk\/de\/wp-json\/wp\/v2\/users\/1"}],"replies":[{"embeddable":true,"href":"https:\/\/e-parts.dk\/de\/wp-json\/wp\/v2\/comments?post=16788"}],"version-history":[{"count":0,"href":"https:\/\/e-parts.dk\/de\/wp-json\/wp\/v2\/pages\/16788\/revisions"}],"wp:attachment":[{"href":"https:\/\/e-parts.dk\/de\/wp-json\/wp\/v2\/media?parent=16788"}],"curies":[{"name":"wp","href":"https:\/\/api.w.org\/{rel}","templated":true}]}}