{"id":16749,"date":"2017-02-09T18:28:20","date_gmt":"2017-02-09T17:28:20","guid":{"rendered":"https:\/\/e-parts.dk\/?page_id=16749"},"modified":"2023-01-31T13:36:12","modified_gmt":"2023-01-31T12:36:12","slug":"preisinfo","status":"publish","type":"page","link":"https:\/\/e-parts.dk\/de\/preisinfo\/","title":{"rendered":"Preisinfo"},"content":{"rendered":"\n\n\n<p>e-parts Ersatzteile aus originaler Qualit\u00e4t erm\u00f6glichen den Kauf an Kunden, die den hohen Preis f\u00fcr die Ersatzteile der Autohersteller nicht zahlen wollen. Der attraktive Preis und die hohe Qualit\u00e4t der e-parts Ersatzteile stellen eine gute Alternative zu den Verschlei\u00dfteilen der Autohersteller dar. Durch den Verkauf von e-parts Ersatzteilen kann man somit die Kunden l\u00e4nger festhalten \u2013 zugunsten des Verdienstes im ganzen Gesch\u00e4ft!<\/p>\n\n\n\n<p>Beim Vergleich der Preise wird enth\u00fcllt, dass Sie bis zu 60 % sparen k\u00f6nnen, wenn sie die Ersatzteile von e-parts statt deren der Autohersteller w\u00e4hlen.<\/p>\n\n\n\n<p>Wir haben gew\u00e4hlt, Ihre Nettopreise direkt auf unserer Webseite anzugeben. Der empfohlene Verkaufspreis wird als Faustregel das Zweifache ausmachen.<\/p>\n","protected":false},"excerpt":{"rendered":"<p>e-parts Ersatzteile aus originaler Qualit\u00e4t erm\u00f6glichen den Kauf an Kunden, die den hohen Preis f\u00fcr die Ersatzteile der Autohersteller nicht zahlen wollen. Der attraktive Preis und die hohe Qualit\u00e4t der e-parts Ersatzteile stellen eine gute Alternative zu den Verschlei\u00dfteilen der Autohersteller dar. Durch den Verkauf von e-parts Ersatzteilen kann man somit die Kunden l\u00e4nger festhalten [&hellip;]<\/p>\n","protected":false},"author":919,"featured_media":0,"parent":0,"menu_order":0,"comment_status":"closed","ping_status":"closed","template":"","meta":{"_seopress_robots_primary_cat":"","_seopress_titles_title":"","_seopress_titles_desc":"","_seopress_robots_index":"","_mo_disable_npp":"","iawp_total_views":0,"footnotes":""},"class_list":["post-16749","page","type-page","status-publish","hentry"],"blocksy_meta":{"styles_descriptor":{"styles":{"desktop":"","tablet":"","mobile":""},"google_fonts":[],"version":6}},"_links":{"self":[{"href":"https:\/\/e-parts.dk\/de\/wp-json\/wp\/v2\/pages\/16749","targetHints":{"allow":["GET"]}}],"collection":[{"href":"https:\/\/e-parts.dk\/de\/wp-json\/wp\/v2\/pages"}],"about":[{"href":"https:\/\/e-parts.dk\/de\/wp-json\/wp\/v2\/types\/page"}],"author":[{"embeddable":true,"href":"https:\/\/e-parts.dk\/de\/wp-json\/wp\/v2\/users\/919"}],"replies":[{"embeddable":true,"href":"https:\/\/e-parts.dk\/de\/wp-json\/wp\/v2\/comments?post=16749"}],"version-history":[{"count":0,"href":"https:\/\/e-parts.dk\/de\/wp-json\/wp\/v2\/pages\/16749\/revisions"}],"wp:attachment":[{"href":"https:\/\/e-parts.dk\/de\/wp-json\/wp\/v2\/media?parent=16749"}],"curies":[{"name":"wp","href":"https:\/\/api.w.org\/{rel}","templated":true}]}}