{"id":16747,"date":"2017-01-25T06:40:03","date_gmt":"2017-01-25T05:40:03","guid":{"rendered":"https:\/\/e-parts.dk\/?page_id=16747"},"modified":"2023-01-31T13:33:04","modified_gmt":"2023-01-31T12:33:04","slug":"uber-e-parts","status":"publish","type":"page","link":"https:\/\/e-parts.dk\/de\/uber-e-parts\/","title":{"rendered":"\u00dcber e-parts"},"content":{"rendered":"<p>e-parts a\/s ist eine d\u00e4nische Handelsgesellschaft, die sich auf den Handel mit Ersatzteilen in Originalqualit\u00e4t, jedoch zu vern\u00fcnftigen Preisen spezialisiert hat. F\u00fcr die Kataloge und die Auftragsabwicklung wird weitestgehend das Internet genutzt. Dadurch werden Kosten minimiert, wovon letztendlich auch Sie profitieren! e-parts a\/s geh\u00f6rt zur Andersen Motors-Gruppe, die auf mehr als 30 Jahre Erfahrung zur\u00fcckblicken kann. Wir verf\u00fcgen daher \u00fcber umfangreiche Spezialkenntnisse und haben den Gro\u00dfteil unserer Ersatzteile an den entsprechenden Fahrzeugen getestet. e-parts ist ein eingetragenes Warenzeichen, das f\u00fcr Internethandel mit Ersatzteilen von einmaliger Qualit\u00e4t steht. Wir verkaufen ausschlie\u00dflich an professionelle H\u00e4ndler, da unsere Produkte in die besten H\u00e4nde geh\u00f6ren. e-parts a\/s Unionsvej 16 DK 4600 K\u00f8ge Tel.: +45 56 67 11 35 Fax: +45 56 65 11 32 e-mail: info@e-parts.dk Unsere Bank-Nummern sind: Bank: Nordea Bank Konto Nr.: 2233 5036 022 878 Swift Nr.: NDEADKKK Iban Nr.: DK83 2000 5036 0228 78<\/p>\n\n\n<p><\/p>\n\n\n\n<p><\/p>\n","protected":false},"excerpt":{"rendered":"<p>e-parts a\/s ist eine d\u00e4nische Handelsgesellschaft, die sich auf den Handel mit Ersatzteilen in Originalqualit\u00e4t, jedoch zu vern\u00fcnftigen Preisen spezialisiert hat. F\u00fcr die Kataloge und die Auftragsabwicklung wird weitestgehend das Internet genutzt. Dadurch werden Kosten minimiert, wovon letztendlich auch Sie profitieren! e-parts a\/s geh\u00f6rt zur Andersen Motors-Gruppe, die auf mehr als 30 Jahre Erfahrung zur\u00fcckblicken [&hellip;]<\/p>\n","protected":false},"author":919,"featured_media":0,"parent":0,"menu_order":0,"comment_status":"closed","ping_status":"closed","template":"","meta":{"_seopress_robots_primary_cat":"","_seopress_titles_title":"","_seopress_titles_desc":"","_seopress_robots_index":"","_mo_disable_npp":"","iawp_total_views":0,"footnotes":""},"class_list":["post-16747","page","type-page","status-publish","hentry"],"blocksy_meta":{"styles_descriptor":{"styles":{"desktop":"","tablet":"","mobile":""},"google_fonts":[],"version":6}},"_links":{"self":[{"href":"https:\/\/e-parts.dk\/de\/wp-json\/wp\/v2\/pages\/16747","targetHints":{"allow":["GET"]}}],"collection":[{"href":"https:\/\/e-parts.dk\/de\/wp-json\/wp\/v2\/pages"}],"about":[{"href":"https:\/\/e-parts.dk\/de\/wp-json\/wp\/v2\/types\/page"}],"author":[{"embeddable":true,"href":"https:\/\/e-parts.dk\/de\/wp-json\/wp\/v2\/users\/919"}],"replies":[{"embeddable":true,"href":"https:\/\/e-parts.dk\/de\/wp-json\/wp\/v2\/comments?post=16747"}],"version-history":[{"count":0,"href":"https:\/\/e-parts.dk\/de\/wp-json\/wp\/v2\/pages\/16747\/revisions"}],"wp:attachment":[{"href":"https:\/\/e-parts.dk\/de\/wp-json\/wp\/v2\/media?parent=16747"}],"curies":[{"name":"wp","href":"https:\/\/api.w.org\/{rel}","templated":true}]}}