{"id":16743,"date":"2017-02-09T18:25:15","date_gmt":"2017-02-09T17:25:15","guid":{"rendered":"https:\/\/e-parts.dk\/?page_id=16743"},"modified":"2023-01-31T13:26:02","modified_gmt":"2023-01-31T12:26:02","slug":"garantie","status":"publish","type":"page","link":"https:\/\/e-parts.dk\/de\/garantie\/","title":{"rendered":"Garantie"},"content":{"rendered":"<p>Ersatzteile in Originalqualit\u00e4t<br \/>\nBei e-parts A\/S haben wir nie die Qualit\u00e4t der von uns verhandelten Ersatzteile und Zubeh\u00f6rsteile bezweifelt und es war deshalb nicht schwierig, die Einf\u00fchrung einer 3-j\u00e4hrigen Garantie zu beschliessen.<\/p>\n<p>Alle Ersatzteile im Programm von e-parts sind Matching Quality Parts (qualitativ gleichwertige Ersatzteile), was heisst, dass all unsere Ersatzteile dieselbe Qualit\u00e4t haben, wie die vom Hersteller montierten Ersatzteile.<\/p>\n<p>Die Garantie deckt Produktionsfehler und Materialfehler.<\/p>\n<p>Die Garantie umfasst nicht normalen Verschlei\u00df, falsche Verwendung oder eventuelle Fehlmontage.<\/p>\n","protected":false},"excerpt":{"rendered":"<p>Ersatzteile in Originalqualit\u00e4t Bei e-parts A\/S haben wir nie die Qualit\u00e4t der von uns verhandelten Ersatzteile und Zubeh\u00f6rsteile bezweifelt und es war deshalb nicht schwierig, die Einf\u00fchrung einer 3-j\u00e4hrigen Garantie zu beschliessen. Alle Ersatzteile im Programm von e-parts sind Matching Quality Parts (qualitativ gleichwertige Ersatzteile), was heisst, dass all unsere Ersatzteile dieselbe Qualit\u00e4t haben, wie [&hellip;]<\/p>\n","protected":false},"author":919,"featured_media":0,"parent":0,"menu_order":0,"comment_status":"closed","ping_status":"closed","template":"","meta":{"_seopress_robots_primary_cat":"","_seopress_titles_title":"","_seopress_titles_desc":"","_seopress_robots_index":"","_mo_disable_npp":"","iawp_total_views":0,"footnotes":""},"class_list":["post-16743","page","type-page","status-publish","hentry"],"blocksy_meta":{"styles_descriptor":{"styles":{"desktop":"","tablet":"","mobile":""},"google_fonts":[],"version":6}},"_links":{"self":[{"href":"https:\/\/e-parts.dk\/de\/wp-json\/wp\/v2\/pages\/16743","targetHints":{"allow":["GET"]}}],"collection":[{"href":"https:\/\/e-parts.dk\/de\/wp-json\/wp\/v2\/pages"}],"about":[{"href":"https:\/\/e-parts.dk\/de\/wp-json\/wp\/v2\/types\/page"}],"author":[{"embeddable":true,"href":"https:\/\/e-parts.dk\/de\/wp-json\/wp\/v2\/users\/919"}],"replies":[{"embeddable":true,"href":"https:\/\/e-parts.dk\/de\/wp-json\/wp\/v2\/comments?post=16743"}],"version-history":[{"count":0,"href":"https:\/\/e-parts.dk\/de\/wp-json\/wp\/v2\/pages\/16743\/revisions"}],"wp:attachment":[{"href":"https:\/\/e-parts.dk\/de\/wp-json\/wp\/v2\/media?parent=16743"}],"curies":[{"name":"wp","href":"https:\/\/api.w.org\/{rel}","templated":true}]}}