{"id":16740,"date":"2017-02-09T18:03:36","date_gmt":"2017-02-09T17:03:36","guid":{"rendered":"https:\/\/e-parts.dk\/?page_id=16740"},"modified":"2023-01-31T13:21:42","modified_gmt":"2023-01-31T12:21:42","slug":"dokumentation","status":"publish","type":"page","link":"https:\/\/e-parts.dk\/de\/dokumentation\/","title":{"rendered":"Dokumentation"},"content":{"rendered":"<p>THIS PAGE HAS NOT YET BEEN TRANSLATED INTO GERMAN<\/p>\n<table style=\"width: 100%;\" border=\"0\">\n<thead>\n<tr>\n<td><a href=\"https:\/\/e-parts.dk\/images\/assets\/PDF\/mazda\/oversigt.pdf\">Oversigt<\/a><\/td>\n<td><a href=\"https:\/\/e-parts.dk\/images\/assets\/PDF\/mazda\/bremseklodser.pdf\">Bremsebakker<\/a><\/td>\n<td><a href=\"https:\/\/e-parts.dk\/images\/assets\/PDF\/mazda\/bremseklodser.pdf\">Bremseklodser<\/a><\/td>\n<\/tr>\n<\/thead>\n<tbody>\n<tr>\n<td><a href=\"https:\/\/e-parts.dk\/images\/assets\/PDF\/mazda\/bremseroer.pdf\">Bremser\u00f8r<\/a><\/td>\n<td><a href=\"https:\/\/e-parts.dk\/images\/assets\/PDF\/mazda\/bremseskiver.pdf\">Bremseskiver<\/a><\/td>\n<td><a href=\"https:\/\/e-parts.dk\/images\/assets\/PDF\/mazda\/baerearme.pdf\">B\u00e6rearme<\/a><\/td>\n<\/tr>\n<tr>\n<td><a href=\"https:\/\/e-parts.dk\/images\/assets\/PDF\/mazda\/calipre.pdf\">Calipre<\/a><\/td>\n<td><a href=\"https:\/\/e-parts.dk\/images\/assets\/PDF\/mazda\/drivled.pdf\">Drivled<\/a><\/td>\n<td><a href=\"https:\/\/e-parts.dk\/images\/assets\/PDF\/mazda\/filtre.pdf\">Filtre<\/a><\/td>\n<\/tr>\n<tr>\n<td><a href=\"https:\/\/e-parts.dk\/images\/assets\/PDF\/mazda\/hjulcyl.pdf\">Hjulcylindre<\/a><\/td>\n<td><a href=\"https:\/\/e-parts.dk\/images\/assets\/PDF\/mazda\/haandbremsekabler.pdf\">H\u00e5ndbremsekabler<\/a><\/td>\n<td><a href=\"https:\/\/e-parts.dk\/images\/assets\/PDF\/mazda\/koelerekondensorer.pdf\">K\u00f8lere<\/a><\/td>\n<\/tr>\n<tr>\n<td><a href=\"https:\/\/e-parts.dk\/images\/assets\/PDF\/mazda\/koelerekondensorer.pdf\">Kondensorer<\/a><\/td>\n<td><a href=\"https:\/\/e-parts.dk\/images\/assets\/PDF\/mazda\/manchetterstyrekugler.pdf\">Manchetter<\/a><\/td>\n<td><a href=\"https:\/\/e-parts.dk\/images\/assets\/PDF\/mazda\/remme.pdf\">Remme<\/a><\/td>\n<\/tr>\n<tr>\n<td><a href=\"https:\/\/e-parts.dk\/images\/assets\/PDF\/mazda\/manchetterstyrekugler.pdf\">Styrekugler<\/a><\/td>\n<td><a href=\"https:\/\/e-parts.dk\/images\/assets\/PDF\/mazda\/taendkabler.pdf\">T\u00e6ndkabler<\/a><\/td>\n<td><a href=\"https:\/\/e-parts.dk\/images\/assets\/PDF\/mazda\/taendroer.pdf\">T\u00e6ndr\u00f8r<\/a><\/td>\n<\/tr>\n<tr>\n<td><a href=\"https:\/\/e-parts.dk\/images\/assets\/PDF\/mazda\/stabilisatorer.pdf\">Stabilisatorer<\/a><\/td>\n<td><a href=\"https:\/\/e-parts.dk\/images\/assets\/PDF\/mazda\/staalfaelge.pdf\">St\u00e5lf\u00e6lge<\/a><\/td>\n<td><a href=\"https:\/\/e-parts.dk\/images\/assets\/PDF\/mazda\/udstoedning.pdf\">Udst\u00f8dning<\/a><\/td>\n<\/tr>\n<tr>\n<td><a href=\"https:\/\/e-parts.dk\/images\/assets\/PDF\/mazda\/viskerblade.pdf\">Viskerblade<\/a><\/td>\n<td><\/td>\n<td><\/td>\n<\/tr>\n<\/tbody>\n<\/table>\n","protected":false},"excerpt":{"rendered":"<p>THIS PAGE HAS NOT YET BEEN TRANSLATED INTO GERMAN Oversigt Bremsebakker Bremseklodser Bremser\u00f8r Bremseskiver B\u00e6rearme Calipre Drivled Filtre Hjulcylindre H\u00e5ndbremsekabler K\u00f8lere Kondensorer Manchetter Remme Styrekugler T\u00e6ndkabler T\u00e6ndr\u00f8r Stabilisatorer St\u00e5lf\u00e6lge Udst\u00f8dning Viskerblade<\/p>\n","protected":false},"author":919,"featured_media":0,"parent":0,"menu_order":0,"comment_status":"closed","ping_status":"closed","template":"","meta":{"_seopress_robots_primary_cat":"","_seopress_titles_title":"","_seopress_titles_desc":"","_seopress_robots_index":"","_mo_disable_npp":"","iawp_total_views":0,"footnotes":""},"class_list":["post-16740","page","type-page","status-publish","hentry"],"blocksy_meta":{"styles_descriptor":{"styles":{"desktop":"","tablet":"","mobile":""},"google_fonts":[],"version":6}},"_links":{"self":[{"href":"https:\/\/e-parts.dk\/de\/wp-json\/wp\/v2\/pages\/16740","targetHints":{"allow":["GET"]}}],"collection":[{"href":"https:\/\/e-parts.dk\/de\/wp-json\/wp\/v2\/pages"}],"about":[{"href":"https:\/\/e-parts.dk\/de\/wp-json\/wp\/v2\/types\/page"}],"author":[{"embeddable":true,"href":"https:\/\/e-parts.dk\/de\/wp-json\/wp\/v2\/users\/919"}],"replies":[{"embeddable":true,"href":"https:\/\/e-parts.dk\/de\/wp-json\/wp\/v2\/comments?post=16740"}],"version-history":[{"count":0,"href":"https:\/\/e-parts.dk\/de\/wp-json\/wp\/v2\/pages\/16740\/revisions"}],"wp:attachment":[{"href":"https:\/\/e-parts.dk\/de\/wp-json\/wp\/v2\/media?parent=16740"}],"curies":[{"name":"wp","href":"https:\/\/api.w.org\/{rel}","templated":true}]}}